{"id":906,"date":"2018-12-10T06:52:43","date_gmt":"2018-12-10T06:52:43","guid":{"rendered":"https:\/\/oil.jungent.eu\/how-to-choose\/"},"modified":"2022-05-11T18:03:37","modified_gmt":"2022-05-11T15:03:37","slug":"ellas-mekletajs-shell-lubematch","status":"publish","type":"page","link":"https:\/\/oil.jungent.eu\/lv\/ellas-mekletajs-shell-lubematch\/","title":{"rendered":"E\u013b\u013bAS MEKL\u0112T\u0100JS"},"content":{"rendered":"<style type=\"text\/css\">\r\n       .errordiv { padding:10px; margin:10px; border: 1px solid #555555;color: #000000;background-color: #f8f8f8; width:500px; }#advanced_iframe {visibility:visible;opacity:1;vertical-align:top;}.ai-info-bottom-iframe { position: fixed; z-index: 10000; bottom:0; left: 0; margin: 0px; text-align: center; width: 100%; background-color: #ff9999; padding-left: 5px;padding-bottom: 5px; border-top: 1px solid #aaa } a.ai-bold {font-weight: bold;}#ai-layer-div-advanced_iframe p {height:100%;margin:0;padding:0}<\/style><script type=\"text\/javascript\">var ai_iframe_width_advanced_iframe = 0;var ai_iframe_height_advanced_iframe = 0;var aiIsIe8=false;var aiOnloadScrollTop=\"true\";var aiShowDebug=false;\r\n\t\tif (typeof aiReadyCallbacks === 'undefined') {\r\n\t\t\tvar aiReadyCallbacks = [];  \r\n\t\t} else if (!(aiReadyCallbacks instanceof Array)) {\r\n\t\t\tvar aiReadyCallbacks = [];\r\n\t\t}    function aiShowIframeId(id_iframe) { jQuery(\"#\"+id_iframe).css(\"visibility\", \"visible\");    }    function aiResizeIframeHeight(height) { aiResizeIframeHeight(height,advanced_iframe); }    function aiResizeIframeHeightId(height,width,id) {aiResizeIframeHeightById(id,height);}<\/script><iframe id=\"advanced_iframe\"  name=\"advanced_iframe\"  src=\"https:\/\/www.shell.com\/motorist\/lubematch-partners\/oil-jungent-eu\/_jcr_content\/par\/iframedapp.static\/iframe.html\"  width=\"100%\"  height=\"800\"  scrolling=\"auto\"  frameborder=\"0\"  allowtransparency=\"true\"  loading=\"lazy\"  style=\";width:100%;height:800px;\"  onload='aiResizeIframe(this, &amp;quot;false&amp;quot;,&amp;quot;1&amp;quot;);;aiResizeIframe(this, &quot;false&quot;,&quot;1&quot;)' ><\/iframe><script type=\"text\/javascript\">var ifrm_advanced_iframe = document.getElementById(\"advanced_iframe\");var hiddenTabsDoneadvanced_iframe = false;\r\nfunction resizeCallbackadvanced_iframe() {}<\/script><script type=\"text\/javascript\"><\/script>\n<p>&nbsp;<\/p>\n","protected":false},"excerpt":{"rendered":"<p>&nbsp;<\/p>\n","protected":false},"author":2,"featured_media":0,"parent":0,"menu_order":0,"comment_status":"closed","ping_status":"closed","template":"","meta":{"_acf_changed":false,"_monsterinsights_skip_tracking":false,"_monsterinsights_sitenote_active":false,"_monsterinsights_sitenote_note":"","_monsterinsights_sitenote_category":0,"footnotes":""},"class_list":["post-906","page","type-page","status-publish","hentry"],"acf":[],"_links":{"self":[{"href":"https:\/\/oil.jungent.eu\/lv\/wp-json\/wp\/v2\/pages\/906","targetHints":{"allow":["GET"]}}],"collection":[{"href":"https:\/\/oil.jungent.eu\/lv\/wp-json\/wp\/v2\/pages"}],"about":[{"href":"https:\/\/oil.jungent.eu\/lv\/wp-json\/wp\/v2\/types\/page"}],"author":[{"embeddable":true,"href":"https:\/\/oil.jungent.eu\/lv\/wp-json\/wp\/v2\/users\/2"}],"replies":[{"embeddable":true,"href":"https:\/\/oil.jungent.eu\/lv\/wp-json\/wp\/v2\/comments?post=906"}],"version-history":[{"count":19,"href":"https:\/\/oil.jungent.eu\/lv\/wp-json\/wp\/v2\/pages\/906\/revisions"}],"predecessor-version":[{"id":8994,"href":"https:\/\/oil.jungent.eu\/lv\/wp-json\/wp\/v2\/pages\/906\/revisions\/8994"}],"wp:attachment":[{"href":"https:\/\/oil.jungent.eu\/lv\/wp-json\/wp\/v2\/media?parent=906"}],"curies":[{"name":"wp","href":"https:\/\/api.w.org\/{rel}","templated":true}]}}