{"id":795,"date":"2018-12-10T06:01:13","date_gmt":"2018-12-10T06:01:13","guid":{"rendered":"https:\/\/oil.jungent.eu\/contact\/"},"modified":"2024-07-05T12:27:44","modified_gmt":"2024-07-05T09:27:44","slug":"kontakti","status":"publish","type":"page","link":"https:\/\/oil.jungent.eu\/lv\/kontakti\/","title":{"rendered":"Kontakti"},"content":{"rendered":"<div class=\"wpb-content-wrapper\">[vc_row][vc_column][vc_raw_js]JTNDc2NyaXB0JTNFJTBBJTIwJTIwZ3RhZyUyOCUyN2V2ZW50JTI3JTJDJTIwJTI3Y29udmVyc2lvbiUyNyUyQyUyMCU3QiUyN3NlbmRfdG8lMjclM0ElMjAlMjdBVy05OTI3MTA1NTglMkZnTzc0Q0stOXJjd0JFSjZmcnRrRCUyNyU3RCUyOSUzQiUwQSUzQyUyRnNjcmlwdCUzRQ==[\/vc_raw_js][\/vc_column][\/vc_row][vc_row el_class=&#8221;container&#8221;][vc_column]\n\t\t\t<!-- START Contact Slider REVOLUTION SLIDER 6.7.38 --><p class=\"rs-p-wp-fix\"><\/p>\n\t\t\t<rs-module-wrap id=\"rev_slider_2_1_wrapper\" data-source=\"gallery\" style=\"visibility:hidden;background:transparent;padding:0;margin:0px auto;margin-top:0;margin-bottom:0;\">\n\t\t\t\t<rs-module id=\"rev_slider_2_1\" style=\"\" data-version=\"6.7.38\">\n\t\t\t\t\t<rs-slides style=\"overflow: hidden; position: absolute;\">\n\t\t\t\t\t\t<rs-slide style=\"position: absolute;\" data-key=\"rs-3\" data-title=\"Slide\" data-duration=\"38950\" data-anim=\"ms:600;\" data-in=\"o:0;\" data-out=\"a:false;\">\n\t\t\t\t\t\t\t<img decoding=\"async\" src=\"\/\/oil.jungent.eu\/wp-content\/plugins\/revslider\/sr6\/assets\/assets\/dummy.png\" alt=\"\" title=\"Contacts_v2\" width=\"1920\" height=\"400\" class=\"rev-slidebg tp-rs-img rs-lazyload\" data-lazyload=\"\/\/oil.jungent.eu\/wp-content\/uploads\/2019\/10\/Contacts_v2.jpg\" data-no-retina>\n<!--\n\t\t\t\t\t\t\t--><rs-layer\n\t\t\t\t\t\t\t\tid=\"slider-2-slide-3-layer-0\" \n\t\t\t\t\t\t\t\tdata-type=\"shape\"\n\t\t\t\t\t\t\t\tdata-rsp_ch=\"on\"\n\t\t\t\t\t\t\t\tdata-xy=\"xo:-45px,23px,8px,16px;yo:34px,29px,31px,14px;\"\n\t\t\t\t\t\t\t\tdata-text=\"w:normal;s:20,16,12,7;l:0,20,15,9;\"\n\t\t\t\t\t\t\t\tdata-dim=\"w:490px,423px,437px,454px;h:219px,215px,241px,273px;\"\n\t\t\t\t\t\t\t\tdata-border=\"bor:25px,25px,25px,25px;\"\n\t\t\t\t\t\t\t\tdata-frame_0=\"x:0,0,0px,0px;y:0,0,0px,0px;\"\n\t\t\t\t\t\t\t\tdata-frame_1=\"x:0,0,0px,0px;y:0,0,0px,0px;\"\n\t\t\t\t\t\t\t\tdata-frame_999=\"o:0;st:w;sR:38650;\"\n\t\t\t\t\t\t\t\tstyle=\"z-index:6;background-color:#ffc600;\"\n\t\t\t\t\t\t\t> \n\t\t\t\t\t\t\t<\/rs-layer><!--\n\n\t\t\t\t\t\t\t--><rs-layer\n\t\t\t\t\t\t\t\tid=\"slider-2-slide-3-layer-1\" \n\t\t\t\t\t\t\t\tdata-type=\"image\"\n\t\t\t\t\t\t\t\tdata-rsp_ch=\"on\"\n\t\t\t\t\t\t\t\tdata-xy=\"xo:-650px,-536px,-407px,-251px;yo:-663px,-547px,-415px,-256px;\"\n\t\t\t\t\t\t\t\tdata-text=\"w:normal;s:20,16,12,7;l:0,20,15,9;\"\n\t\t\t\t\t\t\t\tdata-dim=\"w:2560px,2114px,1606px,990px;h:1613px,1332px,1012px,624px;\"\n\t\t\t\t\t\t\t\tdata-frame_999=\"o:0;st:w;\"\n\t\t\t\t\t\t\t\tstyle=\"z-index:7;\"\n\t\t\t\t\t\t\t><img decoding=\"async\" src=\"\/\/oil.jungent.eu\/wp-content\/plugins\/revslider\/sr6\/assets\/assets\/dummy.png\" alt=\"\" class=\"tp-rs-img rs-lazyload\" width=\"2560\" height=\"1613\" data-lazyload=\"\/\/oil.jungent.eu\/wp-content\/uploads\/2024\/07\/Shell-Brand-Expression-Mac-Wallpaper-1-1-scaled.jpg\" data-no-retina> \n\t\t\t\t\t\t\t<\/rs-layer><!--\n\n\t\t\t\t\t\t\t--><rs-layer\n\t\t\t\t\t\t\t\tid=\"slider-2-slide-3-layer-2\" \n\t\t\t\t\t\t\t\tdata-type=\"text\"\n\t\t\t\t\t\t\t\tdata-color=\"#4a4a4a\"\n\t\t\t\t\t\t\t\tdata-rsp_ch=\"on\"\n\t\t\t\t\t\t\t\tdata-xy=\"xo:469px,46px,45px,118px;y:m;yo:-53px,-75px,-70px,-82px;\"\n\t\t\t\t\t\t\t\tdata-text=\"s:50;l:22;fw:700;\"\n\t\t\t\t\t\t\t\tdata-dim=\"w:256px,auto,auto,auto;\"\n\t\t\t\t\t\t\t\tdata-frame_0=\"y:-50px;\"\n\t\t\t\t\t\t\t\tdata-frame_1=\"e:power2.inOut;\"\n\t\t\t\t\t\t\t\tdata-frame_999=\"y:-50px;o:0;e:nothing;st:w;sp:2;sR:38650;\"\n\t\t\t\t\t\t\t\tdata-loop_999=\"sp:4000;e:linearEaseNone;yym:t;yys:t;yyf:t;\"\n\t\t\t\t\t\t\t\tstyle=\"z-index:8;font-family:'Open Sans';\"\n\t\t\t\t\t\t\t>KONTAKTI \n\t\t\t\t\t\t\t<\/rs-layer><!--\n\n\t\t\t\t\t\t\t--><rs-layer\n\t\t\t\t\t\t\t\tid=\"slider-2-slide-3-layer-3\" \n\t\t\t\t\t\t\t\tdata-type=\"text\"\n\t\t\t\t\t\t\t\tdata-color=\"#4a4a4a\"\n\t\t\t\t\t\t\t\tdata-rsp_ch=\"on\"\n\t\t\t\t\t\t\t\tdata-xy=\"xo:470px,48px,46px,51px;yo:133px,110px,126px,116px;\"\n\t\t\t\t\t\t\t\tdata-text=\"s:20,20,20,21;l:30,30,30,35;\"\n\t\t\t\t\t\t\t\tdata-dim=\"w:auto,auto,380px,397px;h:auto,auto,124px,212px;\"\n\t\t\t\t\t\t\t\tdata-frame_1=\"e:power2.inOut;st:500;sR:500;\"\n\t\t\t\t\t\t\t\tdata-frame_999=\"o:0;e:nothing;st:w;sp:2;sR:38150;\"\n\t\t\t\t\t\t\t\tdata-loop_999=\"sp:4000;e:linearEaseNone;yym:t;yys:t;yyf:t;\"\n\t\t\t\t\t\t\t\tstyle=\"z-index:9;font-family:'Roboto';\"\n\t\t\t\t\t\t\t>Jungent Latvia AS<br>\n<nav>\n<i class=\"fa-home\"><\/i><a href=\"https:\/\/maps.app.goo.gl\/th2xv8Bv6FK2mPQs8\" target=\"_blank\" rel=\"noopener\"> Skanstes iela 27, R\u012bga<\/a>\n<\/nav>\n<i class=\"fa-phone-square\"><\/i> <a href=\"tel:+37128653089\">+371 2865 3089<\/a><br>\n<i class=\"material-icons\">alternate_email<\/i> <a href=\"mailto:oil@jungent.eu\"> \n oil@jungent.eu<\/a>\n<br \/> \n\t\t\t\t\t\t\t<\/rs-layer><!--\n-->\t\t\t\t\t<\/rs-slide>\n\t\t\t\t\t<\/rs-slides>\n\t\t\t\t<\/rs-module>\n\t\t\t\t<script>\n\t\t\t\t\tsetREVStartSize({c: 'rev_slider_2_1',rl:[1240,1024,778,480],el:[300,300,300,300],gw:[1240,1024,778,480],gh:[300,300,300,300],type:'standard',justify:'',layout:'fullwidth',mh:\"0\"});if (window.RS_MODULES!==undefined && window.RS_MODULES.modules!==undefined && window.RS_MODULES.modules[\"revslider21\"]!==undefined) {window.RS_MODULES.modules[\"revslider21\"].once = false;window.revapi2 = undefined;if (window.RS_MODULES.checkMinimal!==undefined) window.RS_MODULES.checkMinimal()}\n\t\t\t\t<\/script>\n\t\t\t<\/rs-module-wrap>\n\t\t\t<!-- END REVOLUTION SLIDER -->\n[\/vc_column][\/vc_row][vc_row content_placement=&#8221;middle&#8221; el_class=&#8221;container&#8221;][vc_column][vc_empty_space]<link rel=\"stylesheet\" href=\"https:\/\/oil.jungent.eu\/wp-content\/plugins\/indeed-my-team-vc\/themes\/theme_5\/style.css\" type=\"text\/css\" media=\"all\"><link rel=\"stylesheet\" href=\"https:\/\/oil.jungent.eu\/wp-content\/plugins\/indeed-my-team-vc\/layouts\/style_f8ba01.css\" type=\"text\/css\" media=\"all\"><div class='style_f8ba01'><div class='theme_5 pag-theme1'><div class='ict_wrapp'><div class='ict_content_cl imt-column-4' id='indeed_carousel_view_widget_2831' ><ul id='indeed_ul_2831_1' ><li style= ' width: calc(25% - 1px)'>\r\n<div class=\"team-member\">\r\n<div class=\"member-img\">\r\n <a  class='imt-cursor' onclick='displayModalInfo(10823, \"center_popup\");' >\r\n <img decoding=\"async\" title=\"Raimonds Sauja\" src=\"https:\/\/oil.jungent.eu\/wp-content\/uploads\/2024\/11\/Raimonds-1.png\" alt=\"\"\/>\r\n <\/a>\r\n <div class=\"member-desc\">\r\n\t\r\n  <\/div>\r\n<\/div>\r\n<div class=\"member-content\">\r\n<div class=\"member-name\">\r\n<a  class='imt-cursor' onclick='displayModalInfo(10823, \"center_popup\");' >\r\nRaimonds Sauja\r\n<\/a> \r\n<\/div>\t\r\n<div class=\"imtvc-text-align\">\r\n<div class=\"member-job\">\r\nShell tirdzniec\u012bbas vad\u012bt\u0101js Latvij\u0101\r\n <\/div>\r\n <\/div>\r\n<div class=\"member-skills-wrapper\">\r\n    \r\n<\/div>\r\n<div class=\"member-social\">\r\n\t\r\n  <\/div>\r\n<div class=\"member-email\">\r\n<i class=\"glyphicont-envelope\"><\/i> <a href=\"mailto:raimonds.sauja@jungent.eu\">raimonds.sauja@jungent.eu<\/a>\r\n<\/div>\r\n<div class=\"member-web\">\r\n\r\n<\/div>\r\n<div class=\"member-phone\">\r\n<i class=\"icont-phone\"><\/i> <a href=\"tel:+3712574 0437\">+371 2574 0437<\/a>\r\n<\/div>\r\n<div class=\"member-location\">\r\n\r\n<\/div>\r\n<\/div>\r\n<\/li><li style= ' width: calc(25% - 1px)'>\r\n<div class=\"team-member\">\r\n<div class=\"member-img\">\r\n <a  class='imt-cursor' onclick='displayModalInfo(10826, \"center_popup\");' >\r\n <img decoding=\"async\" title=\"Ronalds Dzelme\" src=\"https:\/\/oil.jungent.eu\/wp-content\/uploads\/2024\/11\/Ronalds-1.png\" alt=\"\"\/>\r\n <\/a>\r\n <div class=\"member-desc\">\r\n\t\r\n  <\/div>\r\n<\/div>\r\n<div class=\"member-content\">\r\n<div class=\"member-name\">\r\n<a  class='imt-cursor' onclick='displayModalInfo(10826, \"center_popup\");' >\r\nRonalds Dzelme\r\n<\/a> \r\n<\/div>\t\r\n<div class=\"imtvc-text-align\">\r\n<div class=\"member-job\">\r\nShell m\u0101rketinga vad\u012bt\u0101js Baltij\u0101\r\n <\/div>\r\n <\/div>\r\n<div class=\"member-skills-wrapper\">\r\n    \r\n<\/div>\r\n<div class=\"member-social\">\r\n\t\r\n  <\/div>\r\n<div class=\"member-email\">\r\n<i class=\"glyphicont-envelope\"><\/i> <a href=\"mailto:ronalds.dzelme@jungent.eu\">ronalds.dzelme@jungent.eu<\/a>\r\n<\/div>\r\n<div class=\"member-web\">\r\n\r\n<\/div>\r\n<div class=\"member-phone\">\r\n<i class=\"icont-phone\"><\/i> <a href=\"tel:+37120081802\">+371 20081802<\/a>\r\n<\/div>\r\n<div class=\"member-location\">\r\n\r\n<\/div>\r\n<\/div>\r\n<\/li><li style= ' width: calc(25% - 1px)'>\r\n<div class=\"team-member\">\r\n<div class=\"member-img\">\r\n <a  class='imt-cursor' onclick='displayModalInfo(10819, \"center_popup\");' >\r\n <img decoding=\"async\" title=\"Raivis V\u0113rdi\u0146\u0161\" src=\"https:\/\/oil.jungent.eu\/wp-content\/uploads\/2024\/11\/Raivis-1.png\" alt=\"\"\/>\r\n <\/a>\r\n <div class=\"member-desc\">\r\n\t\r\n  <\/div>\r\n<\/div>\r\n<div class=\"member-content\">\r\n<div class=\"member-name\">\r\n<a  class='imt-cursor' onclick='displayModalInfo(10819, \"center_popup\");' >\r\nRaivis V\u0113rdi\u0146\u0161\r\n<\/a> \r\n<\/div>\t\r\n<div class=\"imtvc-text-align\">\r\n<div class=\"member-job\">\r\nVieglo auto sm\u0113rvielu tirdzniec\u012bbas p\u0101rst\u0101vis\r\n <\/div>\r\n <\/div>\r\n<div class=\"member-skills-wrapper\">\r\n    \r\n<\/div>\r\n<div class=\"member-social\">\r\n\t\r\n  <\/div>\r\n<div class=\"member-email\">\r\n<i class=\"glyphicont-envelope\"><\/i> <a href=\"mailto:raivis.verdins@jungent.eu\">raivis.verdins@jungent.eu<\/a>\r\n<\/div>\r\n<div class=\"member-web\">\r\n\r\n<\/div>\r\n<div class=\"member-phone\">\r\n<i class=\"icont-phone\"><\/i> <a href=\"tel:+37126151239\">+371 26151239<\/a>\r\n<\/div>\r\n<div class=\"member-location\">\r\n\r\n<\/div>\r\n<\/div>\r\n<\/li><li style= ' width: calc(25% - 1px)'>\r\n<div class=\"team-member\">\r\n<div class=\"member-img\">\r\n <a  class='imt-cursor' onclick='displayModalInfo(10820, \"center_popup\");' >\r\n <img decoding=\"async\" title=\"Vadims \u010ci\u017eikovs\" src=\"https:\/\/oil.jungent.eu\/wp-content\/uploads\/2024\/11\/Vadims-1.png\" alt=\"\"\/>\r\n <\/a>\r\n <div class=\"member-desc\">\r\n\t\r\n  <\/div>\r\n<\/div>\r\n<div class=\"member-content\">\r\n<div class=\"member-name\">\r\n<a  class='imt-cursor' onclick='displayModalInfo(10820, \"center_popup\");' >\r\nVadims \u010ci\u017eikovs\r\n<\/a> \r\n<\/div>\t\r\n<div class=\"imtvc-text-align\">\r\n<div class=\"member-job\">\r\nIndustri\u0101lo sm\u0113rvielu tirdzniec\u012bbas p\u0101rst\u0101vis\r\n <\/div>\r\n <\/div>\r\n<div class=\"member-skills-wrapper\">\r\n    \r\n<\/div>\r\n<div class=\"member-social\">\r\n\t\r\n  <\/div>\r\n<div class=\"member-email\">\r\n<i class=\"glyphicont-envelope\"><\/i> <a href=\"mailto:vadims.cizikovs@jungent.eu\">vadims.cizikovs@jungent.eu<\/a>\r\n<\/div>\r\n<div class=\"member-web\">\r\n\r\n<\/div>\r\n<div class=\"member-phone\">\r\n<i class=\"icont-phone\"><\/i> <a href=\"tel:+37126121888\">+371 26121888<\/a>\r\n<\/div>\r\n<div class=\"member-location\">\r\n\r\n<\/div>\r\n<\/div>\r\n<\/li><li style= ' width: calc(25% - 1px)'>\r\n<div class=\"team-member\">\r\n<div class=\"member-img\">\r\n <a  class='imt-cursor' onclick='displayModalInfo(10817, \"center_popup\");' >\r\n <img decoding=\"async\" title=\"Arnis \u0122eris\" src=\"https:\/\/oil.jungent.eu\/wp-content\/uploads\/2024\/11\/Arnis-1.png\" alt=\"\"\/>\r\n <\/a>\r\n <div class=\"member-desc\">\r\n\t\r\n  <\/div>\r\n<\/div>\r\n<div class=\"member-content\">\r\n<div class=\"member-name\">\r\n<a  class='imt-cursor' onclick='displayModalInfo(10817, \"center_popup\");' >\r\nArnis \u0122eris\r\n<\/a> \r\n<\/div>\t\r\n<div class=\"imtvc-text-align\">\r\n<div class=\"member-job\">\r\nSmag\u0101s komerctehnikas sm\u0113rvielu tirdzniec\u012bbas p\u0101rst\u0101vis\r\n <\/div>\r\n <\/div>\r\n<div class=\"member-skills-wrapper\">\r\n    \r\n<\/div>\r\n<div class=\"member-social\">\r\n\t\r\n  <\/div>\r\n<div class=\"member-email\">\r\n<i class=\"glyphicont-envelope\"><\/i> <a href=\"mailto:arnis.geris@jungent.eu\">arnis.geris@jungent.eu<\/a>\r\n<\/div>\r\n<div class=\"member-web\">\r\n\r\n<\/div>\r\n<div class=\"member-phone\">\r\n<i class=\"icont-phone\"><\/i> <a href=\"tel:+37125671529\">+371 25671529<\/a>\r\n<\/div>\r\n<div class=\"member-location\">\r\n\r\n<\/div>\r\n<\/div>\r\n<\/li><li style= ' width: calc(25% - 1px)'>\r\n<div class=\"team-member\">\r\n<div class=\"member-img\">\r\n <a  class='imt-cursor' onclick='displayModalInfo(10821, \"center_popup\");' >\r\n <img decoding=\"async\" title=\"J\u0101nis O\u0161enieks\" src=\"https:\/\/oil.jungent.eu\/wp-content\/uploads\/2024\/11\/Janis-1.png\" alt=\"\"\/>\r\n <\/a>\r\n <div class=\"member-desc\">\r\n\t\r\n  <\/div>\r\n<\/div>\r\n<div class=\"member-content\">\r\n<div class=\"member-name\">\r\n<a  class='imt-cursor' onclick='displayModalInfo(10821, \"center_popup\");' >\r\nJ\u0101nis O\u0161enieks\r\n<\/a> \r\n<\/div>\t\r\n<div class=\"imtvc-text-align\">\r\n<div class=\"member-job\">\r\nTirdzniec\u012bbas p\u0101rst\u0101vis\r\n <\/div>\r\n <\/div>\r\n<div class=\"member-skills-wrapper\">\r\n    \r\n<\/div>\r\n<div class=\"member-social\">\r\n\t\r\n  <\/div>\r\n<div class=\"member-email\">\r\n<i class=\"glyphicont-envelope\"><\/i> <a href=\"mailto:janis.osenieks@jungent.eu\">janis.osenieks@jungent.eu<\/a>\r\n<\/div>\r\n<div class=\"member-web\">\r\n\r\n<\/div>\r\n<div class=\"member-phone\">\r\n<i class=\"icont-phone\"><\/i> <a href=\"tel:+37127839939\">+371 27839939<\/a>\r\n<\/div>\r\n<div class=\"member-location\">\r\n\r\n<\/div>\r\n<\/div>\r\n<\/li><li style= ' width: calc(25% - 1px)'>\r\n<div class=\"team-member\">\r\n<div class=\"member-img\">\r\n <a  class='imt-cursor' onclick='displayModalInfo(10822, \"center_popup\");' >\r\n <img decoding=\"async\" title=\"Ieva L\u0101c\u012bte\" src=\"https:\/\/oil.jungent.eu\/wp-content\/uploads\/2019\/04\/Shell-Klientu-Serviss.png\" alt=\"\"\/>\r\n <\/a>\r\n <div class=\"member-desc\">\r\n\t\r\n  <\/div>\r\n<\/div>\r\n<div class=\"member-content\">\r\n<div class=\"member-name\">\r\n<a  class='imt-cursor' onclick='displayModalInfo(10822, \"center_popup\");' >\r\nIeva L\u0101c\u012bte\r\n<\/a> \r\n<\/div>\t\r\n<div class=\"imtvc-text-align\">\r\n<div class=\"member-job\">\r\nKlientu serviss\r\n <\/div>\r\n <\/div>\r\n<div class=\"member-skills-wrapper\">\r\n    \r\n<\/div>\r\n<div class=\"member-social\">\r\n\t\r\n  <\/div>\r\n<div class=\"member-email\">\r\n<i class=\"glyphicont-envelope\"><\/i> <a href=\"mailto:oil@jungent.eu\">oil@jungent.eu<\/a>\r\n<\/div>\r\n<div class=\"member-web\">\r\n\r\n<\/div>\r\n<div class=\"member-phone\">\r\n<i class=\"icont-phone\"><\/i> <a href=\"tel:+37128653089\">+37128653089<\/a>\r\n<\/div>\r\n<div class=\"member-location\">\r\n\r\n<\/div>\r\n<\/div>\r\n<\/li><div class='clear'><\/div><\/ul><\/div><\/div><\/div><\/div><div id ='imt_modal_id' class='imt-modal-wrapp'><div class='imt-modal-content'><div class='imt-close'>x<\/div><div class='imt-response'><\/div><\/div><\/div>[\/vc_column][\/vc_row][vc_row content_placement=&#8221;middle&#8221; el_class=&#8221;container&#8221;][vc_column][vc_empty_space][\/vc_column][\/vc_row][vc_row][vc_column][vc_raw_html]JTNDZGl2JTIwY2xhc3MlM0QlMjJwaXBlZHJpdmVXZWJGb3JtcyUyMiUyMGRhdGEtcGQtd2ViZm9ybXMlM0QlMjJodHRwcyUzQSUyRiUyRndlYmZvcm1zLnBpcGVkcml2ZS5jb20lMkZmJTJGbnJ1bDQ0TDVQVWExZnpZa1FtcXdNYnh3SWE2UHNjTGtuWUdIRmhKUjM2bVFXREp2NmdPV1Qzc2JRZ3BxdnZSJTIyJTNFJTNDc2NyaXB0JTIwc3JjJTNEJTIyaHR0cHMlM0ElMkYlMkZ3ZWJmb3Jtcy5waXBlZHJpdmUuY29tJTJGZiUyRmxvYWRlciUyMiUzRSUzQyUyRnNjcmlwdCUzRSUzQyUyRmRpdiUzRQ==[\/vc_raw_html][\/vc_column][\/vc_row][vc_row][vc_column][vc_empty_space height=&#8221;20px&#8221;][\/vc_column][\/vc_row]\n<\/div>","protected":false},"excerpt":{"rendered":"<p>[vc_row][vc_column][vc_raw_js]JTNDc2NyaXB0JTNFJTBBJTIwJTIwZ3RhZyUyOCUyN2V2ZW50JTI3JTJDJTIwJTI3Y29udmVyc2lvbiUyNyUyQyUyMCU3QiUyN3NlbmRfdG8lMjclM0ElMjAlMjdBVy05OTI3MTA1NTglMkZnTzc0Q0stOXJjd0JFSjZmcnRrRCUyNyU3RCUyOSUzQiUwQSUzQyUyRnNjcmlwdCUzRQ==[\/vc_raw_js][\/vc_column][\/vc_row][vc_row el_class=&#8221;container&#8221;][vc_column][\/vc_column][\/vc_row][vc_row content_placement=&#8221;middle&#8221; el_class=&#8221;container&#8221;][vc_column][vc_empty_space][\/vc_column][\/vc_row][vc_row content_placement=&#8221;middle&#8221; el_class=&#8221;container&#8221;][vc_column][vc_empty_space][\/vc_column][\/vc_row][vc_row][vc_column][vc_raw_html]JTNDZGl2JTIwY2xhc3MlM0QlMjJwaXBlZHJpdmVXZWJGb3JtcyUyMiUyMGRhdGEtcGQtd2ViZm9ybXMlM0QlMjJodHRwcyUzQSUyRiUyRndlYmZvcm1zLnBpcGVkcml2ZS5jb20lMkZmJTJGbnJ1bDQ0TDVQVWExZnpZa1FtcXdNYnh3SWE2UHNjTGtuWUdIRmhKUjM2bVFXREp2NmdPV1Qzc2JRZ3BxdnZSJTIyJTNFJTNDc2NyaXB0JTIwc3JjJTNEJTIyaHR0cHMlM0ElMkYlMkZ3ZWJmb3Jtcy5waXBlZHJpdmUuY29tJTJGZiUyRmxvYWRlciUyMiUzRSUzQyUyRnNjcmlwdCUzRSUzQyUyRmRpdiUzRQ==[\/vc_raw_html][\/vc_column][\/vc_row][vc_row][vc_column][vc_empty_space height=&#8221;20px&#8221;][\/vc_column][\/vc_row]<\/p>\n","protected":false},"author":2,"featured_media":0,"parent":0,"menu_order":0,"comment_status":"closed","ping_status":"closed","template":"","meta":{"_acf_changed":false,"_monsterinsights_skip_tracking":false,"_monsterinsights_sitenote_active":false,"_monsterinsights_sitenote_note":"","_monsterinsights_sitenote_category":0,"footnotes":""},"class_list":["post-795","page","type-page","status-publish","hentry"],"acf":[],"_links":{"self":[{"href":"https:\/\/oil.jungent.eu\/lv\/wp-json\/wp\/v2\/pages\/795","targetHints":{"allow":["GET"]}}],"collection":[{"href":"https:\/\/oil.jungent.eu\/lv\/wp-json\/wp\/v2\/pages"}],"about":[{"href":"https:\/\/oil.jungent.eu\/lv\/wp-json\/wp\/v2\/types\/page"}],"author":[{"embeddable":true,"href":"https:\/\/oil.jungent.eu\/lv\/wp-json\/wp\/v2\/users\/2"}],"replies":[{"embeddable":true,"href":"https:\/\/oil.jungent.eu\/lv\/wp-json\/wp\/v2\/comments?post=795"}],"version-history":[{"count":40,"href":"https:\/\/oil.jungent.eu\/lv\/wp-json\/wp\/v2\/pages\/795\/revisions"}],"predecessor-version":[{"id":11097,"href":"https:\/\/oil.jungent.eu\/lv\/wp-json\/wp\/v2\/pages\/795\/revisions\/11097"}],"wp:attachment":[{"href":"https:\/\/oil.jungent.eu\/lv\/wp-json\/wp\/v2\/media?parent=795"}],"curies":[{"name":"wp","href":"https:\/\/api.w.org\/{rel}","templated":true}]}}