{"id":7712,"date":"2021-02-15T16:03:41","date_gmt":"2021-02-15T14:03:41","guid":{"rendered":"https:\/\/oil.jungent.eu\/?page_id=7712"},"modified":"2022-05-11T18:08:08","modified_gmt":"2022-05-11T15:08:08","slug":"drosibas-datu-lapas","status":"publish","type":"page","link":"https:\/\/oil.jungent.eu\/lv\/ellas-un-smervielas\/drosibas-datu-lapas\/","title":{"rendered":"DRO\u0160\u012aBAS DATU LAPAS"},"content":{"rendered":"<div class=\"wpb-content-wrapper\">[vc_row el_class=&#8221;container&#8221;][vc_column][vc_row_inner equal_height=&#8221;yes&#8221; content_placement=&#8221;middle&#8221;][vc_column_inner width=&#8221;1\/2&#8243;][vc_single_image image=&#8221;7688&#8243; img_size=&#8221;medium&#8221; onclick=&#8221;custom_link&#8221; img_link_target=&#8221;_blank&#8221; link=&#8221;https:\/\/www.epc.shell.com\/&#8221;][\/vc_column_inner][vc_column_inner width=&#8221;1\/2&#8243; css=&#8221;.vc_custom_1610627224844{padding-top: 30px !important;padding-bottom: 30px !important;}&#8221;][vc_column_text]\n<ul>\n<li>Lai lejupiel\u0101d\u0113tu Shell produktu <strong>dro\u0161\u012bbas datu lapas<\/strong> un <strong>tehnisko datu lapas<\/strong>, l\u016bdzu, dodieties uz vietni <a href=\"https:\/\/www.epc.shell.com\/\" target=\"_blank\" rel=\"noopener\">https:\/\/www.epc.shell.com\/<\/a>, izv\u0113lieties ang\u013cu valodu &#8211; <strong>English<\/strong>) un noklik\u0161\u0137iniet uz Turpin\u0101t &#8211; <strong>Continue<\/strong><\/li>\n<\/ul>\n[\/vc_column_text][\/vc_column_inner][\/vc_row_inner][vc_empty_space height=&#8221;20px&#8221;][\/vc_column][\/vc_row][vc_row el_class=&#8221;container&#8221;][vc_column][vc_text_separator title=&#8221;n\u0101kamais solis&#8221; color=&#8221;custom&#8221; accent_color=&#8221;#ffd200&#8243;][vc_empty_space height=&#8221;20px&#8221;][vc_row_inner equal_height=&#8221;yes&#8221; content_placement=&#8221;middle&#8221; gap=&#8221;10&#8243;][vc_column_inner width=&#8221;1\/2&#8243;][vc_single_image image=&#8221;7663&#8243; img_size=&#8221;medium&#8221; onclick=&#8221;img_link_large&#8221;][\/vc_column_inner][vc_column_inner width=&#8221;1\/2&#8243; css=&#8221;.vc_custom_1610627224844{padding-top: 30px !important;padding-bottom: 30px !important;}&#8221;][vc_column_text]N\u0101kamaj\u0101 lap\u0101 izv\u0113lieties Re\u0123ions \/ Tirgu <strong>Latvija<\/strong> (atlasiet no saraksta), jo tad blakus ang\u013cu dokumentiem Jums tiks pied\u0101v\u0101ti konkr\u0113ti valsts valodas dokumenti. Igau\u0146u vai lietuvie\u0161u teksta dokumentiem, l\u016bdzu, izv\u0113lieties <strong>Igauniju<\/strong> vai <strong>Lietuvu<\/strong>.[\/vc_column_text][\/vc_column_inner][\/vc_row_inner][vc_empty_space height=&#8221;20px&#8221;][\/vc_column][\/vc_row][vc_row el_class=&#8221;container&#8221;][vc_column][vc_text_separator title=&#8221;n\u0101kamais solis&#8221; color=&#8221;custom&#8221; accent_color=&#8221;#ffd200&#8243;][vc_empty_space height=&#8221;20px&#8221;][vc_row_inner equal_height=&#8221;yes&#8221; content_placement=&#8221;middle&#8221; el_class=&#8221;container&#8221;][vc_column_inner width=&#8221;1\/2&#8243;][vc_single_image image=&#8221;7673&#8243; img_size=&#8221;medium&#8221; onclick=&#8221;img_link_large&#8221;][\/vc_column_inner][vc_column_inner width=&#8221;1\/2&#8243; css=&#8221;.vc_custom_1610627224844{padding-top: 30px !important;padding-bottom: 30px !important;}&#8221;][vc_column_text]Izv\u0113lieties mekl\u0113\u0161anu p\u0113c produkta nosaukuma &#8211;\u00a0 <strong>Product Name<\/strong>[\/vc_column_text][\/vc_column_inner][\/vc_row_inner][vc_empty_space height=&#8221;20px&#8221;][\/vc_column][\/vc_row][vc_row el_class=&#8221;container&#8221;][vc_column][vc_text_separator title=&#8221;n\u0101kamais solis&#8221; color=&#8221;custom&#8221; accent_color=&#8221;#ffd200&#8243;][vc_empty_space height=&#8221;20px&#8221;][vc_row_inner equal_height=&#8221;yes&#8221; content_placement=&#8221;middle&#8221; el_class=&#8221;container&#8221;][vc_column_inner width=&#8221;1\/2&#8243;][vc_single_image image=&#8221;7693&#8243; img_size=&#8221;medium&#8221; onclick=&#8221;img_link_large&#8221;][\/vc_column_inner][vc_column_inner width=&#8221;1\/2&#8243;][vc_column_text]Ievadiet mekl\u0113t\u0101 produkta nosaukumu vai nosaukuma da\u013cu, piem\u0113ram, &#8220;Helix Ultra&#8221;, un noklik\u0161\u0137iniet uz Mekl\u0113t &#8211; <strong>Search<\/strong>[\/vc_column_text][\/vc_column_inner][\/vc_row_inner][vc_empty_space height=&#8221;20px&#8221;][\/vc_column][\/vc_row][vc_row el_class=&#8221;container&#8221;][vc_column][vc_text_separator title=&#8221;n\u0101kamais solis&#8221; color=&#8221;custom&#8221; accent_color=&#8221;#ffd200&#8243;][vc_empty_space height=&#8221;20px&#8221;][vc_row_inner equal_height=&#8221;yes&#8221; content_placement=&#8221;middle&#8221; el_class=&#8221;container&#8221;][vc_column_inner width=&#8221;1\/2&#8243;][vc_single_image image=&#8221;7678&#8243; img_size=&#8221;medium&#8221; onclick=&#8221;img_link_large&#8221;][\/vc_column_inner][vc_column_inner width=&#8221;1\/2&#8243; css=&#8221;.vc_custom_1610627224844{padding-top: 30px !important;padding-bottom: 30px !important;}&#8221;][vc_column_text]As a result, you should get choice of search matching records:[\/vc_column_text][vc_column_text]Materi\u0101lu dro\u0161\u012bbas datu lap\u0101m latvie\u0161u<span style=\"font-size: 1rem;\"> valod\u0101, kolonn\u0101 <strong>MSDS<\/strong> izv\u0113lieties <strong>LV<\/strong>, p\u0113c kuras J\u016bs tiksiet novirz\u012bts uz jaunu lapu. Tehnisko datu lap\u0101m izv\u0113lieties <strong>TDS<\/strong> kolonnu.<\/span>[\/vc_column_text][\/vc_column_inner][\/vc_row_inner][vc_empty_space height=&#8221;20px&#8221;][\/vc_column][\/vc_row][vc_row el_class=&#8221;container&#8221;][vc_column][vc_text_separator title=&#8221;n\u0101kamais solis&#8221; color=&#8221;custom&#8221; accent_color=&#8221;#ffd200&#8243;][vc_empty_space height=&#8221;20px&#8221;][vc_row_inner equal_height=&#8221;yes&#8221; content_placement=&#8221;middle&#8221; el_class=&#8221;container&#8221;][vc_column_inner width=&#8221;1\/2&#8243;][vc_single_image image=&#8221;7668&#8243; img_size=&#8221;medium&#8221; onclick=&#8221;img_link_large&#8221;][\/vc_column_inner][vc_column_inner width=&#8221;1\/2&#8243; css=&#8221;.vc_custom_1610627224844{padding-top: 30px !important;padding-bottom: 30px !important;}&#8221;][vc_column_text]\n<ul>\n<li>Apstipriniet atrunu, izmantojot pogu Pie\u0146emt<\/li>\n<\/ul>\n[\/vc_column_text][\/vc_column_inner][\/vc_row_inner][vc_empty_space height=&#8221;20px&#8221;][\/vc_column][\/vc_row][vc_row el_class=&#8221;container&#8221;][vc_column][vc_text_separator title=&#8221;n\u0101kamais solis&#8221; color=&#8221;custom&#8221; accent_color=&#8221;#ffd200&#8243;][vc_empty_space height=&#8221;20px&#8221;][vc_row_inner equal_height=&#8221;yes&#8221; content_placement=&#8221;middle&#8221; el_class=&#8221;container&#8221;][vc_column_inner width=&#8221;1\/2&#8243;][vc_single_image image=&#8221;7683&#8243; img_size=&#8221;medium&#8221; onclick=&#8221;img_link_large&#8221;][\/vc_column_inner][vc_column_inner width=&#8221;1\/2&#8243; css=&#8221;.vc_custom_1610627224844{padding-top: 30px !important;padding-bottom: 30px !important;}&#8221;][vc_column_text]Tiks atv\u0113rts jauns logs ar <strong>Dokumenta<\/strong> saiti. Noklik\u0161\u0137iniet uz saites, lai to lejupiel\u0101d\u0113tu .pdf form\u0101t\u0101<\/p>\n<p>Dro\u0161\u012bbas datu lapas piem\u0113rs izskat\u0101s \u0161\u0101di\u00a0 <a title=\"Ohutuskaart Helix Ultra ECT 0W-30\" href=\"https:\/\/shop.jungent.eu\/pildid\/GSAP_msds_01670452_0W-30.PDF\" target=\"_blank\" rel=\"noopener\">Helix Ultra ECT 0W-30<\/a>. Tehnisko datu lapas piem\u0113rs izskat\u012bsies \u0161\u0101ds <a title=\"Spetsifikatsioonileht\" href=\"https:\/\/shop.jungent.eu\/pildid\/TDS_Helix_Ultra_ECT_0W-30.pdf\" target=\"_blank\" rel=\"noopener\">TDS<\/a>.[\/vc_column_text][\/vc_column_inner][\/vc_row_inner][\/vc_column][\/vc_row]\n<\/div>","protected":false},"excerpt":{"rendered":"<p>[vc_row el_class=&#8221;container&#8221;][vc_column][vc_row_inner equal_height=&#8221;yes&#8221; content_placement=&#8221;middle&#8221;][vc_column_inner width=&#8221;1\/2&#8243;][vc_single_image image=&#8221;7688&#8243; img_size=&#8221;medium&#8221; onclick=&#8221;custom_link&#8221; img_link_target=&#8221;_blank&#8221; link=&#8221;https:\/\/www.epc.shell.com\/&#8221;][\/vc_column_inner][vc_column_inner width=&#8221;1\/2&#8243; css=&#8221;.vc_custom_1610627224844{padding-top: 30px !important;padding-bottom: 30px !important;}&#8221;][vc_column_text] Lai lejupiel\u0101d\u0113tu Shell produktu dro\u0161\u012bbas datu lapas un tehnisko datu lapas, l\u016bdzu, dodieties uz vietni https:\/\/www.epc.shell.com\/, izv\u0113lieties ang\u013cu valodu &#8211; English) un noklik\u0161\u0137iniet uz Turpin\u0101t &#8211; Continue [\/vc_column_text][\/vc_column_inner][\/vc_row_inner][vc_empty_space height=&#8221;20px&#8221;][\/vc_column][\/vc_row][vc_row el_class=&#8221;container&#8221;][vc_column][vc_text_separator title=&#8221;n\u0101kamais solis&#8221; color=&#8221;custom&#8221; accent_color=&#8221;#ffd200&#8243;][vc_empty_space height=&#8221;20px&#8221;][vc_row_inner equal_height=&#8221;yes&#8221; content_placement=&#8221;middle&#8221; gap=&#8221;10&#8243;][vc_column_inner width=&#8221;1\/2&#8243;][vc_single_image image=&#8221;7663&#8243; img_size=&#8221;medium&#8221; onclick=&#8221;img_link_large&#8221;][\/vc_column_inner][vc_column_inner width=&#8221;1\/2&#8243; css=&#8221;.vc_custom_1610627224844{padding-top: 30px !important;padding-bottom: 30px !important;}&#8221;][vc_column_text]N\u0101kamaj\u0101 lap\u0101 izv\u0113lieties Re\u0123ions \/ Tirgu Latvija (atlasiet no saraksta), jo tad blakus ang\u013cu dokumentiem Jums tiks pied\u0101v\u0101ti konkr\u0113ti valsts valodas dokumenti. Igau\u0146u vai lietuvie\u0161u teksta dokumentiem, l\u016bdzu, izv\u0113lieties Igauniju vai Lietuvu.[\/vc_column_text][\/vc_column_inner][\/vc_row_inner][vc_empty_space height=&#8221;20px&#8221;][\/vc_column][\/vc_row][vc_row el_class=&#8221;container&#8221;][vc_column][vc_text_separator title=&#8221;n\u0101kamais solis&#8221; color=&#8221;custom&#8221; accent_color=&#8221;#ffd200&#8243;][vc_empty_space height=&#8221;20px&#8221;][vc_row_inner equal_height=&#8221;yes&#8221; content_placement=&#8221;middle&#8221; el_class=&#8221;container&#8221;][vc_column_inner width=&#8221;1\/2&#8243;][vc_single_image image=&#8221;7673&#8243; img_size=&#8221;medium&#8221; onclick=&#8221;img_link_large&#8221;][\/vc_column_inner][vc_column_inner width=&#8221;1\/2&#8243; css=&#8221;.vc_custom_1610627224844{padding-top: 30px !important;padding-bottom: 30px !important;}&#8221;][vc_column_text]Izv\u0113lieties mekl\u0113\u0161anu p\u0113c produkta nosaukuma &#8211;\u00a0 Product Name[\/vc_column_text][\/vc_column_inner][\/vc_row_inner][vc_empty_space height=&#8221;20px&#8221;][\/vc_column][\/vc_row][vc_row el_class=&#8221;container&#8221;][vc_column][vc_text_separator title=&#8221;n\u0101kamais solis&#8221; color=&#8221;custom&#8221; accent_color=&#8221;#ffd200&#8243;][vc_empty_space height=&#8221;20px&#8221;][vc_row_inner equal_height=&#8221;yes&#8221; content_placement=&#8221;middle&#8221; el_class=&#8221;container&#8221;][vc_column_inner width=&#8221;1\/2&#8243;][vc_single_image image=&#8221;7693&#8243; img_size=&#8221;medium&#8221; onclick=&#8221;img_link_large&#8221;][\/vc_column_inner][vc_column_inner width=&#8221;1\/2&#8243;][vc_column_text]Ievadiet mekl\u0113t\u0101 produkta nosaukumu vai nosaukuma da\u013cu, piem\u0113ram, &#8220;Helix Ultra&#8221;, un noklik\u0161\u0137iniet uz Mekl\u0113t<a class=\"moretag\" href=\"https:\/\/oil.jungent.eu\/lv\/ellas-un-smervielas\/drosibas-datu-lapas\/\"> Read More&#8230;<\/a><\/p>\n","protected":false},"author":3,"featured_media":0,"parent":899,"menu_order":0,"comment_status":"closed","ping_status":"closed","template":"","meta":{"_acf_changed":false,"_monsterinsights_skip_tracking":false,"_monsterinsights_sitenote_active":false,"_monsterinsights_sitenote_note":"","_monsterinsights_sitenote_category":0,"footnotes":""},"class_list":["post-7712","page","type-page","status-publish","hentry"],"acf":[],"_links":{"self":[{"href":"https:\/\/oil.jungent.eu\/lv\/wp-json\/wp\/v2\/pages\/7712","targetHints":{"allow":["GET"]}}],"collection":[{"href":"https:\/\/oil.jungent.eu\/lv\/wp-json\/wp\/v2\/pages"}],"about":[{"href":"https:\/\/oil.jungent.eu\/lv\/wp-json\/wp\/v2\/types\/page"}],"author":[{"embeddable":true,"href":"https:\/\/oil.jungent.eu\/lv\/wp-json\/wp\/v2\/users\/3"}],"replies":[{"embeddable":true,"href":"https:\/\/oil.jungent.eu\/lv\/wp-json\/wp\/v2\/comments?post=7712"}],"version-history":[{"count":11,"href":"https:\/\/oil.jungent.eu\/lv\/wp-json\/wp\/v2\/pages\/7712\/revisions"}],"predecessor-version":[{"id":9009,"href":"https:\/\/oil.jungent.eu\/lv\/wp-json\/wp\/v2\/pages\/7712\/revisions\/9009"}],"up":[{"embeddable":true,"href":"https:\/\/oil.jungent.eu\/lv\/wp-json\/wp\/v2\/pages\/899"}],"wp:attachment":[{"href":"https:\/\/oil.jungent.eu\/lv\/wp-json\/wp\/v2\/media?parent=7712"}],"curies":[{"name":"wp","href":"https:\/\/api.w.org\/{rel}","templated":true}]}}