{"id":7228,"date":"2020-06-04T14:02:55","date_gmt":"2020-06-04T11:02:55","guid":{"rendered":"https:\/\/oil.jungent.eu\/e-ordering\/faq\/"},"modified":"2022-05-11T18:01:39","modified_gmt":"2022-05-11T15:01:39","slug":"bui","status":"publish","type":"page","link":"https:\/\/oil.jungent.eu\/lv\/e-ordering\/bui\/","title":{"rendered":"BIE\u017d\u0100K UZDOTIE JAUT\u0100JUMI"},"content":{"rendered":"<div class=\"wpb-content-wrapper\">[vc_row css=&#8221;.vc_custom_1598134297500{padding-top: 30px !important;padding-right: 50px !important;padding-left: 50px !important;}&#8221; el_class=&#8221;container&#8221;][vc_column offset=&#8221;vc_hidden-xs&#8221;][vc_images_carousel images=&#8221;6661,6656,6651&#8243; img_size=&#8221;large&#8221; onclick=&#8221;custom_link&#8221; custom_links_target=&#8221;_blank&#8221; speed=&#8221;1000&#8243; slides_per_view=&#8221;3&#8243; hide_prev_next_buttons=&#8221;yes&#8221; wrap=&#8221;yes&#8221; css_animation=&#8221;appear&#8221; custom_links=&#8221;#E-8_aHR0cHMlM0ElMkYlMkZzaG9wLmp1bmdlbnQuZXUlMkNodHRwcyUzQSUyRiUyRnBvb2QuanVuZ2VudC5ldSUyQ2h0dHBzJTNBJTJGJTJGc3RvcmUuanVuZ2VudC5ldQ==&#8221;][\/vc_column][\/vc_row][vc_row el_class=&#8221;container&#8221;][vc_column][vc_custom_heading text=&#8221;BIE\u017d\u0100K UZDOTIE JAUT\u0100JUMI&#8221; font_container=&#8221;tag:h1|font_size:20|text_align:center&#8221; use_theme_fonts=&#8221;yes&#8221; el_class=&#8221;service-content&#8221; el_id=&#8221;Pood_tutvustus&#8221; css=&#8221;.vc_custom_1598007595755{padding-top: 50px !important;padding-bottom: 20px !important;}&#8221;][\/vc_column][\/vc_row][vc_row css=&#8221;.vc_custom_1598134310560{padding-top: 30px !important;padding-right: 50px !important;padding-left: 50px !important;}&#8221; el_class=&#8221;container&#8221;][vc_column width=&#8221;2\/3&#8243;][vc_column_text]GALVEN\u0100 INFORM\u0100CIJA<br \/>\n<strong>K\u0101 es varu nomain\u012bt savu lietot\u0101ja paroli?<\/strong><\/p>\n<p>Lai main\u012btu konta paroli, l\u016bdzu, atlasiet \u201cDarbvirsma\u201d un p\u0113c tam \u201cMain\u012bt paroli\u201d. V\u0113l viena iesp\u0113ja ir main\u012bt paroli no lapas &#8220;Kontaktinform\u0101cija&#8221;.<\/p>\n<p><strong>K\u0101 nomain\u012bt savu e-pasta adresi?<\/strong><\/p>\n<p>Lai main\u012btu savu e-pasta adresi, l\u016bdzu, atlasiet \u201cDarbvirsma\u201d, sekojot \u201cLietot\u0101ja inform\u0101cija\u201d un visbeidzot \u201cMain\u012bt e-pastu\u201d, p\u0113c tam ievadiet pa\u0161reiz\u0113jo e-pasta adresi un paroli un p\u0113c tam jauno, uz kuru v\u0113laties. n\u0101kotn\u0113 sa\u0146emt e-pastus.<\/p>\n<p><strong>Kur es varu redz\u0113t mana pas\u016bt\u012bjuma statusu?<\/strong><\/p>\n<p>Visus savus pas\u016bt\u012bjumus varat izsekot, atlasot \u201cDarbvirsma\u201d un p\u0113c tam \u201cMani pas\u016bt\u012bjumi\u201d. No turienes n\u0101kotn\u0113 ir iesp\u0113jams ar\u012b atkal veikt to pa\u0161u pas\u016bt\u012bjumu, k\u0101 ar\u012b main\u012bt da\u017eus t\u0101 produktus vai daudzumus.<\/p>\n<p><strong>K\u0101 es varu main\u012bt savu pieg\u0101des adresi?<\/strong><\/p>\n<p>Lai main\u012btu pieg\u0101des adresi, l\u016bdzu, atlasiet \u201cDarbvirsma\u201d un p\u0113c tam \u201cAdre\u0161u gr\u0101mata\u201d. Tur j\u016bs p\u0113c tam varat main\u012bt adresi, noklik\u0161\u0137inot uz &#8220;Main\u012bt pieg\u0101des adresi&#8221;.<\/p>\n<p><strong>Vai es varu main\u012bt savu biznesa inform\u0101ciju v\u0113l\u0101k?<\/strong><\/p>\n<p>J\u0101, v\u0113l\u0101k ir iesp\u0113jams main\u012bt uz\u0146\u0113muma re\u0123istra numuru, darbvirsm\u0101 atlasot \u201cUz\u0146\u0113muma dati\u201d.<\/p>\n<p><strong>Kur es varu redz\u0113t kred\u012bta statusu un inform\u0101ciju par atmaks\u0101m?<\/strong><\/p>\n<p>Inform\u0101ciju par veikala kred\u012btu un atgrie\u0161anu var atrast darbvirsmas sada\u013c\u0101 \u201cVeikala kred\u012bts un atgrie\u0161ana\u201d.<\/p>\n<p><strong>Vai vietn\u0113 var redz\u0113t cenu piepras\u012bjumus?<\/strong><\/p>\n<p>J\u0101, j\u016bs varat redz\u0113t cenu piepras\u012bjumus, atlasot \u201cDarbvirsma\u201d un \u201cMani piepras\u012bjumi\u201d<\/p>\n<p><strong>K\u0101 es varu abon\u0113t j\u016bsu jaunumus?<\/strong><\/p>\n<p>Lai abon\u0113tu m\u016bsu bi\u013cetenu, l\u016bdzu, dodieties uz \u201cDarbvirsma\u201d un \u201cjaunumu abon\u0113\u0161ana\u201d un atz\u012bm\u0113jiet izv\u0113les r\u016bti\u0146u \u201cVisp\u0101r\u012bgais abonements\u201d un saglab\u0101jiet atlasi. \u0160eit abon\u0113tie jaunumi tiks nos\u016bt\u012bts tikai e-veikala lietot\u0101jiem.<\/p>\n<p>Lai ieg\u016btu papildinform\u0101ciju par Shell apmekl\u0113jiet izplat\u012bt\u0101ja oil.jungent.eu t\u012bmek\u013ca vietni.<\/p>\n<p>CENU PIEPRAS\u012aJUMI<br \/>\n<strong>K\u0101 es varu piepras\u012bt cenu, lai pras\u012btu lab\u0101ku cenu liel\u0101kam produktu daudzumam?<\/strong><\/p>\n<p>Lai piepras\u012btu preces cenu, e-veikal\u0101 j\u0101izv\u0113las v\u0113lamais produkts, j\u0101izv\u0113las v\u0113lamais daudzums un j\u0101nospie\u017e poga \u201cPievienot piepras\u012bjumam\u201d.<\/p>\n<p>Varat apskat\u012bt piepras\u012bjumu grozu, noklik\u0161\u0137inot uz piepras\u012bjumu groza ikonas blakus groza ikonai aug\u0161\u0113j\u0101 josl\u0101 labaj\u0101 pus\u0113. Piepras\u012bjuma groz\u0101 lab\u0101 josla r\u0101da parasto produkta cenu. Pirms piepras\u012bjuma nos\u016bt\u012b\u0161anas preces cenu lodzi\u0146\u0101 cenu ievad\u012b\u0161anas groz\u0101 ir iesp\u0113jams ievad\u012bt v\u0113lamo cenu.<\/p>\n<p>Piepras\u012bjumam lodzi\u0146\u0101 varat pievienot koment\u0101ru, piem\u0113ram, &#8220;Es v\u0113l\u0113tos sa\u0146emt lab\u0101ku cenas pied\u0101v\u0101jumu produktam Shell Helix Ultra ECT 0W-30 209L&#8221;.<\/p>\n<p>P\u0113c tam j\u016bs sa\u0146emsit e-pastu, kas apstiprina, ka esam sa\u0146\u0113mu\u0161i j\u016bsu piepras\u012bjumu, un m\u0113s jums atbild\u0113sim, cik dr\u012bz vien iesp\u0113jams.<\/p>\n<p>PIRKUMU GROZS<br \/>\n<strong>K\u0101p\u0113c da\u017eiem no izstr\u0101d\u0101jumiem nav pogas \u201cPievienot grozam\u201d?<\/strong><\/p>\n<p>Gad\u012bjum\u0101, ja da\u017eiem produktiem nav pogas \u201cPievienot grozam\u201d, tas noz\u012bm\u0113, ka prece nav noliktav\u0101 un to pa\u0161laik nevar ieg\u0101d\u0101ties. Tom\u0113r m\u016bsu komanda str\u0101d\u0101 katru dienu, lai past\u0101v\u012bgi pas\u016bt\u012btu nepiecie\u0161am\u0101s preces. T\u0101tad, ja pa\u0161laik preces nav noliktav\u0101, uzgaidiet nedaudz un p\u0113c k\u0101da laika prece atgriezieties!<\/p>\n<p>Ja prece nav noliktav\u0101, blakus produktam tiks par\u0101d\u012bta poga &#8216;Pievienot piepras\u012bjumu&#8217;. T\u0101d\u0101 veid\u0101 j\u016bs varat m\u016bs inform\u0113t par savu v\u0113l\u0113\u0161anos ieg\u0101d\u0101ties produktu. Tikl\u012bdz produkts ir noliktav\u0101, klientu apkalpo\u0161anas dienests var jums pazi\u0146ot par \u0161\u012b produkta pieejam\u012bbu un produktu var main\u012bt sada\u013c\u0101 Mani pied\u0101v\u0101jumi, vienk\u0101r\u0161i noklik\u0161\u0137iniet uz &#8221; Skat\u012bt cenas &#8221; un tad j\u016bs varat veikt pas\u016bt\u012bjumu.<\/p>\n<p><strong>K\u0101 es varu maks\u0101t par produktiem?<\/strong><\/p>\n<p>Ir divas iesp\u0113jas, nor\u0113\u0137inoties par produktiem pas\u016bt\u012b\u0161anas laik\u0101 &#8211; \u201cL\u012bgumsaist\u012bbu apmaksas termi\u0146\u0161\u201d vai \u201cPas\u016bt\u012bjums ar priek\u0161apmaksas r\u0113\u0137inu\u201d.<\/p>\n<p>Poga \u201cL\u012bgumsaist\u012bbu apmaksas\u201d ir noklus\u0113juma opcija visiem re\u0123istr\u0113tiem klientiem, un priek\u0161noteikums, lai apstr\u0101d\u0101tu pirkumu, ir klienta l\u012bguma esam\u012bba ar Jungent Latvia AS Shell noda\u013cu. Klientiem bez l\u012bguma tiek l\u016bgts izmantot pogu \u201cPas\u016bt\u012bt ar priek\u0161apmaksu\u201d, pamatojoties uz priek\u0161apmaksas r\u0113\u0137inu. \u0160aj\u0101 gad\u012bjum\u0101 p\u0113c pas\u016bt\u012bjuma veik\u0161anas jums tiks nos\u016bt\u012bts priek\u0161apmaksas r\u0113\u0137ins ar maks\u0101juma sa\u0146\u0113m\u0113ja bankas inform\u0101ciju un r\u0113\u0137ina numuru.<\/p>\n<p><strong>Vai es n\u0101kotn\u0113 varu atk\u0101rtoti pas\u016bt\u012bt to pa\u0161u pas\u016bt\u012bjumu, lai man vairs nav j\u0101s\u0101k mekl\u0113t tos pa\u0161us produktus e-veikal\u0101?<\/strong><\/p>\n<p>J\u0101, p\u0113c pirm\u0101 pas\u016bt\u012bjuma veik\u0161anas e-veikal\u0101 var\u0113sit atlas\u012bt \u201cMani pas\u016bt\u012bjumi\u201d un izv\u0113l\u0113ties piem\u0113rotu e-veikala pas\u016bt\u012bjumu no jauna \u201cAtk\u0101rtot pas\u016bt\u012bjumu\u201d. Turkl\u0101t jums ir ar\u012b iesp\u0113ja main\u012bt \u0161o pas\u016bt\u012bjumu un, piem\u0113ram, no\u0146emt produktus, kurus \u0161oreiz vairs nev\u0113laties pas\u016bt\u012bt, k\u0101 ar\u012b main\u012bt produktu daudzumus.<\/p>\n<p><strong>K\u0101 sal\u012bdzin\u0101t da\u017e\u0101dus produktus e-veikal\u0101?<\/strong><\/p>\n<p>Lai sal\u012bdzin\u0101tu produktus, noklik\u0161\u0137iniet uz diagrammas ikonas katra produkta apak\u0161\u0113j\u0101 kreisaj\u0101 st\u016br\u012b. Kad ir atlas\u012bti visi produkti, kurus v\u0113laties sal\u012bdzin\u0101t, izv\u0113lnes joslas aug\u0161\u0113j\u0101 labaj\u0101 st\u016br\u012b noklik\u0161\u0137iniet uz opcijas \u201cSal\u012bdzin\u0101t produktus\u201d. Noklik\u0161\u0137inot uz t\u0101, j\u016bs varat sal\u012bdzin\u0101t iepriek\u0161 atlas\u012btos produktus.[\/vc_column_text][\/vc_column][vc_column width=&#8221;1\/3&#8243;][vc_row_inner css=&#8221;.vc_custom_1591171106979{padding-right: 40px !important;padding-left: 40px !important;}&#8221;][vc_column_inner][vc_widget_sidebar sidebar_id=&#8221;sidebar-10&#8243;][\/vc_column_inner][\/vc_row_inner][\/vc_column][\/vc_row]\n<\/div>","protected":false},"excerpt":{"rendered":"<p>[vc_row css=&#8221;.vc_custom_1598134297500{padding-top: 30px !important;padding-right: 50px !important;padding-left: 50px !important;}&#8221; el_class=&#8221;container&#8221;][vc_column offset=&#8221;vc_hidden-xs&#8221;][vc_images_carousel images=&#8221;6661,6656,6651&#8243; img_size=&#8221;large&#8221; onclick=&#8221;custom_link&#8221; custom_links_target=&#8221;_blank&#8221; speed=&#8221;1000&#8243; slides_per_view=&#8221;3&#8243; hide_prev_next_buttons=&#8221;yes&#8221; wrap=&#8221;yes&#8221; css_animation=&#8221;appear&#8221; custom_links=&#8221;#E-8_aHR0cHMlM0ElMkYlMkZzaG9wLmp1bmdlbnQuZXUlMkNodHRwcyUzQSUyRiUyRnBvb2QuanVuZ2VudC5ldSUyQ2h0dHBzJTNBJTJGJTJGc3RvcmUuanVuZ2VudC5ldQ==&#8221;][\/vc_column][\/vc_row][vc_row el_class=&#8221;container&#8221;][vc_column][vc_custom_heading text=&#8221;BIE\u017d\u0100K UZDOTIE JAUT\u0100JUMI&#8221; font_container=&#8221;tag:h1|font_size:20|text_align:center&#8221; use_theme_fonts=&#8221;yes&#8221; el_class=&#8221;service-content&#8221; el_id=&#8221;Pood_tutvustus&#8221; css=&#8221;.vc_custom_1598007595755{padding-top: 50px !important;padding-bottom: 20px !important;}&#8221;][\/vc_column][\/vc_row][vc_row css=&#8221;.vc_custom_1598134310560{padding-top: 30px !important;padding-right: 50px !important;padding-left: 50px !important;}&#8221; el_class=&#8221;container&#8221;][vc_column width=&#8221;2\/3&#8243;][vc_column_text]GALVEN\u0100 INFORM\u0100CIJA K\u0101 es varu nomain\u012bt savu lietot\u0101ja paroli? Lai main\u012btu konta paroli, l\u016bdzu, atlasiet \u201cDarbvirsma\u201d un p\u0113c tam \u201cMain\u012bt paroli\u201d. V\u0113l viena iesp\u0113ja ir main\u012bt paroli no lapas &#8220;Kontaktinform\u0101cija&#8221;. K\u0101 nomain\u012bt savu e-pasta adresi? Lai main\u012btu savu e-pasta adresi, l\u016bdzu, atlasiet \u201cDarbvirsma\u201d, sekojot \u201cLietot\u0101ja inform\u0101cija\u201d un visbeidzot \u201cMain\u012bt e-pastu\u201d, p\u0113c tam ievadiet pa\u0161reiz\u0113jo e-pasta adresi un paroli un p\u0113c tam jauno, uz kuru v\u0113laties. n\u0101kotn\u0113 sa\u0146emt e-pastus. Kur es varu redz\u0113t mana pas\u016bt\u012bjuma statusu? Visus savus pas\u016bt\u012bjumus varat izsekot, atlasot \u201cDarbvirsma\u201d un p\u0113c tam \u201cMani pas\u016bt\u012bjumi\u201d. No turienes n\u0101kotn\u0113 ir iesp\u0113jams ar\u012b atkal veikt to pa\u0161u pas\u016bt\u012bjumu, k\u0101 ar\u012b main\u012bt da\u017eus t\u0101 produktus vai daudzumus. K\u0101 es varu<a class=\"moretag\" href=\"https:\/\/oil.jungent.eu\/lv\/e-ordering\/bui\/\"> Read More&#8230;<\/a><\/p>\n","protected":false},"author":4,"featured_media":0,"parent":892,"menu_order":0,"comment_status":"closed","ping_status":"closed","template":"","meta":{"_acf_changed":false,"_monsterinsights_skip_tracking":false,"_monsterinsights_sitenote_active":false,"_monsterinsights_sitenote_note":"","_monsterinsights_sitenote_category":0,"footnotes":""},"class_list":["post-7228","page","type-page","status-publish","hentry"],"acf":[],"rankMath":{"parentDomain":"oil.jungent.eu","noFollowDomains":[],"noFollowExcludeDomains":[],"noFollowExternalLinks":false,"featuredImageNotice":"The featured image should be at least 200 by 200 pixels to be picked up by Facebook and other social media sites.","pluginReviewed":false,"postSettings":{"linkSuggestions":true,"useFocusKeyword":false},"frontEndScore":false,"postName":"bui","permalinkFormat":"https:\/\/oil.jungent.eu\/lv\/%pagename%\/","showLockModifiedDate":true,"assessor":{"focusKeywordLink":"https:\/\/oil.jungent.eu\/wp-admin\/edit.php?focus_keyword=%focus_keyword%&post_type=%post_type%","hasTOCPlugin":false,"primaryTaxonomy":false,"serpData":{"title":"","description":"","focusKeywords":"","pillarContent":false,"canonicalUrl":"","breadcrumbTitle":"","advancedRobots":{"max-snippet":"-1","max-video-preview":"-1","max-image-preview":"large"},"facebookTitle":"","facebookDescription":"","facebookImage":"","facebookImageID":"","facebookHasOverlay":false,"facebookImageOverlay":"","facebookAuthor":"","twitterCardType":"","twitterUseFacebook":true,"twitterTitle":"","twitterDescription":"","twitterImage":"","twitterImageID":"","twitterHasOverlay":false,"twitterImageOverlay":"","twitterPlayerUrl":"","twitterPlayerSize":"","twitterPlayerStream":"","twitterPlayerStreamCtype":"","twitterAppDescription":"","twitterAppIphoneName":"","twitterAppIphoneID":"","twitterAppIphoneUrl":"","twitterAppIpadName":"","twitterAppIpadID":"","twitterAppIpadUrl":"","twitterAppGoogleplayName":"","twitterAppGoogleplayID":"","twitterAppGoogleplayUrl":"","twitterAppCountry":"","robots":{"index":true},"twitterAuthor":"username","primaryTerm":0,"authorName":"Kait Liinev","titleTemplate":"%title% %page% %sep% %sitename%","descriptionTemplate":"%excerpt%","showScoreFrontend":true,"lockModifiedDate":false},"powerWords":[],"diacritics":{"A":"[\\u0041\\u24B6\\uFF21\\u00C0\\u00C1\\u00C2\\u1EA6\\u1EA4\\u1EAA\\u1EA8\\u00C3\\u0100\\u0102\\u1EB0\\u1EAE\\u1EB4\\u1EB2\\u0226\\u01E0\\u00C4\\u01DE\\u1EA2\\u00C5\\u01FA\\u01CD\\u0200\\u0202\\u1EA0\\u1EAC\\u1EB6\\u1E00\\u0104\\u023A\\u2C6F]","AA":"[\\uA732]","AE":"[\\u00C6\\u01FC\\u01E2]","AO":"[\\uA734]","AU":"[\\uA736]","AV":"[\\uA738\\uA73A]","AY":"[\\uA73C]","B":"[\\u0042\\u24B7\\uFF22\\u1E02\\u1E04\\u1E06\\u0243\\u0182\\u0181]","C":"[\\u0043\\u24B8\\uFF23\\u0106\\u0108\\u010A\\u010C\\u00C7\\u1E08\\u0187\\u023B\\uA73E]","D":"[\\u0044\\u24B9\\uFF24\\u1E0A\\u010E\\u1E0C\\u1E10\\u1E12\\u1E0E\\u0110\\u018B\\u018A\\u0189\\uA779]","DZ":"[\\u01F1\\u01C4]","Dz":"[\\u01F2\\u01C5]","E":"[\\u0045\\u24BA\\uFF25\\u00C8\\u00C9\\u00CA\\u1EC0\\u1EBE\\u1EC4\\u1EC2\\u1EBC\\u0112\\u1E14\\u1E16\\u0114\\u0116\\u00CB\\u1EBA\\u011A\\u0204\\u0206\\u1EB8\\u1EC6\\u0228\\u1E1C\\u0118\\u1E18\\u1E1A\\u0190\\u018E]","F":"[\\u0046\\u24BB\\uFF26\\u1E1E\\u0191\\uA77B]","G":"[\\u0047\\u24BC\\uFF27\\u01F4\\u011C\\u1E20\\u011E\\u0120\\u01E6\\u0122\\u01E4\\u0193\\uA7A0\\uA77D\\uA77E]","H":"[\\u0048\\u24BD\\uFF28\\u0124\\u1E22\\u1E26\\u021E\\u1E24\\u1E28\\u1E2A\\u0126\\u2C67\\u2C75\\uA78D]","I":"[\\u0049\\u24BE\\uFF29\\u00CC\\u00CD\\u00CE\\u0128\\u012A\\u012C\\u0130\\u00CF\\u1E2E\\u1EC8\\u01CF\\u0208\\u020A\\u1ECA\\u012E\\u1E2C\\u0197]","J":"[\\u004A\\u24BF\\uFF2A\\u0134\\u0248]","K":"[\\u004B\\u24C0\\uFF2B\\u1E30\\u01E8\\u1E32\\u0136\\u1E34\\u0198\\u2C69\\uA740\\uA742\\uA744\\uA7A2]","L":"[\\u004C\\u24C1\\uFF2C\\u013F\\u0139\\u013D\\u1E36\\u1E38\\u013B\\u1E3C\\u1E3A\\u0141\\u023D\\u2C62\\u2C60\\uA748\\uA746\\uA780]","LJ":"[\\u01C7]","Lj":"[\\u01C8]","M":"[\\u004D\\u24C2\\uFF2D\\u1E3E\\u1E40\\u1E42\\u2C6E\\u019C]","N":"[\\u004E\\u24C3\\uFF2E\\u01F8\\u0143\\u00D1\\u1E44\\u0147\\u1E46\\u0145\\u1E4A\\u1E48\\u0220\\u019D\\uA790\\uA7A4]","NJ":"[\\u01CA]","Nj":"[\\u01CB]","O":"[\\u004F\\u24C4\\uFF2F\\u00D2\\u00D3\\u00D4\\u1ED2\\u1ED0\\u1ED6\\u1ED4\\u00D5\\u1E4C\\u022C\\u1E4E\\u014C\\u1E50\\u1E52\\u014E\\u022E\\u0230\\u00D6\\u022A\\u1ECE\\u0150\\u01D1\\u020C\\u020E\\u01A0\\u1EDC\\u1EDA\\u1EE0\\u1EDE\\u1EE2\\u1ECC\\u1ED8\\u01EA\\u01EC\\u00D8\\u01FE\\u0186\\u019F\\uA74A\\uA74C]","OI":"[\\u01A2]","OO":"[\\uA74E]","OU":"[\\u0222]","P":"[\\u0050\\u24C5\\uFF30\\u1E54\\u1E56\\u01A4\\u2C63\\uA750\\uA752\\uA754]","Q":"[\\u0051\\u24C6\\uFF31\\uA756\\uA758\\u024A]","R":"[\\u0052\\u24C7\\uFF32\\u0154\\u1E58\\u0158\\u0210\\u0212\\u1E5A\\u1E5C\\u0156\\u1E5E\\u024C\\u2C64\\uA75A\\uA7A6\\uA782]","S":"[\\u0053\\u24C8\\uFF33\\u1E9E\\u015A\\u1E64\\u015C\\u1E60\\u0160\\u1E66\\u1E62\\u1E68\\u0218\\u015E\\u2C7E\\uA7A8\\uA784]","T":"[\\u0054\\u24C9\\uFF34\\u1E6A\\u0164\\u1E6C\\u021A\\u0162\\u1E70\\u1E6E\\u0166\\u01AC\\u01AE\\u023E\\uA786]","TZ":"[\\uA728]","U":"[\\u0055\\u24CA\\uFF35\\u00D9\\u00DA\\u00DB\\u0168\\u1E78\\u016A\\u1E7A\\u016C\\u00DC\\u01DB\\u01D7\\u01D5\\u01D9\\u1EE6\\u016E\\u0170\\u01D3\\u0214\\u0216\\u01AF\\u1EEA\\u1EE8\\u1EEE\\u1EEC\\u1EF0\\u1EE4\\u1E72\\u0172\\u1E76\\u1E74\\u0244]","V":"[\\u0056\\u24CB\\uFF36\\u1E7C\\u1E7E\\u01B2\\uA75E\\u0245]","VY":"[\\uA760]","W":"[\\u0057\\u24CC\\uFF37\\u1E80\\u1E82\\u0174\\u1E86\\u1E84\\u1E88\\u2C72]","X":"[\\u0058\\u24CD\\uFF38\\u1E8A\\u1E8C]","Y":"[\\u0059\\u24CE\\uFF39\\u1EF2\\u00DD\\u0176\\u1EF8\\u0232\\u1E8E\\u0178\\u1EF6\\u1EF4\\u01B3\\u024E\\u1EFE]","Z":"[\\u005A\\u24CF\\uFF3A\\u0179\\u1E90\\u017B\\u017D\\u1E92\\u1E94\\u01B5\\u0224\\u2C7F\\u2C6B\\uA762]","a":"[\\u0061\\u24D0\\uFF41\\u1E9A\\u00E0\\u00E1\\u00E2\\u1EA7\\u1EA5\\u1EAB\\u1EA9\\u00E3\\u0101\\u0103\\u1EB1\\u1EAF\\u1EB5\\u1EB3\\u0227\\u01E1\\u00E4\\u01DF\\u1EA3\\u00E5\\u01FB\\u01CE\\u0201\\u0203\\u1EA1\\u1EAD\\u1EB7\\u1E01\\u0105\\u2C65\\u0250]","aa":"[\\uA733]","ae":"[\\u00E6\\u01FD\\u01E3]","ao":"[\\uA735]","au":"[\\uA737]","av":"[\\uA739\\uA73B]","ay":"[\\uA73D]","b":"[\\u0062\\u24D1\\uFF42\\u1E03\\u1E05\\u1E07\\u0180\\u0183\\u0253]","c":"[\\u0063\\u24D2\\uFF43\\u0107\\u0109\\u010B\\u010D\\u00E7\\u1E09\\u0188\\u023C\\uA73F\\u2184]","d":"[\\u0064\\u24D3\\uFF44\\u1E0B\\u010F\\u1E0D\\u1E11\\u1E13\\u1E0F\\u0111\\u018C\\u0256\\u0257\\uA77A]","dz":"[\\u01F3\\u01C6]","e":"[\\u0065\\u24D4\\uFF45\\u00E8\\u00E9\\u00EA\\u1EC1\\u1EBF\\u1EC5\\u1EC3\\u1EBD\\u0113\\u1E15\\u1E17\\u0115\\u0117\\u00EB\\u1EBB\\u011B\\u0205\\u0207\\u1EB9\\u1EC7\\u0229\\u1E1D\\u0119\\u1E19\\u1E1B\\u0247\\u025B\\u01DD]","f":"[\\u0066\\u24D5\\uFF46\\u1E1F\\u0192\\uA77C]","g":"[\\u0067\\u24D6\\uFF47\\u01F5\\u011D\\u1E21\\u011F\\u0121\\u01E7\\u0123\\u01E5\\u0260\\uA7A1\\u1D79\\uA77F]","h":"[\\u0068\\u24D7\\uFF48\\u0125\\u1E23\\u1E27\\u021F\\u1E25\\u1E29\\u1E2B\\u1E96\\u0127\\u2C68\\u2C76\\u0265]","hv":"[\\u0195]","i":"[\\u0069\\u24D8\\uFF49\\u00EC\\u00ED\\u00EE\\u0129\\u012B\\u012D\\u00EF\\u1E2F\\u1EC9\\u01D0\\u0209\\u020B\\u1ECB\\u012F\\u1E2D\\u0268\\u0131]","j":"[\\u006A\\u24D9\\uFF4A\\u0135\\u01F0\\u0249]","k":"[\\u006B\\u24DA\\uFF4B\\u1E31\\u01E9\\u1E33\\u0137\\u1E35\\u0199\\u2C6A\\uA741\\uA743\\uA745\\uA7A3]","l":"[\\u006C\\u24DB\\uFF4C\\u0140\\u013A\\u013E\\u1E37\\u1E39\\u013C\\u1E3D\\u1E3B\\u017F\\u0142\\u019A\\u026B\\u2C61\\uA749\\uA781\\uA747]","lj":"[\\u01C9]","m":"[\\u006D\\u24DC\\uFF4D\\u1E3F\\u1E41\\u1E43\\u0271\\u026F]","n":"[\\u006E\\u24DD\\uFF4E\\u01F9\\u0144\\u00F1\\u1E45\\u0148\\u1E47\\u0146\\u1E4B\\u1E49\\u019E\\u0272\\u0149\\uA791\\uA7A5]","nj":"[\\u01CC]","o":"[\\u006F\\u24DE\\uFF4F\\u00F2\\u00F3\\u00F4\\u1ED3\\u1ED1\\u1ED7\\u1ED5\\u00F5\\u1E4D\\u022D\\u1E4F\\u014D\\u1E51\\u1E53\\u014F\\u022F\\u0231\\u00F6\\u022B\\u1ECF\\u0151\\u01D2\\u020D\\u020F\\u01A1\\u1EDD\\u1EDB\\u1EE1\\u1EDF\\u1EE3\\u1ECD\\u1ED9\\u01EB\\u01ED\\u00F8\\u01FF\\u0254\\uA74B\\uA74D\\u0275]","oi":"[\\u01A3]","ou":"[\\u0223]","oo":"[\\uA74F]","p":"[\\u0070\\u24DF\\uFF50\\u1E55\\u1E57\\u01A5\\u1D7D\\uA751\\uA753\\uA755]","q":"[\\u0071\\u24E0\\uFF51\\u024B\\uA757\\uA759]","r":"[\\u0072\\u24E1\\uFF52\\u0155\\u1E59\\u0159\\u0211\\u0213\\u1E5B\\u1E5D\\u0157\\u1E5F\\u024D\\u027D\\uA75B\\uA7A7\\uA783]","s":"[\\u0073\\u24E2\\uFF53\\u015B\\u1E65\\u015D\\u1E61\\u0161\\u1E67\\u1E63\\u1E69\\u0219\\u015F\\u023F\\uA7A9\\uA785\\u1E9B]","ss":"[\\u00DF]","t":"[\\u0074\\u24E3\\uFF54\\u1E6B\\u1E97\\u0165\\u1E6D\\u021B\\u0163\\u1E71\\u1E6F\\u0167\\u01AD\\u0288\\u2C66\\uA787]","tz":"[\\uA729]","u":"[\\u0075\\u24E4\\uFF55\\u00F9\\u00FA\\u00FB\\u0169\\u1E79\\u016B\\u1E7B\\u016D\\u00FC\\u01DC\\u01D8\\u01D6\\u01DA\\u1EE7\\u016F\\u0171\\u01D4\\u0215\\u0217\\u01B0\\u1EEB\\u1EE9\\u1EEF\\u1EED\\u1EF1\\u1EE5\\u1E73\\u0173\\u1E77\\u1E75\\u0289]","v":"[\\u0076\\u24E5\\uFF56\\u1E7D\\u1E7F\\u028B\\uA75F\\u028C]","vy":"[\\uA761]","w":"[\\u0077\\u24E6\\uFF57\\u1E81\\u1E83\\u0175\\u1E87\\u1E85\\u1E98\\u1E89\\u2C73]","x":"[\\u0078\\u24E7\\uFF58\\u1E8B\\u1E8D]","y":"[\\u0079\\u24E8\\uFF59\\u1EF3\\u00FD\\u0177\\u1EF9\\u0233\\u1E8F\\u00FF\\u1EF7\\u1E99\\u1EF5\\u01B4\\u024F\\u1EFF]","z":"[\\u007A\\u24E9\\uFF5A\\u017A\\u1E91\\u017C\\u017E\\u1E93\\u1E95\\u01B6\\u0225\\u0240\\u2C6C\\uA763]"},"researchesTests":["contentHasTOC","contentHasShortParagraphs","contentHasAssets","keywordInTitle","keywordInMetaDescription","keywordInPermalink","keywordIn10Percent","keywordInContent","keywordInSubheadings","keywordInImageAlt","keywordDensity","keywordNotUsed","lengthContent","lengthPermalink","linksHasInternal","linksHasExternals","linksNotAllExternals","titleStartWithKeyword","titleSentiment","titleHasPowerWords","titleHasNumber","hasContentAI"],"hasRedirection":true,"hasBreadcrumb":false},"homeUrl":"https:\/\/oil.jungent.eu\/lv\/","objectID":7228,"objectType":"post","locale":"lv","localeFull":"lv_LV","overlayImages":{"play":{"name":"Play icon","url":"https:\/\/oil.jungent.eu\/wp-content\/plugins\/seo-by-rank-math\/assets\/admin\/img\/icon-play.png","path":"\/data01\/virt53324\/domeenid\/www.jungent.eu\/oil\/wp-content\/plugins\/seo-by-rank-math\/assets\/admin\/img\/icon-play.png","position":"middle_center"},"gif":{"name":"GIF icon","url":"https:\/\/oil.jungent.eu\/wp-content\/plugins\/seo-by-rank-math\/assets\/admin\/img\/icon-gif.png","path":"\/data01\/virt53324\/domeenid\/www.jungent.eu\/oil\/wp-content\/plugins\/seo-by-rank-math\/assets\/admin\/img\/icon-gif.png","position":"middle_center"}},"defautOgImage":"https:\/\/oil.jungent.eu\/wp-content\/plugins\/seo-by-rank-math\/assets\/admin\/img\/social-placeholder.jpg","customPermalinks":true,"isUserRegistered":true,"autoSuggestKeywords":true,"connectSiteUrl":"https:\/\/rankmath.com\/auth?site=https%3A%2F%2Foil.jungent.eu%2Flv%2F&r=https%3A%2F%2Foil.jungent.eu%2Flv%2Fwp-json%2Fwp%2Fv2%2Fpages%2F7228%3Fnonce%3D534082ffd6&pro=1","maxTags":100,"trendsIcon":"<svg viewBox=\"0 0 610 610\"><path d=\"M18.85,446,174.32,290.48l58.08,58.08L76.93,504a14.54,14.54,0,0,1-20.55,0L18.83,466.48a14.54,14.54,0,0,1,0-20.55Z\" style=\"fill:#4285f4\"\/><path d=\"M242.65,242.66,377.59,377.6l-47.75,47.75a14.54,14.54,0,0,1-20.55,0L174.37,290.43l47.75-47.75A14.52,14.52,0,0,1,242.65,242.66Z\" style=\"fill:#ea4335\"\/><polygon points=\"319.53 319.53 479.26 159.8 537.34 217.88 377.61 377.62 319.53 319.53\" style=\"fill:#fabb05\"\/><path d=\"M594.26,262.73V118.61h0a16.94,16.94,0,0,0-16.94-16.94H433.2a16.94,16.94,0,0,0-12,28.92L565.34,274.71h0a16.94,16.94,0,0,0,28.92-12Z\" style=\"fill:#34a853\"\/><rect width=\"610\" height=\"610\" style=\"fill:none\"\/><\/svg>","showScore":true,"siteFavIcon":"https:\/\/oil.jungent.eu\/wp-content\/uploads\/2020\/04\/cropped-Pecten-colour-with-white-outline-01-2-32x32.png","canUser":{"general":false,"advanced":false,"snippet":false,"social":false,"analysis":false,"analytics":false,"content_ai":false},"showKeywordIntent":true,"isPro":true,"is_front_page":false,"trendsUpgradeLink":"https:\/\/rankmath.com\/pricing\/?utm_source=Plugin&utm_medium=CE%20General%20Tab%20Trends&utm_campaign=WP","trendsUpgradeLabel":"Upgrade","trendsPreviewImage":"https:\/\/oil.jungent.eu\/wp-content\/plugins\/seo-by-rank-math\/assets\/admin\/img\/trends-preview.jpg","currentEditor":false,"homepageData":{"assessor":{"powerWords":[],"diacritics":true,"researchesTests":["contentHasTOC","contentHasShortParagraphs","contentHasAssets","keywordInTitle","keywordInMetaDescription","keywordInPermalink","keywordIn10Percent","keywordInContent","keywordInSubheadings","keywordInImageAlt","keywordDensity","keywordNotUsed","lengthContent","lengthPermalink","linksHasInternal","linksHasExternals","linksNotAllExternals","titleStartWithKeyword","titleSentiment","titleHasPowerWords","titleHasNumber","hasContentAI"],"hasBreadcrumb":false,"serpData":{"title":"%sitename% %page% %sep% %sitedesc%","description":"","titleTemplate":"%sitename% %page% %sep% %sitedesc%","descriptionTemplate":"","focusKeywords":"","breadcrumbTitle":"Home","robots":{"index":true},"advancedRobots":{"max-snippet":"-1","max-video-preview":"-1","max-image-preview":"large"},"facebookTitle":"","facebookDescription":"","facebookImage":"","facebookImageID":""}}},"searchIntents":[],"isAnalyticsConnected":true,"tocTitle":"Table of Contents","tocExcludeHeadings":[],"listStyle":"ul","localBusiness":{"limit":0,"mapStyle":"hybrid","routeLabel":"My Route"}},"_links":{"self":[{"href":"https:\/\/oil.jungent.eu\/lv\/wp-json\/wp\/v2\/pages\/7228","targetHints":{"allow":["GET"]}}],"collection":[{"href":"https:\/\/oil.jungent.eu\/lv\/wp-json\/wp\/v2\/pages"}],"about":[{"href":"https:\/\/oil.jungent.eu\/lv\/wp-json\/wp\/v2\/types\/page"}],"author":[{"embeddable":true,"href":"https:\/\/oil.jungent.eu\/lv\/wp-json\/wp\/v2\/users\/4"}],"replies":[{"embeddable":true,"href":"https:\/\/oil.jungent.eu\/lv\/wp-json\/wp\/v2\/comments?post=7228"}],"version-history":[{"count":7,"href":"https:\/\/oil.jungent.eu\/lv\/wp-json\/wp\/v2\/pages\/7228\/revisions"}],"predecessor-version":[{"id":8991,"href":"https:\/\/oil.jungent.eu\/lv\/wp-json\/wp\/v2\/pages\/7228\/revisions\/8991"}],"up":[{"embeddable":true,"href":"https:\/\/oil.jungent.eu\/lv\/wp-json\/wp\/v2\/pages\/892"}],"wp:attachment":[{"href":"https:\/\/oil.jungent.eu\/lv\/wp-json\/wp\/v2\/media?parent=7228"}],"curies":[{"name":"wp","href":"https:\/\/api.w.org\/{rel}","templated":true}]}}