{"id":7219,"date":"2020-05-29T15:29:53","date_gmt":"2020-05-29T12:29:53","guid":{"rendered":"https:\/\/oil.jungent.eu\/e-ordering\/b2b-e-shop-introduction\/"},"modified":"2022-05-11T18:02:06","modified_gmt":"2022-05-11T15:02:06","slug":"par-b2b-e-veikalu","status":"publish","type":"page","link":"https:\/\/oil.jungent.eu\/lv\/e-ordering\/par-b2b-e-veikalu\/","title":{"rendered":"Par B2B e-veikalu"},"content":{"rendered":"<div class=\"wpb-content-wrapper\">[vc_row el_class=&#8221;container&#8221;][vc_column offset=&#8221;vc_hidden-xs&#8221;][vc_images_carousel images=&#8221;6661,6656,6651&#8243; img_size=&#8221;large&#8221; onclick=&#8221;custom_link&#8221; custom_links_target=&#8221;_blank&#8221; speed=&#8221;1000&#8243; slides_per_view=&#8221;3&#8243; hide_prev_next_buttons=&#8221;yes&#8221; wrap=&#8221;yes&#8221; css_animation=&#8221;appear&#8221; custom_links=&#8221;#E-8_aHR0cHMlM0ElMkYlMkZzaG9wLmp1bmdlbnQuZXUlMkNodHRwcyUzQSUyRiUyRnBvb2QuanVuZ2VudC5ldSUyQ2h0dHBzJTNBJTJGJTJGc3RvcmUuanVuZ2VudC5ldQ==&#8221; css=&#8221;.vc_custom_1591340610352{margin-right: 20px !important;margin-left: 20px !important;}&#8221;][\/vc_column][\/vc_row][vc_row css=&#8221;.vc_custom_1598134553534{padding-top: 30px !important;padding-right: 50px !important;padding-left: 50px !important;}&#8221; el_class=&#8221;container&#8221;][vc_column width=&#8221;5\/6&#8243;][vc_custom_heading text=&#8221;Ievads&#8221; use_theme_fonts=&#8221;yes&#8221; el_class=&#8221;service-content&#8221; el_id=&#8221;Pood_tutvustus&#8221; css=&#8221;.vc_custom_1598005377941{padding-bottom: 20px !important;}&#8221;][vc_column_text]E-veikals k\u0101 p\u0101rdo\u0161anas kan\u0101ls ir paredz\u0113ts biznesa klientiem. Uz\u0146\u0113mumam ir j\u0101b\u016bt kontam e-veikal\u0101, lai e-veikal\u0101 var\u0113tu ieg\u0101d\u0101ties un pas\u016bt\u012bt produktus. Visi biznesa klientu konti vispirms tiek re\u0123istr\u0113ti Jungent biznesa programmat\u016br\u0101, ar kontam piesaist\u012btu l\u012bgumu kur\u0101, uz\u0146\u0113mumam tiek noteikts kred\u012btlimits un maks\u0101juma termi\u0146\u0161. Viena no oblig\u0101taj\u0101m klientu konta re\u0123istr\u0101cijas da\u013c\u0101m ir uz\u0146\u0113muma komercre\u0123istra numura ievad\u012b\u0161ana. Programm\u0101 Axapta katram biznesa klientam tiek pie\u0161\u0137irts unik\u0101ls klienta kods. Tas pats klienta kods tiek saglab\u0101ts ar\u012b e-veikala programmat\u016br\u0101 Magento. Visi biznesa klienti tiek re\u0123istr\u0113ti un aktiviz\u0113ti programmat\u016br\u0101 Axapta, un p\u0113c tam klienta konts tiek apstiprin\u0101ts ar\u012b Magento, ja klients piesak\u0101s uz to l\u012bguma nosl\u0113g\u0161anas laik\u0101.<\/p>\n<p>E-veikali ir div\u0101s valod\u0101s: viet\u0113j\u0101 valoda + ang\u013cu valoda<\/p>\n<ul>\n<li>Igaunijas e-veikala adrese ir: <a href=\"http:\/\/pood.jungent.eu\" target=\"_blank\" rel=\"noopener\">pood.jungent.eu<\/a><\/li>\n<li>Lietuvas e-veikala adrese ir: <a href=\"http:\/\/store.jungent.eu\" target=\"_blank\" rel=\"noopener\">store.jungent.eu<\/a><\/li>\n<li>Latvijas e-veikala adrese ir: <a href=\"http:\/\/shop.jungent.eu\" target=\"_blank\" rel=\"noopener\">shop.jungent.eu<\/a><\/li>\n<\/ul>\n[\/vc_column_text][vc_empty_space][vc_custom_heading text=&#8221;Galvenie e-veikala m\u0113r\u0137i&#8221; use_theme_fonts=&#8221;yes&#8221; el_class=&#8221;service-content&#8221; css=&#8221;.vc_custom_1598005369858{padding-bottom: 20px !important;}&#8221;][vc_column_text]\n<ul>\n<li>Biznesa klientu pa\u0161apkalpo\u0161an\u0101s vides izveido\u0161ana, kas atvieglotu Jungent klientu apkalpo\u0161anas procesu.<\/li>\n<li>Iepirk\u0161an\u0101s atvieglo\u0161ana biznesa klientiem ar pirkumu v\u0113sturi un noliktavas kr\u0101jumu par\u0101d\u012b\u0161anu re\u0101llaik\u0101<\/li>\n<li>P\u0101rdo\u0161ana klientiem un kred\u012bta p\u0101rvald\u012b\u0161ana par l\u012bgumcenu<\/li>\n<li>Kampa\u0146as<\/li>\n<li>Produktu aprakstu un datu pieejam\u012bba (API, ACEA, OEM atbilst\u012bbas sertifik\u0101ti)<\/li>\n<li>Vied\u0101 mekl\u0113t\u0101jprogramma ElasticSuite Thesaurus un Optimizer atvieglo produktu atra\u0161anu veikal\u0101.<\/li>\n<li>Pas\u016bt\u012bjumu un pieg\u0101\u017eu p\u0101rvald\u012bbas uzlabo\u0161ana<\/li>\n<\/ul>\n[\/vc_column_text][vc_empty_space][vc_custom_heading text=&#8221;Piepras\u012bt cenu \/ pied\u0101v\u0101jumu&#8221; use_theme_fonts=&#8221;yes&#8221; css=&#8221;.vc_custom_1598005578273{padding-bottom: 20px !important;}&#8221;][vc_column_text]Ja J\u016bs interes\u0113 produktu kategorijas, kas vi\u0146am nav redzamas, vai\u00a0 neapmierina e-veikala cenas, varat veikt cenu aptauju (pievienot piepras\u012bjumu) par klienta cenu. \u0160is piepras\u012bjums tiek p\u0101rs\u016bt\u012bts klientu vad\u012bt\u0101jam, kur\u0161 var izteikt cenu pied\u0101v\u0101jumu un sast\u0101d\u012bt specifisku cenu lietot\u0101jam e-veikal\u0101.[\/vc_column_text][vc_empty_space][vc_custom_heading text=&#8221;POS&#8221; use_theme_fonts=&#8221;yes&#8221; css=&#8221;.vc_custom_1598005715456{padding-bottom: 20px !important;}&#8221;][vc_column_text]Lai pas\u016bt\u012bjumus pas\u016bt\u012bt\u0101ja v\u0101rd\u0101 veiktu Jungent p\u0101rdo\u0161anas mened\u017eeri vai klientu apkalpo\u0161ana, m\u0113s izmantojam POS (point-of-sale) Webkul Magento kases sist\u0113mas spraudni.<\/p>\n<p>POS ar\u012b \u013cauj veikt pas\u016bt\u012bjumus pie jauna klienta un atlikt to l\u012bdz br\u012bdim, kad Axata klienta kods tiek pievienots Axapta klientu datiem.<\/p>\n<p>Pas\u016bt\u012bjuma apstiprin\u0101jums\u00a0 tiks nos\u016bt\u012bts k\u0101 uz e-pastu ja kontam b\u016bs re\u0123istr\u0113ta epasta adrese.[\/vc_column_text][vc_empty_space][vc_custom_heading text=&#8221;Iepirkumu grozs un kr\u0101jumi&#8221; use_theme_fonts=&#8221;yes&#8221; css=&#8221;.vc_custom_1598005887486{padding-bottom: 20px !important;}&#8221;][vc_column_text]E-veikal\u0101 produkta pieejam\u012bba tiek par\u0101d\u012bta Baltijas valstu noliktav\u0101s produkta detaliz\u0113taj\u0101 lap\u0101. \u0160\u012b inform\u0101cija tiek past\u0101v\u012bgi atjaunin\u0101ta, un klients redz daudzumus da\u017e\u0101d\u0101s noliktav\u0101s un var attiec\u012bgi pl\u0101not iesniegt\u0101 pas\u016bt\u012bjuma daudzumus. Produkta lap\u0101 ir kr\u0101jumu skaitlisk\u0101 inform\u0101cija. Ja klients nolemj ieg\u0101d\u0101ties preci, vi\u0146\u0161 iepirkuma groz\u0101 pievieno ieg\u0101d\u0101jam\u0101 produkta daudzumu. Klients tiek novirz\u012bts uz iepirkumu grozu no produkta lapas.<\/p>\n<p>Ja v\u0113lam\u0101 produkta kr\u0101jums ir nulle, tiek aktiviz\u0113ta tikai poga Piepras\u012bt pied\u0101v\u0101jumu (tad nav redzama poga Iepirkumu grozs) un uz Jungent klientu apkalpo\u0161anas centru ir j\u0101nos\u016bts piepras\u012bjums. \u0160aj\u0101 gad\u012bjum\u0101 m\u0113s varam inform\u0113t klientu, kad prece non\u0101k noliktav\u0101 vai ieteikt preces analogu.[\/vc_column_text][\/vc_column][vc_column css_animation=&#8221;bottom-to-top&#8221; width=&#8221;1\/6&#8243;][vc_widget_sidebar sidebar_id=&#8221;sidebar-10&#8243;][\/vc_column][\/vc_row]\n<\/div>","protected":false},"excerpt":{"rendered":"<p>[vc_row el_class=&#8221;container&#8221;][vc_column offset=&#8221;vc_hidden-xs&#8221;][vc_images_carousel images=&#8221;6661,6656,6651&#8243; img_size=&#8221;large&#8221; onclick=&#8221;custom_link&#8221; custom_links_target=&#8221;_blank&#8221; speed=&#8221;1000&#8243; slides_per_view=&#8221;3&#8243; hide_prev_next_buttons=&#8221;yes&#8221; wrap=&#8221;yes&#8221; css_animation=&#8221;appear&#8221; custom_links=&#8221;#E-8_aHR0cHMlM0ElMkYlMkZzaG9wLmp1bmdlbnQuZXUlMkNodHRwcyUzQSUyRiUyRnBvb2QuanVuZ2VudC5ldSUyQ2h0dHBzJTNBJTJGJTJGc3RvcmUuanVuZ2VudC5ldQ==&#8221; css=&#8221;.vc_custom_1591340610352{margin-right: 20px !important;margin-left: 20px !important;}&#8221;][\/vc_column][\/vc_row][vc_row css=&#8221;.vc_custom_1598134553534{padding-top: 30px !important;padding-right: 50px !important;padding-left: 50px !important;}&#8221; el_class=&#8221;container&#8221;][vc_column width=&#8221;5\/6&#8243;][vc_custom_heading text=&#8221;Ievads&#8221; use_theme_fonts=&#8221;yes&#8221; el_class=&#8221;service-content&#8221; el_id=&#8221;Pood_tutvustus&#8221; css=&#8221;.vc_custom_1598005377941{padding-bottom: 20px !important;}&#8221;][vc_column_text]E-veikals k\u0101 p\u0101rdo\u0161anas kan\u0101ls ir paredz\u0113ts biznesa klientiem. Uz\u0146\u0113mumam ir j\u0101b\u016bt kontam e-veikal\u0101, lai e-veikal\u0101 var\u0113tu ieg\u0101d\u0101ties un pas\u016bt\u012bt produktus. Visi biznesa klientu konti vispirms tiek re\u0123istr\u0113ti Jungent biznesa programmat\u016br\u0101, ar kontam piesaist\u012btu l\u012bgumu kur\u0101, uz\u0146\u0113mumam tiek noteikts kred\u012btlimits un maks\u0101juma termi\u0146\u0161. Viena no oblig\u0101taj\u0101m klientu konta re\u0123istr\u0101cijas da\u013c\u0101m ir uz\u0146\u0113muma komercre\u0123istra numura ievad\u012b\u0161ana. Programm\u0101 Axapta katram biznesa klientam tiek pie\u0161\u0137irts unik\u0101ls klienta kods. Tas pats klienta kods tiek saglab\u0101ts ar\u012b e-veikala programmat\u016br\u0101 Magento. Visi biznesa klienti tiek re\u0123istr\u0113ti un aktiviz\u0113ti programmat\u016br\u0101 Axapta, un p\u0113c tam klienta konts tiek apstiprin\u0101ts ar\u012b Magento, ja klients piesak\u0101s uz to l\u012bguma nosl\u0113g\u0161anas laik\u0101. E-veikali ir div\u0101s valod\u0101s: viet\u0113j\u0101 valoda + ang\u013cu valoda Igaunijas e-veikala adrese ir: pood.jungent.eu Lietuvas e-veikala adrese<a class=\"moretag\" href=\"https:\/\/oil.jungent.eu\/lv\/e-ordering\/par-b2b-e-veikalu\/\"> Read More&#8230;<\/a><\/p>\n","protected":false},"author":4,"featured_media":6541,"parent":892,"menu_order":1,"comment_status":"closed","ping_status":"closed","template":"","meta":{"_acf_changed":false,"_monsterinsights_skip_tracking":false,"_monsterinsights_sitenote_active":false,"_monsterinsights_sitenote_note":"","_monsterinsights_sitenote_category":0,"footnotes":""},"class_list":["post-7219","page","type-page","status-publish","has-post-thumbnail","hentry"],"acf":[],"_links":{"self":[{"href":"https:\/\/oil.jungent.eu\/lv\/wp-json\/wp\/v2\/pages\/7219","targetHints":{"allow":["GET"]}}],"collection":[{"href":"https:\/\/oil.jungent.eu\/lv\/wp-json\/wp\/v2\/pages"}],"about":[{"href":"https:\/\/oil.jungent.eu\/lv\/wp-json\/wp\/v2\/types\/page"}],"author":[{"embeddable":true,"href":"https:\/\/oil.jungent.eu\/lv\/wp-json\/wp\/v2\/users\/4"}],"replies":[{"embeddable":true,"href":"https:\/\/oil.jungent.eu\/lv\/wp-json\/wp\/v2\/comments?post=7219"}],"version-history":[{"count":5,"href":"https:\/\/oil.jungent.eu\/lv\/wp-json\/wp\/v2\/pages\/7219\/revisions"}],"predecessor-version":[{"id":8993,"href":"https:\/\/oil.jungent.eu\/lv\/wp-json\/wp\/v2\/pages\/7219\/revisions\/8993"}],"up":[{"embeddable":true,"href":"https:\/\/oil.jungent.eu\/lv\/wp-json\/wp\/v2\/pages\/892"}],"wp:featuredmedia":[{"embeddable":true,"href":"https:\/\/oil.jungent.eu\/lv\/wp-json\/wp\/v2\/media\/6541"}],"wp:attachment":[{"href":"https:\/\/oil.jungent.eu\/lv\/wp-json\/wp\/v2\/media?parent=7219"}],"curies":[{"name":"wp","href":"https:\/\/api.w.org\/{rel}","templated":true}]}}