{"id":7201,"date":"2020-08-11T13:09:56","date_gmt":"2020-08-11T10:09:56","guid":{"rendered":"https:\/\/oil.jungent.eu\/where-to-buy\/"},"modified":"2025-12-17T13:29:54","modified_gmt":"2025-12-17T11:29:54","slug":"kur-iegadaties","status":"publish","type":"page","link":"https:\/\/oil.jungent.eu\/lv\/kur-iegadaties\/","title":{"rendered":"KUR IEG\u0100D\u0100TIES"},"content":{"rendered":"<div class=\"wpb-content-wrapper\">[vc_row][vc_column][vc_column_text]<iframe loading=\"lazy\" src=\"https:\/\/shelllubricantslocator.geoapp.me\/?locale=lv_LV&amp;prefilters=country_code.LV\" width=\"100%\" height=\"800px\" frameborder=\"0\" scrolling=\"auto\" allow=\"\u201cgeolocation;\" 0=\"fullscreen\u201d\" referrerpolicy=\"unsafe-url\" ><\/iframe>[\/vc_column_text][vc_empty_space][\/vc_column][\/vc_row][vc_row][vc_column][vc_custom_heading text=&#8221;Pas\u016bti pie m\u016bsu sadarb\u012bbas partneriem e-veikalos:&#8221; font_container=&#8221;tag:h2|text_align:center&#8221; google_fonts=&#8221;font_family:Inder%3Aregular|font_style:400%20regular%3A400%3Anormal&#8221; css=&#8221;&#8221;][\/vc_column][\/vc_row][vc_row][vc_column width=&#8221;1\/3&#8243;][\/vc_column][vc_column width=&#8221;1\/3&#8243;][vc_single_image image=&#8221;13029&#8243; img_size=&#8221;300px x 200px&#8221; alignment=&#8221;center&#8221; onclick=&#8221;custom_link&#8221; css=&#8221;&#8221; link=&#8221;https:\/\/www.trodo.lv\/motorella\/shell&#8221;][vc_column_text css=&#8221;&#8221;]\n<h3 style=\"text-align: center;\"><a href=\"https:\/\/www.trodo.lv\/motorella\/shell\" target=\"_blank\" rel=\"noopener\">trodo.lv<\/a><\/h3>\n[\/vc_column_text][\/vc_column][vc_column width=&#8221;1\/3&#8243;][\/vc_column][\/vc_row][vc_row][vc_column][\/vc_column][\/vc_row]\n<\/div>","protected":false},"excerpt":{"rendered":"<p>[vc_row][vc_column][vc_column_text][\/vc_column_text][vc_empty_space][\/vc_column][\/vc_row][vc_row][vc_column][vc_custom_heading text=&#8221;Pas\u016bti pie m\u016bsu sadarb\u012bbas partneriem e-veikalos:&#8221; font_container=&#8221;tag:h2|text_align:center&#8221; google_fonts=&#8221;font_family:Inder%3Aregular|font_style:400%20regular%3A400%3Anormal&#8221; css=&#8221;&#8221;][\/vc_column][\/vc_row][vc_row][vc_column width=&#8221;1\/3&#8243;][\/vc_column][vc_column width=&#8221;1\/3&#8243;][vc_single_image image=&#8221;13029&#8243; img_size=&#8221;300px x 200px&#8221; alignment=&#8221;center&#8221; onclick=&#8221;custom_link&#8221; css=&#8221;&#8221; link=&#8221;https:\/\/www.trodo.lv\/motorella\/shell&#8221;][vc_column_text css=&#8221;&#8221;] trodo.lv [\/vc_column_text][\/vc_column][vc_column width=&#8221;1\/3&#8243;][\/vc_column][\/vc_row][vc_row][vc_column][\/vc_column][\/vc_row]<\/p>\n","protected":false},"author":2,"featured_media":0,"parent":0,"menu_order":0,"comment_status":"closed","ping_status":"closed","template":"","meta":{"_acf_changed":false,"_monsterinsights_skip_tracking":false,"_monsterinsights_sitenote_active":false,"_monsterinsights_sitenote_note":"","_monsterinsights_sitenote_category":0,"footnotes":""},"class_list":["post-7201","page","type-page","status-publish","hentry"],"acf":[],"_links":{"self":[{"href":"https:\/\/oil.jungent.eu\/lv\/wp-json\/wp\/v2\/pages\/7201","targetHints":{"allow":["GET"]}}],"collection":[{"href":"https:\/\/oil.jungent.eu\/lv\/wp-json\/wp\/v2\/pages"}],"about":[{"href":"https:\/\/oil.jungent.eu\/lv\/wp-json\/wp\/v2\/types\/page"}],"author":[{"embeddable":true,"href":"https:\/\/oil.jungent.eu\/lv\/wp-json\/wp\/v2\/users\/2"}],"replies":[{"embeddable":true,"href":"https:\/\/oil.jungent.eu\/lv\/wp-json\/wp\/v2\/comments?post=7201"}],"version-history":[{"count":10,"href":"https:\/\/oil.jungent.eu\/lv\/wp-json\/wp\/v2\/pages\/7201\/revisions"}],"predecessor-version":[{"id":7341,"href":"https:\/\/oil.jungent.eu\/lv\/wp-json\/wp\/v2\/pages\/7201\/revisions\/7341"}],"wp:attachment":[{"href":"https:\/\/oil.jungent.eu\/lv\/wp-json\/wp\/v2\/media?parent=7201"}],"curies":[{"name":"wp","href":"https:\/\/api.w.org\/{rel}","templated":true}]}}