{"id":8521,"date":"2022-01-05T12:02:23","date_gmt":"2022-01-05T10:02:23","guid":{"rendered":"https:\/\/oil.jungent.eu\/?page_id=8521"},"modified":"2022-05-19T14:23:34","modified_gmt":"2022-05-19T11:23:34","slug":"b2b-elektronines-parduotuves-pristatymas","status":"publish","type":"page","link":"https:\/\/oil.jungent.eu\/lt\/e-parduotuve\/b2b-elektronines-parduotuves-pristatymas\/","title":{"rendered":"B2B elektronin\u0117s parduotuv\u0117s pristatymas"},"content":{"rendered":"<div class=\"wpb-content-wrapper\">[vc_row el_class=&#8221;container&#8221;][vc_column offset=&#8221;vc_hidden-xs&#8221;][vc_images_carousel images=&#8221;6662,6657,6652&#8243; img_size=&#8221;large&#8221; onclick=&#8221;custom_link&#8221; custom_links_target=&#8221;_blank&#8221; speed=&#8221;1000&#8243; slides_per_view=&#8221;3&#8243; hide_prev_next_buttons=&#8221;yes&#8221; wrap=&#8221;yes&#8221; css_animation=&#8221;appear&#8221; custom_links=&#8221;#E-8_aHR0cHMlM0ElMkYlMkZzaG9wLmp1bmdlbnQuZXUlMkNodHRwcyUzQSUyRiUyRnBvb2QuanVuZ2VudC5ldSUyQ2h0dHBzJTNBJTJGJTJGc3RvcmUuanVuZ2VudC5ldQ==&#8221; css=&#8221;.vc_custom_1591340610352{margin-right: 20px !important;margin-left: 20px !important;}&#8221;][\/vc_column][\/vc_row][vc_row css=&#8221;.vc_custom_1598133729090{padding-top: 30px !important;padding-right: 50px !important;padding-left: 50px !important;}&#8221; el_class=&#8221;container&#8221;][vc_column width=&#8221;4\/6&#8243;][vc_custom_heading text=&#8221;\u012evadas&#8221; use_theme_fonts=&#8221;yes&#8221; el_class=&#8221;service-content&#8221; el_id=&#8221;Pood_tutvustus&#8221; css=&#8221;.vc_custom_1641376225389{padding-bottom: 20px !important;}&#8221;][vc_column_text]Elektronin\u0117 parduotuv\u0117, kaip pardavimo kanalas, yra skirta verslo klientams. Verslo klientas turi tur\u0117ti paskyr\u0105 elektronin\u0117je parduotuv\u0117je, kad gal\u0117t\u0173 pirkti ir u\u017esisakyti prekes e-parduotuv\u0117je. Visos verslo klient\u0173 paskyros pirmiausia registruojamos \u201eAxapta\u201c programoje, kurioje sutart\u012f pasira\u0161o vadybinikas su \u012fmone, tuomet \u012fmonei nustatomas kredito limitas bei mok\u0117jimo terminas. Viena i\u0161 privalom\u0173 klient\u0173 paskyros\u00a0 registravimo dali\u0173 yra \u012fmon\u0117s komercinio registro numerio \u012fvedimas. Axapta programin\u0117je \u012frangoje kiekvienam verslo klientui priskiriamas unikalus mok\u0117tojo kodas ir siuntos kodas. Tas pats siuntos kodas i\u0161saugomas ir el. parduotuv\u0117s programin\u0117je \u012frangoje Magento. Visi verslo klientai yra registruojami ir aktyvuojami Axapta programoje, o po to kliento paskyra patvirtinama Magento, jei klientas pageidauja to sudarant sutart\u012f.<\/p>\n<p>Elektronin\u0117s parduotuv\u0117s yra dvikalb\u0117s: numatytoji vietin\u0117 kalba + angl\u0173 kalba<\/p>\n<p>Jei jums reikia naudoti vietin\u012f el. u\u017esakym\u0105 angl\u0173 kalba, u\u017esiregistruokite angli\u0161kame puslapyje kaip \u0161is.[\/vc_column_text][vc_empty_space][vc_images_carousel images=&#8221;8372,8367,8388&#8243; img_size=&#8221;600&#215;600&#8243; slides_per_view=&#8221;2&#8243; partial_view=&#8221;yes&#8221;][vc_empty_space][vc_column_text]\n<ul>\n<li style=\"text-align: center;\">Estija e-shop: <a href=\"http:\/\/pood.jungent.eu\" target=\"_blank\" rel=\"noopener\">pood.jungent.eu<\/a><\/li>\n<li style=\"text-align: center;\">Lietuva e-shop: <a href=\"http:\/\/store.jungent.eu\" target=\"_blank\" rel=\"noopener\">store.jungent.eu<\/a><\/li>\n<li style=\"text-align: center;\">Latvija e-shop: <a href=\"http:\/\/shop.jungent.eu\" target=\"_blank\" rel=\"noopener\">shop.jungent.eu<\/a><\/li>\n<\/ul>\n[\/vc_column_text][vc_empty_space][vc_custom_heading text=&#8221;Pagrindiniai elektronin\u0117s parduotuv\u0117s tikslai&#8221; use_theme_fonts=&#8221;yes&#8221; el_class=&#8221;service-content&#8221; css=&#8221;.vc_custom_1641376244667{padding-bottom: 20px !important;}&#8221;][vc_column_text]\n<ul>\n<li>Sukurti verslo klient\u0173 savitarnos sistem\u0105, kuri palengvint\u0173 Jungent klient\u0173 aptarnavim\u0105.<\/li>\n<li>Patogesnis apsipirkimas verslo klientams, stebima pirkim\u0173 istorija ir realiu laiku rodomos atsargos Baltijos \u0161alyse<\/li>\n<li>Pardavimai klientams ir kredito valdymas<\/li>\n<li>Kampanijos ir u\u017esakymo pardavim\u0173 valdymas<\/li>\n<li>gaminio duomen\u0173 (API, ACEA, OEM atitikties sertifikat\u0173) paskelbimas<\/li>\n<li>I\u0161manioji paie\u0161kos sistema ElasticSuite Thesaurus ir Optimizer leid\u017eia lengvai rasti produktus parduotuv\u0117je. Apra\u0161ym\u0105 \u012f Elasticsuite galite rasti \u010dia<\/li>\n<li>U\u017esakym\u0173 ir atsi\u0117mimo valdymo tobulinimas<\/li>\n<li>Nauj\u0173 produkt\u0173 pardavim\u0173 didinimas su nauju pardavimo kanalu<\/li>\n<\/ul>\n[\/vc_column_text][vc_empty_space][vc_custom_heading text=&#8221;Produktai ir produkt\u0173 duomenys&#8221; use_theme_fonts=&#8221;yes&#8221; el_class=&#8221;service-content&#8221; css=&#8221;.vc_custom_1641376299431{padding-bottom: 20px !important;}&#8221;][vc_column_text]Produktai skirstomi \u012f dvi grupes \u2013 bendra grup\u0117 ir suasmeninta<\/p>\n<p>Bendrieji preki\u0173 pasi\u016blymai rodomi \u012fprastoje e-parduotuv\u0117s (neprisijungusiems sve\u010diams).<\/p>\n<p>Klientams specifin\u0117s prek\u0117s (pvz., BMW, John Deere, Komatsu, Scania ir kt.) \u012fprast\u0173 parduotuvi\u0173 asortimente nepasirodo. Norint juos u\u017esisakyti ir prid\u0117ti \u012f krep\u0161el\u012f, reikalingas Shell platintojo ir oficialaus fran\u0161iz\u0117s partnerio leidimas. Tokias prekes gali u\u017esisakyti prisijung\u0119s klientas, kuris turi Jungent klient\u0173 aptarnavimo suteiktas teises.<\/p>\n<p>Prek\u0117s ir kainos nustatomos pagal klient\u0105 (jei klientas turi Magento parduotuv\u0117je \u012fvest\u0105 Axapta kliento kod\u0105). Klientas prisijungdamas mato visas leistinas kategorijas ir produktus, ta\u010diau papildomai kiekvienam klientui i\u0161skiriami jo special\u016bs produktai.[\/vc_column_text][vc_empty_space][vc_custom_heading text=&#8221;Gaukite u\u017eklaus\u0105&#8221; use_theme_fonts=&#8221;yes&#8221; css=&#8221;.vc_custom_1641376339856{padding-bottom: 20px !important;}&#8221;][vc_column_text]\n<p style=\"margin: 0in; background: white;\"><span style=\"color: black;\">Jeigu pirk\u0117jas domisi jam nematomomis preki\u0173 kategorijomis arba jo netenkina elektronin\u0117s parduotuv\u0117s kainodara, jis gali atlikti Kainos u\u017eklaus\u0105 (Prid\u0117ti \u012f u\u017eklaus\u0105) d\u0117l pirk\u0117jo kainos. \u0160i u\u017eklausa persiun\u010diama klient\u0173 vadybininkui, kuris gali pateikti klientui kainos pasi\u016blym\u0105 ir sudaryti kain\u0105 Magento vartotojui. \u0160i nuolaida gali b\u016bti prid\u0117ta vien\u0105 kart\u0105 Magento elektronin\u0117je parduotuv\u0117je arba naudojama kaip speciali nuolaida.<\/span><\/p>\n[\/vc_column_text][vc_empty_space][vc_custom_heading text=&#8221;Pardavimo punktas&#8221; use_theme_fonts=&#8221;yes&#8221; css=&#8221;.vc_custom_1641376384037{padding-bottom: 20px !important;}&#8221;][vc_column_text]\n<h2>Nor\u0117dami kliento vardu pateikti pardavimo u\u017esakymus \u201eJungent\u201c pardavim\u0173 vadybininkams ar klient\u0173 aptarnavimui, naudojame PV (pardavimo vietos) \u201eWebkul Magento\u201c kasos sistemos papildin\u012f.<\/h2>\n<h2>PV taip pat leid\u017eia pateikti u\u017esakymus naujam klientui ir j\u012f sulaikyti, kol \u201eAxa\u201c kliento kodas bus \u012ftrauktas \u012f \u201eAxapta\u201c kliento duomenis.<\/h2>\n<h2>Kliento el. pa\u0161to adres\u0105 atitinkantis u\u017esakymas jam bus i\u0161si\u0173stas kaip patvirtinimas.<\/h2>\n[\/vc_column_text][vc_empty_space][vc_custom_heading text=&#8221;Preki\u0173 krep\u0161elis ir atsargos&#8221; use_theme_fonts=&#8221;yes&#8221; css=&#8221;.vc_custom_1641376416747{padding-bottom: 20px !important;}&#8221;][vc_column_text]\n<p style=\"margin: 0in; background: white;\"><span style=\"color: black;\">E-parduotuv\u0117je prek\u0117s prieinamumas Baltijos \u0161ali\u0173 sand\u0117liuose pateikiamas detaliame prek\u0117s puslapyje. \u0160i informacija nuolat atnaujinama ir klientas mato kiekius skirtinguose sand\u0117liuose ir gali pagal tai planuoti pateikto u\u017esakymo kiekius. Gaminio lape yra informacija apie atsargas sandeliuose. Jei klientas nusprend\u017eia pirkti prek\u0119, jis \u012f krep\u0161el\u012f \u012fdeda perkamos prek\u0117s kiek\u012f. Pirk\u0117jas i\u0161 prek\u0117s puslapio nukreipiamas \u012f pirkini\u0173 krep\u0161el\u012f<\/span><\/p>\n[\/vc_column_text][vc_empty_space][vc_custom_heading text=&#8221;Pristatymo adresas&#8221; use_theme_fonts=&#8221;yes&#8221; css=&#8221;.vc_custom_1641376905275{padding-bottom: 20px !important;}&#8221;][vc_column_text]Klientas gali u\u017esisakyti prekes skirtingais pristatymo adresais, su s\u0105lyga, kad pristatymo adreso kodas (vadinamas paskirties kodu) yra \u012ftrauktas \u012f adres\u0173 knyg\u0105 kliento paskyros prietais\u0173 skydelyje adres\u0173 knygel\u0117je (\u010dia gali pad\u0117ti klient\u0173 aptarnavimo skyrius arba pardavimo vadybininkas).[\/vc_column_text][\/vc_column][vc_column css_animation=&#8221;bottom-to-top&#8221; width=&#8221;2\/6&#8243;][vc_widget_sidebar sidebar_id=&#8221;sidebar-10&#8243;][\/vc_column][\/vc_row]\n<\/div>","protected":false},"excerpt":{"rendered":"<p>[vc_row el_class=&#8221;container&#8221;][vc_column offset=&#8221;vc_hidden-xs&#8221;][vc_images_carousel images=&#8221;6662,6657,6652&#8243; img_size=&#8221;large&#8221; onclick=&#8221;custom_link&#8221; custom_links_target=&#8221;_blank&#8221; speed=&#8221;1000&#8243; slides_per_view=&#8221;3&#8243; hide_prev_next_buttons=&#8221;yes&#8221; wrap=&#8221;yes&#8221; css_animation=&#8221;appear&#8221; custom_links=&#8221;#E-8_aHR0cHMlM0ElMkYlMkZzaG9wLmp1bmdlbnQuZXUlMkNodHRwcyUzQSUyRiUyRnBvb2QuanVuZ2VudC5ldSUyQ2h0dHBzJTNBJTJGJTJGc3RvcmUuanVuZ2VudC5ldQ==&#8221; css=&#8221;.vc_custom_1591340610352{margin-right: 20px !important;margin-left: 20px !important;}&#8221;][\/vc_column][\/vc_row][vc_row css=&#8221;.vc_custom_1598133729090{padding-top: 30px !important;padding-right: 50px !important;padding-left: 50px !important;}&#8221; el_class=&#8221;container&#8221;][vc_column width=&#8221;4\/6&#8243;][vc_custom_heading text=&#8221;\u012evadas&#8221; use_theme_fonts=&#8221;yes&#8221; el_class=&#8221;service-content&#8221; el_id=&#8221;Pood_tutvustus&#8221; css=&#8221;.vc_custom_1641376225389{padding-bottom: 20px !important;}&#8221;][vc_column_text]Elektronin\u0117 parduotuv\u0117, kaip pardavimo kanalas, yra skirta verslo klientams. Verslo klientas turi tur\u0117ti paskyr\u0105 elektronin\u0117je parduotuv\u0117je, kad gal\u0117t\u0173 pirkti ir u\u017esisakyti prekes e-parduotuv\u0117je. Visos verslo klient\u0173 paskyros pirmiausia registruojamos \u201eAxapta\u201c programoje, kurioje sutart\u012f pasira\u0161o vadybinikas su \u012fmone, tuomet \u012fmonei nustatomas kredito limitas bei mok\u0117jimo terminas. Viena i\u0161 privalom\u0173 klient\u0173 paskyros\u00a0 registravimo dali\u0173 yra \u012fmon\u0117s komercinio registro numerio \u012fvedimas. Axapta programin\u0117je \u012frangoje kiekvienam verslo klientui priskiriamas unikalus mok\u0117tojo kodas ir siuntos kodas. Tas pats siuntos kodas i\u0161saugomas ir el. parduotuv\u0117s programin\u0117je \u012frangoje Magento. Visi verslo klientai yra registruojami ir aktyvuojami Axapta programoje, o po to kliento paskyra patvirtinama Magento, jei klientas pageidauja to sudarant sutart\u012f. Elektronin\u0117s parduotuv\u0117s yra dvikalb\u0117s: numatytoji vietin\u0117 kalba + angl\u0173 kalba Jei jums reikia<a class=\"moretag\" href=\"https:\/\/oil.jungent.eu\/lt\/e-parduotuve\/b2b-elektronines-parduotuves-pristatymas\/\"> Read More&#8230;<\/a><\/p>\n","protected":false},"author":3,"featured_media":6542,"parent":893,"menu_order":1,"comment_status":"closed","ping_status":"closed","template":"","meta":{"_acf_changed":false,"_monsterinsights_skip_tracking":false,"_monsterinsights_sitenote_active":false,"_monsterinsights_sitenote_note":"","_monsterinsights_sitenote_category":0,"footnotes":""},"class_list":["post-8521","page","type-page","status-publish","has-post-thumbnail","hentry"],"acf":[],"rankMath":{"parentDomain":"oil.jungent.eu","noFollowDomains":[],"noFollowExcludeDomains":[],"noFollowExternalLinks":false,"featuredImageNotice":"The featured image should be at least 200 by 200 pixels to be picked up by Facebook and other social media sites.","pluginReviewed":false,"postSettings":{"linkSuggestions":true,"useFocusKeyword":false},"frontEndScore":false,"postName":"b2b-elektronines-parduotuves-pristatymas","permalinkFormat":"https:\/\/oil.jungent.eu\/lt\/%pagename%\/","showLockModifiedDate":true,"assessor":{"focusKeywordLink":"https:\/\/oil.jungent.eu\/wp-admin\/edit.php?focus_keyword=%focus_keyword%&post_type=%post_type%","hasTOCPlugin":false,"primaryTaxonomy":false,"serpData":{"title":"","description":"","focusKeywords":"","pillarContent":false,"canonicalUrl":"","breadcrumbTitle":"","advancedRobots":{"max-snippet":"-1","max-video-preview":"-1","max-image-preview":"large"},"facebookTitle":"","facebookDescription":"","facebookImage":"","facebookImageID":"","facebookHasOverlay":false,"facebookImageOverlay":"","facebookAuthor":"","twitterCardType":"","twitterUseFacebook":true,"twitterTitle":"","twitterDescription":"","twitterImage":"","twitterImageID":"","twitterHasOverlay":false,"twitterImageOverlay":"","twitterPlayerUrl":"","twitterPlayerSize":"","twitterPlayerStream":"","twitterPlayerStreamCtype":"","twitterAppDescription":"","twitterAppIphoneName":"","twitterAppIphoneID":"","twitterAppIphoneUrl":"","twitterAppIpadName":"","twitterAppIpadID":"","twitterAppIpadUrl":"","twitterAppGoogleplayName":"","twitterAppGoogleplayID":"","twitterAppGoogleplayUrl":"","twitterAppCountry":"","robots":{"index":true},"twitterAuthor":"username","primaryTerm":0,"authorName":"Ronalds Dzelme","titleTemplate":"%title% %page% %sep% %sitename%","descriptionTemplate":"%excerpt%","showScoreFrontend":true,"lockModifiedDate":false},"powerWords":[],"diacritics":{"A":"[\\u0041\\u24B6\\uFF21\\u00C0\\u00C1\\u00C2\\u1EA6\\u1EA4\\u1EAA\\u1EA8\\u00C3\\u0100\\u0102\\u1EB0\\u1EAE\\u1EB4\\u1EB2\\u0226\\u01E0\\u00C4\\u01DE\\u1EA2\\u00C5\\u01FA\\u01CD\\u0200\\u0202\\u1EA0\\u1EAC\\u1EB6\\u1E00\\u0104\\u023A\\u2C6F]","AA":"[\\uA732]","AE":"[\\u00C6\\u01FC\\u01E2]","AO":"[\\uA734]","AU":"[\\uA736]","AV":"[\\uA738\\uA73A]","AY":"[\\uA73C]","B":"[\\u0042\\u24B7\\uFF22\\u1E02\\u1E04\\u1E06\\u0243\\u0182\\u0181]","C":"[\\u0043\\u24B8\\uFF23\\u0106\\u0108\\u010A\\u010C\\u00C7\\u1E08\\u0187\\u023B\\uA73E]","D":"[\\u0044\\u24B9\\uFF24\\u1E0A\\u010E\\u1E0C\\u1E10\\u1E12\\u1E0E\\u0110\\u018B\\u018A\\u0189\\uA779]","DZ":"[\\u01F1\\u01C4]","Dz":"[\\u01F2\\u01C5]","E":"[\\u0045\\u24BA\\uFF25\\u00C8\\u00C9\\u00CA\\u1EC0\\u1EBE\\u1EC4\\u1EC2\\u1EBC\\u0112\\u1E14\\u1E16\\u0114\\u0116\\u00CB\\u1EBA\\u011A\\u0204\\u0206\\u1EB8\\u1EC6\\u0228\\u1E1C\\u0118\\u1E18\\u1E1A\\u0190\\u018E]","F":"[\\u0046\\u24BB\\uFF26\\u1E1E\\u0191\\uA77B]","G":"[\\u0047\\u24BC\\uFF27\\u01F4\\u011C\\u1E20\\u011E\\u0120\\u01E6\\u0122\\u01E4\\u0193\\uA7A0\\uA77D\\uA77E]","H":"[\\u0048\\u24BD\\uFF28\\u0124\\u1E22\\u1E26\\u021E\\u1E24\\u1E28\\u1E2A\\u0126\\u2C67\\u2C75\\uA78D]","I":"[\\u0049\\u24BE\\uFF29\\u00CC\\u00CD\\u00CE\\u0128\\u012A\\u012C\\u0130\\u00CF\\u1E2E\\u1EC8\\u01CF\\u0208\\u020A\\u1ECA\\u012E\\u1E2C\\u0197]","J":"[\\u004A\\u24BF\\uFF2A\\u0134\\u0248]","K":"[\\u004B\\u24C0\\uFF2B\\u1E30\\u01E8\\u1E32\\u0136\\u1E34\\u0198\\u2C69\\uA740\\uA742\\uA744\\uA7A2]","L":"[\\u004C\\u24C1\\uFF2C\\u013F\\u0139\\u013D\\u1E36\\u1E38\\u013B\\u1E3C\\u1E3A\\u0141\\u023D\\u2C62\\u2C60\\uA748\\uA746\\uA780]","LJ":"[\\u01C7]","Lj":"[\\u01C8]","M":"[\\u004D\\u24C2\\uFF2D\\u1E3E\\u1E40\\u1E42\\u2C6E\\u019C]","N":"[\\u004E\\u24C3\\uFF2E\\u01F8\\u0143\\u00D1\\u1E44\\u0147\\u1E46\\u0145\\u1E4A\\u1E48\\u0220\\u019D\\uA790\\uA7A4]","NJ":"[\\u01CA]","Nj":"[\\u01CB]","O":"[\\u004F\\u24C4\\uFF2F\\u00D2\\u00D3\\u00D4\\u1ED2\\u1ED0\\u1ED6\\u1ED4\\u00D5\\u1E4C\\u022C\\u1E4E\\u014C\\u1E50\\u1E52\\u014E\\u022E\\u0230\\u00D6\\u022A\\u1ECE\\u0150\\u01D1\\u020C\\u020E\\u01A0\\u1EDC\\u1EDA\\u1EE0\\u1EDE\\u1EE2\\u1ECC\\u1ED8\\u01EA\\u01EC\\u00D8\\u01FE\\u0186\\u019F\\uA74A\\uA74C]","OI":"[\\u01A2]","OO":"[\\uA74E]","OU":"[\\u0222]","P":"[\\u0050\\u24C5\\uFF30\\u1E54\\u1E56\\u01A4\\u2C63\\uA750\\uA752\\uA754]","Q":"[\\u0051\\u24C6\\uFF31\\uA756\\uA758\\u024A]","R":"[\\u0052\\u24C7\\uFF32\\u0154\\u1E58\\u0158\\u0210\\u0212\\u1E5A\\u1E5C\\u0156\\u1E5E\\u024C\\u2C64\\uA75A\\uA7A6\\uA782]","S":"[\\u0053\\u24C8\\uFF33\\u1E9E\\u015A\\u1E64\\u015C\\u1E60\\u0160\\u1E66\\u1E62\\u1E68\\u0218\\u015E\\u2C7E\\uA7A8\\uA784]","T":"[\\u0054\\u24C9\\uFF34\\u1E6A\\u0164\\u1E6C\\u021A\\u0162\\u1E70\\u1E6E\\u0166\\u01AC\\u01AE\\u023E\\uA786]","TZ":"[\\uA728]","U":"[\\u0055\\u24CA\\uFF35\\u00D9\\u00DA\\u00DB\\u0168\\u1E78\\u016A\\u1E7A\\u016C\\u00DC\\u01DB\\u01D7\\u01D5\\u01D9\\u1EE6\\u016E\\u0170\\u01D3\\u0214\\u0216\\u01AF\\u1EEA\\u1EE8\\u1EEE\\u1EEC\\u1EF0\\u1EE4\\u1E72\\u0172\\u1E76\\u1E74\\u0244]","V":"[\\u0056\\u24CB\\uFF36\\u1E7C\\u1E7E\\u01B2\\uA75E\\u0245]","VY":"[\\uA760]","W":"[\\u0057\\u24CC\\uFF37\\u1E80\\u1E82\\u0174\\u1E86\\u1E84\\u1E88\\u2C72]","X":"[\\u0058\\u24CD\\uFF38\\u1E8A\\u1E8C]","Y":"[\\u0059\\u24CE\\uFF39\\u1EF2\\u00DD\\u0176\\u1EF8\\u0232\\u1E8E\\u0178\\u1EF6\\u1EF4\\u01B3\\u024E\\u1EFE]","Z":"[\\u005A\\u24CF\\uFF3A\\u0179\\u1E90\\u017B\\u017D\\u1E92\\u1E94\\u01B5\\u0224\\u2C7F\\u2C6B\\uA762]","a":"[\\u0061\\u24D0\\uFF41\\u1E9A\\u00E0\\u00E1\\u00E2\\u1EA7\\u1EA5\\u1EAB\\u1EA9\\u00E3\\u0101\\u0103\\u1EB1\\u1EAF\\u1EB5\\u1EB3\\u0227\\u01E1\\u00E4\\u01DF\\u1EA3\\u00E5\\u01FB\\u01CE\\u0201\\u0203\\u1EA1\\u1EAD\\u1EB7\\u1E01\\u0105\\u2C65\\u0250]","aa":"[\\uA733]","ae":"[\\u00E6\\u01FD\\u01E3]","ao":"[\\uA735]","au":"[\\uA737]","av":"[\\uA739\\uA73B]","ay":"[\\uA73D]","b":"[\\u0062\\u24D1\\uFF42\\u1E03\\u1E05\\u1E07\\u0180\\u0183\\u0253]","c":"[\\u0063\\u24D2\\uFF43\\u0107\\u0109\\u010B\\u010D\\u00E7\\u1E09\\u0188\\u023C\\uA73F\\u2184]","d":"[\\u0064\\u24D3\\uFF44\\u1E0B\\u010F\\u1E0D\\u1E11\\u1E13\\u1E0F\\u0111\\u018C\\u0256\\u0257\\uA77A]","dz":"[\\u01F3\\u01C6]","e":"[\\u0065\\u24D4\\uFF45\\u00E8\\u00E9\\u00EA\\u1EC1\\u1EBF\\u1EC5\\u1EC3\\u1EBD\\u0113\\u1E15\\u1E17\\u0115\\u0117\\u00EB\\u1EBB\\u011B\\u0205\\u0207\\u1EB9\\u1EC7\\u0229\\u1E1D\\u0119\\u1E19\\u1E1B\\u0247\\u025B\\u01DD]","f":"[\\u0066\\u24D5\\uFF46\\u1E1F\\u0192\\uA77C]","g":"[\\u0067\\u24D6\\uFF47\\u01F5\\u011D\\u1E21\\u011F\\u0121\\u01E7\\u0123\\u01E5\\u0260\\uA7A1\\u1D79\\uA77F]","h":"[\\u0068\\u24D7\\uFF48\\u0125\\u1E23\\u1E27\\u021F\\u1E25\\u1E29\\u1E2B\\u1E96\\u0127\\u2C68\\u2C76\\u0265]","hv":"[\\u0195]","i":"[\\u0069\\u24D8\\uFF49\\u00EC\\u00ED\\u00EE\\u0129\\u012B\\u012D\\u00EF\\u1E2F\\u1EC9\\u01D0\\u0209\\u020B\\u1ECB\\u012F\\u1E2D\\u0268\\u0131]","j":"[\\u006A\\u24D9\\uFF4A\\u0135\\u01F0\\u0249]","k":"[\\u006B\\u24DA\\uFF4B\\u1E31\\u01E9\\u1E33\\u0137\\u1E35\\u0199\\u2C6A\\uA741\\uA743\\uA745\\uA7A3]","l":"[\\u006C\\u24DB\\uFF4C\\u0140\\u013A\\u013E\\u1E37\\u1E39\\u013C\\u1E3D\\u1E3B\\u017F\\u0142\\u019A\\u026B\\u2C61\\uA749\\uA781\\uA747]","lj":"[\\u01C9]","m":"[\\u006D\\u24DC\\uFF4D\\u1E3F\\u1E41\\u1E43\\u0271\\u026F]","n":"[\\u006E\\u24DD\\uFF4E\\u01F9\\u0144\\u00F1\\u1E45\\u0148\\u1E47\\u0146\\u1E4B\\u1E49\\u019E\\u0272\\u0149\\uA791\\uA7A5]","nj":"[\\u01CC]","o":"[\\u006F\\u24DE\\uFF4F\\u00F2\\u00F3\\u00F4\\u1ED3\\u1ED1\\u1ED7\\u1ED5\\u00F5\\u1E4D\\u022D\\u1E4F\\u014D\\u1E51\\u1E53\\u014F\\u022F\\u0231\\u00F6\\u022B\\u1ECF\\u0151\\u01D2\\u020D\\u020F\\u01A1\\u1EDD\\u1EDB\\u1EE1\\u1EDF\\u1EE3\\u1ECD\\u1ED9\\u01EB\\u01ED\\u00F8\\u01FF\\u0254\\uA74B\\uA74D\\u0275]","oi":"[\\u01A3]","ou":"[\\u0223]","oo":"[\\uA74F]","p":"[\\u0070\\u24DF\\uFF50\\u1E55\\u1E57\\u01A5\\u1D7D\\uA751\\uA753\\uA755]","q":"[\\u0071\\u24E0\\uFF51\\u024B\\uA757\\uA759]","r":"[\\u0072\\u24E1\\uFF52\\u0155\\u1E59\\u0159\\u0211\\u0213\\u1E5B\\u1E5D\\u0157\\u1E5F\\u024D\\u027D\\uA75B\\uA7A7\\uA783]","s":"[\\u0073\\u24E2\\uFF53\\u015B\\u1E65\\u015D\\u1E61\\u0161\\u1E67\\u1E63\\u1E69\\u0219\\u015F\\u023F\\uA7A9\\uA785\\u1E9B]","ss":"[\\u00DF]","t":"[\\u0074\\u24E3\\uFF54\\u1E6B\\u1E97\\u0165\\u1E6D\\u021B\\u0163\\u1E71\\u1E6F\\u0167\\u01AD\\u0288\\u2C66\\uA787]","tz":"[\\uA729]","u":"[\\u0075\\u24E4\\uFF55\\u00F9\\u00FA\\u00FB\\u0169\\u1E79\\u016B\\u1E7B\\u016D\\u00FC\\u01DC\\u01D8\\u01D6\\u01DA\\u1EE7\\u016F\\u0171\\u01D4\\u0215\\u0217\\u01B0\\u1EEB\\u1EE9\\u1EEF\\u1EED\\u1EF1\\u1EE5\\u1E73\\u0173\\u1E77\\u1E75\\u0289]","v":"[\\u0076\\u24E5\\uFF56\\u1E7D\\u1E7F\\u028B\\uA75F\\u028C]","vy":"[\\uA761]","w":"[\\u0077\\u24E6\\uFF57\\u1E81\\u1E83\\u0175\\u1E87\\u1E85\\u1E98\\u1E89\\u2C73]","x":"[\\u0078\\u24E7\\uFF58\\u1E8B\\u1E8D]","y":"[\\u0079\\u24E8\\uFF59\\u1EF3\\u00FD\\u0177\\u1EF9\\u0233\\u1E8F\\u00FF\\u1EF7\\u1E99\\u1EF5\\u01B4\\u024F\\u1EFF]","z":"[\\u007A\\u24E9\\uFF5A\\u017A\\u1E91\\u017C\\u017E\\u1E93\\u1E95\\u01B6\\u0225\\u0240\\u2C6C\\uA763]"},"researchesTests":["contentHasTOC","contentHasShortParagraphs","contentHasAssets","keywordInTitle","keywordInMetaDescription","keywordInPermalink","keywordIn10Percent","keywordInContent","keywordInSubheadings","keywordInImageAlt","keywordDensity","keywordNotUsed","lengthContent","lengthPermalink","linksHasInternal","linksHasExternals","linksNotAllExternals","titleStartWithKeyword","titleSentiment","titleHasPowerWords","titleHasNumber","hasContentAI"],"hasRedirection":true,"hasBreadcrumb":false},"homeUrl":"https:\/\/oil.jungent.eu\/lt\/","objectID":8521,"objectType":"post","locale":"lt","localeFull":"lt_LT","overlayImages":{"play":{"name":"Play icon","url":"https:\/\/oil.jungent.eu\/wp-content\/plugins\/seo-by-rank-math\/assets\/admin\/img\/icon-play.png","path":"\/data01\/virt53324\/domeenid\/www.jungent.eu\/oil\/wp-content\/plugins\/seo-by-rank-math\/assets\/admin\/img\/icon-play.png","position":"middle_center"},"gif":{"name":"GIF icon","url":"https:\/\/oil.jungent.eu\/wp-content\/plugins\/seo-by-rank-math\/assets\/admin\/img\/icon-gif.png","path":"\/data01\/virt53324\/domeenid\/www.jungent.eu\/oil\/wp-content\/plugins\/seo-by-rank-math\/assets\/admin\/img\/icon-gif.png","position":"middle_center"}},"defautOgImage":"https:\/\/oil.jungent.eu\/wp-content\/plugins\/seo-by-rank-math\/assets\/admin\/img\/social-placeholder.jpg","customPermalinks":true,"isUserRegistered":true,"autoSuggestKeywords":true,"connectSiteUrl":"https:\/\/rankmath.com\/auth?site=https%3A%2F%2Foil.jungent.eu%2Flt%2F&r=https%3A%2F%2Foil.jungent.eu%2Flt%2Fwp-json%2Fwp%2Fv2%2Fpages%2F8521%3Fnonce%3Dc6b8ee034a&pro=1","maxTags":100,"trendsIcon":"<svg viewBox=\"0 0 610 610\"><path d=\"M18.85,446,174.32,290.48l58.08,58.08L76.93,504a14.54,14.54,0,0,1-20.55,0L18.83,466.48a14.54,14.54,0,0,1,0-20.55Z\" style=\"fill:#4285f4\"\/><path d=\"M242.65,242.66,377.59,377.6l-47.75,47.75a14.54,14.54,0,0,1-20.55,0L174.37,290.43l47.75-47.75A14.52,14.52,0,0,1,242.65,242.66Z\" style=\"fill:#ea4335\"\/><polygon points=\"319.53 319.53 479.26 159.8 537.34 217.88 377.61 377.62 319.53 319.53\" style=\"fill:#fabb05\"\/><path d=\"M594.26,262.73V118.61h0a16.94,16.94,0,0,0-16.94-16.94H433.2a16.94,16.94,0,0,0-12,28.92L565.34,274.71h0a16.94,16.94,0,0,0,28.92-12Z\" style=\"fill:#34a853\"\/><rect width=\"610\" height=\"610\" style=\"fill:none\"\/><\/svg>","showScore":true,"siteFavIcon":"https:\/\/oil.jungent.eu\/wp-content\/uploads\/2020\/04\/cropped-Pecten-colour-with-white-outline-01-2-32x32.png","canUser":{"general":false,"advanced":false,"snippet":false,"social":false,"analysis":false,"analytics":false,"content_ai":false},"showKeywordIntent":true,"isPro":true,"is_front_page":false,"trendsUpgradeLink":"https:\/\/rankmath.com\/pricing\/?utm_source=Plugin&utm_medium=CE%20General%20Tab%20Trends&utm_campaign=WP","trendsUpgradeLabel":"Upgrade","trendsPreviewImage":"https:\/\/oil.jungent.eu\/wp-content\/plugins\/seo-by-rank-math\/assets\/admin\/img\/trends-preview.jpg","currentEditor":false,"homepageData":{"assessor":{"powerWords":[],"diacritics":true,"researchesTests":["contentHasTOC","contentHasShortParagraphs","contentHasAssets","keywordInTitle","keywordInMetaDescription","keywordInPermalink","keywordIn10Percent","keywordInContent","keywordInSubheadings","keywordInImageAlt","keywordDensity","keywordNotUsed","lengthContent","lengthPermalink","linksHasInternal","linksHasExternals","linksNotAllExternals","titleStartWithKeyword","titleSentiment","titleHasPowerWords","titleHasNumber","hasContentAI"],"hasBreadcrumb":false,"serpData":{"title":"%sitename% %page% %sep% %sitedesc%","description":"","titleTemplate":"%sitename% %page% %sep% %sitedesc%","descriptionTemplate":"","focusKeywords":"","breadcrumbTitle":"Home","robots":{"index":true},"advancedRobots":{"max-snippet":"-1","max-video-preview":"-1","max-image-preview":"large"},"facebookTitle":"","facebookDescription":"","facebookImage":"","facebookImageID":""}}},"searchIntents":[],"isAnalyticsConnected":true,"tocTitle":"Table of Contents","tocExcludeHeadings":[],"listStyle":"ul","localBusiness":{"limit":0,"mapStyle":"hybrid","routeLabel":"My Route"}},"_links":{"self":[{"href":"https:\/\/oil.jungent.eu\/lt\/wp-json\/wp\/v2\/pages\/8521","targetHints":{"allow":["GET"]}}],"collection":[{"href":"https:\/\/oil.jungent.eu\/lt\/wp-json\/wp\/v2\/pages"}],"about":[{"href":"https:\/\/oil.jungent.eu\/lt\/wp-json\/wp\/v2\/types\/page"}],"author":[{"embeddable":true,"href":"https:\/\/oil.jungent.eu\/lt\/wp-json\/wp\/v2\/users\/3"}],"replies":[{"embeddable":true,"href":"https:\/\/oil.jungent.eu\/lt\/wp-json\/wp\/v2\/comments?post=8521"}],"version-history":[{"count":4,"href":"https:\/\/oil.jungent.eu\/lt\/wp-json\/wp\/v2\/pages\/8521\/revisions"}],"predecessor-version":[{"id":9047,"href":"https:\/\/oil.jungent.eu\/lt\/wp-json\/wp\/v2\/pages\/8521\/revisions\/9047"}],"up":[{"embeddable":true,"href":"https:\/\/oil.jungent.eu\/lt\/wp-json\/wp\/v2\/pages\/893"}],"wp:featuredmedia":[{"embeddable":true,"href":"https:\/\/oil.jungent.eu\/lt\/wp-json\/wp\/v2\/media\/6542"}],"wp:attachment":[{"href":"https:\/\/oil.jungent.eu\/lt\/wp-json\/wp\/v2\/media?parent=8521"}],"curies":[{"name":"wp","href":"https:\/\/api.w.org\/{rel}","templated":true}]}}