{"id":8514,"date":"2022-01-05T11:40:23","date_gmt":"2022-01-05T09:40:23","guid":{"rendered":"https:\/\/oil.jungent.eu\/?page_id=8514"},"modified":"2022-05-19T14:22:43","modified_gmt":"2022-05-19T11:22:43","slug":"faq","status":"publish","type":"page","link":"https:\/\/oil.jungent.eu\/lt\/e-parduotuve\/faq\/","title":{"rendered":"Da\u017enai u\u017eduodami klausimai"},"content":{"rendered":"<div class=\"wpb-content-wrapper\">[vc_row css=&#8221;.vc_custom_1598134014672{padding-top: 30px !important;padding-right: 50px !important;padding-left: 50px !important;}&#8221; el_class=&#8221;container&#8221;][vc_column offset=&#8221;vc_hidden-xs&#8221;][vc_images_carousel images=&#8221;6662,6657,6652&#8243; img_size=&#8221;large&#8221; onclick=&#8221;custom_link&#8221; custom_links_target=&#8221;_blank&#8221; speed=&#8221;1000&#8243; slides_per_view=&#8221;3&#8243; hide_prev_next_buttons=&#8221;yes&#8221; wrap=&#8221;yes&#8221; css_animation=&#8221;appear&#8221; custom_links=&#8221;#E-8_aHR0cHMlM0ElMkYlMkZzaG9wLmp1bmdlbnQuZXUlMkNodHRwcyUzQSUyRiUyRnBvb2QuanVuZ2VudC5ldSUyQ2h0dHBzJTNBJTJGJTJGc3RvcmUuanVuZ2VudC5ldQ==&#8221;][\/vc_column][\/vc_row][vc_row el_class=&#8221;container&#8221;][vc_column][vc_custom_heading text=&#8221;FREQUENTLY ASKED QUESTIONS&#8221; font_container=&#8221;tag:h1|font_size:20|text_align:center&#8221; use_theme_fonts=&#8221;yes&#8221; el_class=&#8221;service-content&#8221; el_id=&#8221;Pood_tutvustus&#8221; css=&#8221;.vc_custom_1591268945685{padding-top: 50px !important;padding-bottom: 20px !important;}&#8221;][\/vc_column][\/vc_row][vc_row css=&#8221;.vc_custom_1598134055015{padding-top: 30px !important;padding-right: 50px !important;padding-left: 50px !important;}&#8221; el_class=&#8221;container&#8221;][vc_column width=&#8221;2\/3&#8243;][vc_column_text]<strong>BENDRA INFORMACIJA<\/strong><\/p>\n<p>Kaip galiu pakeisti savo vartotojo slapta\u017eod\u012f?<\/p>\n<p>Nor\u0117dami pakeisti paskyros slapta\u017eod\u012f, pasirinkite \u201eDarbalaukis\u201c, tuomet \u201eKeisti slapta\u017eod\u012f\u201c. Kita galimyb\u0117 pakeisti slapta\u017eod\u012f yra puslapyje \u201eKontaktin\u0117 informacija\u201c.<\/p>\n<p>&nbsp;<\/p>\n<p><strong>Kaip pakeisti savo el. pa\u0161to adres\u0105?<\/strong><\/p>\n<p>Nor\u0117dami pakeisti savo el. pa\u0161to adres\u0105, pasirinkite \u201eDarbalaukis\u201c, po to \u201eVartotojo informacija\u201c ir pabaigoje \u201eKeisti el. pa\u0161t\u0105\u201c, \u012fveskite dabartin\u012f el. pa\u0161to adres\u0105 ir slapta\u017eod\u012f, o tuomet nauj\u0105, \u012f kur\u012f norite ateityje gauti el.lai\u0161kus<\/p>\n<p><strong>Kur galiu pamatyti savo u\u017esakymo b\u016bsen\u0105?<\/strong><\/p>\n<p>Visus savo u\u017esakymus galite sekti pasirink\u0119 \u201eDarbalaukis\u201c ir \u201eMano u\u017esakymai\u201c. I\u0161 ten taip pat galima pakartotinai pateikti tok\u012f pat u\u017esakym\u0105, taip pat pakeisti kai kuriuos jo produktus ar kiekius.<\/p>\n<p>&nbsp;<\/p>\n<p><strong>Kaip galiu pakeisti pristatymo adres\u0105?<\/strong><\/p>\n<p>Nor\u0117dami pakeisti pristatymo adres\u0105, pasirinkite \u201eDarbalaukis\u201c ir \u201eAdres\u0173 knyga\u201c. Tada galite pakeisti adres\u0105 paspausdami \u201eKeisti pristatymo adres\u0105\u201c.<\/p>\n<p><strong>Ar galiu v\u0117liau pakeisti savo verslo informacij\u0105?<\/strong><\/p>\n<p>Taip, v\u0117liau galima pakeisti \u012fmon\u0117s registro numer\u012f darbalaukyje pasirinkus \u201e\u012emon\u0117s duomenys\u201c.<\/p>\n<p><strong>Kur galiu pamatyti kredito b\u016bsen\u0105 ir informacij\u0105 apie pinig\u0173 gr\u0105\u017einim\u0105?<\/strong><\/p>\n<p>Informacij\u0105 apie parduotuv\u0117s kredit\u0105 ir gr\u0105\u017einimus rasite darbalaukio skiltyje \u201eParduotuv\u0117s kreditas ir gr\u0105\u017einimas\u201c.<\/p>\n<p>&nbsp;<\/p>\n<p><strong>Ar galiu per\u017ei\u016br\u0117ti savo kain\u0173 u\u017eklausas svetain\u0117je?<\/strong><\/p>\n<p>Taip, kain\u0173 u\u017eklausas galite matyti pasirink\u0119 \u201eDarbalaukis \u201c ir \u201eMano kainos u\u017eklausos\u201c<\/p>\n<p><strong>Kaip galiu u\u017esiprenumeruoti j\u016bs\u0173 naujienlai\u0161k\u012f?<\/strong><\/p>\n<p>Nor\u0117dami u\u017esiprenumeruoti m\u016bs\u0173 naujienlai\u0161k\u012f, eikite \u012f \u201eDarbalaukis\u201c \u00a0ir \u201eNaujienlai\u0161kio prenumerata\u201c, pa\u017eym\u0117kite langel\u012f \u201eBendra prenumerata\u201c ir i\u0161saugokite pasirinkim\u0105. \u010cia u\u017esiprenmeruotas naujienlai\u0161kis bus siun\u010diamas tik elektronin\u0117s parduotuv\u0117s vartotojams.<\/p>\n<p>&nbsp;<\/p>\n<p>Nor\u0117dami gauti daugiau informacijos apie Shell Macro distributor oil.jungent.eu svetain\u0119, naujus produktus ir kit\u0105 marketingo veikl\u0105, tur\u0117tum\u0117te u\u017esiprenumeruoti naujienlai\u0161k\u012f \u010dia.<\/p>\n<p><strong>KAIN\u0172 PRA\u0160YMAI<\/strong><\/p>\n<p><strong>Kaip galiu pateikti kainos u\u017eklaus\u0105 ir papra\u0161yti geresn\u0117s kainos u\u017e didesn\u012f produkt\u0173 kiek\u012f?<\/strong><\/p>\n<p>Nor\u0117dami pateikti prek\u0117s kainos u\u017eklaus\u0105, elektronin\u0117je parduotuv\u0117je turite pasirinkti norim\u0105 prek\u0119, pasirinkti norim\u0105 kiek\u012f ir paspausti mygtuk\u0105 \u201eSi\u0173sti kainos u\u017eklaus\u0105\u201c.<\/p>\n<p>U\u017eklausos krep\u0161el\u012f galite per\u017ei\u016br\u0117ti paspaud\u0119 u\u017eklausos krep\u0161elio piktogram\u0105, esan\u010di\u0105 \u0161alia krep\u0161elio piktogramos vir\u0161utin\u0117je juostoje de\u0161in\u0117je. Kain\u0173 u\u017eklausos krep\u0161elyje de\u0161in\u0117je juostoje rodoma \u012fprasta prek\u0117s kaina. Prie\u0161 siun\u010diant u\u017eklaus\u0105 galima \u012fvesti pageidaujam\u0105 kain\u0105 kainos u\u017eklausos krep\u0161elyje, esan\u010dioje prek\u0117s kainos laukelyje.<\/p>\n<p>Prie u\u017eklausos komentar\u0173 laukelyje galite prid\u0117ti komentar\u0105, pvz. \u201eNor\u0117\u010diau gauti geresn\u0117s kainos pasi\u016blym\u0105 produktui Shell Helix Ultra ECT 0W-30 209L\u201c.<\/p>\n<p>Tuomet gausite el. lai\u0161k\u0105, patvirtinant\u012f, kad gavome j\u016bs\u0173 u\u017eklaus\u0105 ir kuo grei\u010diau jums atsakysime.<\/p>\n<p><strong>PIRKINI\u0172 KREP\u0160ELIS<\/strong><\/p>\n<p><strong>Kod\u0117l kai kurie produktai neturi mygtuko \u201e\u012e krep\u0161el\u012f\u201c?<\/strong><\/p>\n<p>Jeigu prie kai kuri\u0173 preki\u0173 n\u0117ra mygtuko \u201e\u012e krep\u0161el\u012f\u201c, tai rei\u0161kia, kad prek\u0117 baig\u0117si sand\u0117lyje ir \u0161iuo metu jos \u012fsigyti negalima. Ta\u010diau m\u016bs\u0173 komanda dirba kasdien, kad nuolatos u\u017esisakyt\u0173 reikiamas prekes. Taigi, jei prek\u0117s \u0161iuo metu n\u0117ra sand\u0117lyje, pra\u0161ome truput\u012f kantryb\u0117s ir sugr\u012f\u017eti po kurio laiko.<\/p>\n<p>&nbsp;<\/p>\n<p>Jei prek\u0117s n\u0117ra sand\u0117lyje, \u0161alia prek\u0117s bus rodomas mygtukas \u201ePrid\u0117ti \u012f u\u017eklaus\u0105\u201c. Tokiu b\u016bdu galite mums prane\u0161ti apie savo pageidavim\u0105 \u012fsigyti prek\u0119. Kai tik prek\u0117 bus sand\u0117lyje, klient\u0173 aptarnavimo skyrius jus informuos apie \u0161ios prek\u0117s prieinamum\u0105.<\/p>\n<p><strong>Kaip galiu sumok\u0117ti u\u017e prekes?<\/strong><\/p>\n<p>Atsiskaityti u\u017e prekes u\u017esakymo metu yra du b\u016bdai \u2013 \u201eSutartinis apmok\u0117jimo terminas\u201c arba \u201eU\u017esakymas pagal i\u0161ankstinio apmok\u0117jimo s\u0105skait\u0105\u201c.<\/p>\n<p>\u201eMok\u0117jimo pagal sutart\u012f\u201c terminas yra visiems prisijungusiems klientams turintiems sutar\u012f su Jungent Lietuva UAB, \u00a0i\u0161ankstinis apmok\u0117jimas taikomas klientams neturintiems sutarties su Jungent Lietuva UAB . Klient\u0173, nesudariusi\u0173 sutarties, pra\u0161ome naudoti mygtuk\u0105 \u201eU\u017esakyti pagal i\u0161ankstinio apmok\u0117jimo termin\u0105\u201c ir \u0161iuo atveju jums bus i\u0161ra\u0161yta i\u0161ankstinio apmok\u0117jimo s\u0105skaita su gav\u0117jo banko rekvizitais<\/p>\n<p><strong>Ar galiu ateityje pakartotinai u\u017esisakyti t\u0105 pat\u012f u\u017esakym\u0105, neprad\u0117damas i\u0161 naujo ie\u0161koti t\u0173 pa\u010di\u0173 preki\u0173 elektronin\u0117je parduotuv\u0117je?<\/strong><\/p>\n<p>Taip, pateik\u0119 pirm\u0105j\u012f u\u017esakym\u0105, elektronin\u0117je parduotuv\u0117je gal\u0117site pasirinkti \u201eMano u\u017esakymai\u201c ir pasirinkti \u201ePakartotinis u\u017esakymas\u201c u\u017esakydami i\u0161 naujo. Be to, j\u016bs taip pat turite galimyb\u0119 pakeisti \u0161\u012f u\u017esakym\u0105 ir, pavyzd\u017eiui, pa\u0161alinti prekes, kuri\u0173 \u0161\u012f kart\u0105 nebenorite u\u017esakyti, taip pat pakeisti preki\u0173 kiekius.<\/p>\n<p><strong>Kaip palyginti skirtingas prekes elektronin\u0117je parduotuv\u0117je?<\/strong><\/p>\n<p>Pasirink\u0119 visus norimus palyginti produktus, meniu juostos vir\u0161uje, de\u0161in\u0117je pus\u0117je, spustel\u0117kite parinkt\u012f \u201ePalyginti produktus\u201c. Paspaud\u0119 ant jos gal\u0117site palyginti pasirinktas prekes.[\/vc_column_text][\/vc_column][vc_column width=&#8221;1\/3&#8243;][vc_row_inner css=&#8221;.vc_custom_1591171106979{padding-right: 40px !important;padding-left: 40px !important;}&#8221;][vc_column_inner][vc_widget_sidebar sidebar_id=&#8221;sidebar-10&#8243;][\/vc_column_inner][\/vc_row_inner][\/vc_column][\/vc_row]\n<\/div>","protected":false},"excerpt":{"rendered":"<p>[vc_row css=&#8221;.vc_custom_1598134014672{padding-top: 30px !important;padding-right: 50px !important;padding-left: 50px !important;}&#8221; el_class=&#8221;container&#8221;][vc_column offset=&#8221;vc_hidden-xs&#8221;][vc_images_carousel images=&#8221;6662,6657,6652&#8243; img_size=&#8221;large&#8221; onclick=&#8221;custom_link&#8221; custom_links_target=&#8221;_blank&#8221; speed=&#8221;1000&#8243; slides_per_view=&#8221;3&#8243; hide_prev_next_buttons=&#8221;yes&#8221; wrap=&#8221;yes&#8221; css_animation=&#8221;appear&#8221; custom_links=&#8221;#E-8_aHR0cHMlM0ElMkYlMkZzaG9wLmp1bmdlbnQuZXUlMkNodHRwcyUzQSUyRiUyRnBvb2QuanVuZ2VudC5ldSUyQ2h0dHBzJTNBJTJGJTJGc3RvcmUuanVuZ2VudC5ldQ==&#8221;][\/vc_column][\/vc_row][vc_row el_class=&#8221;container&#8221;][vc_column][vc_custom_heading text=&#8221;FREQUENTLY ASKED QUESTIONS&#8221; font_container=&#8221;tag:h1|font_size:20|text_align:center&#8221; use_theme_fonts=&#8221;yes&#8221; el_class=&#8221;service-content&#8221; el_id=&#8221;Pood_tutvustus&#8221; css=&#8221;.vc_custom_1591268945685{padding-top: 50px !important;padding-bottom: 20px !important;}&#8221;][\/vc_column][\/vc_row][vc_row css=&#8221;.vc_custom_1598134055015{padding-top: 30px !important;padding-right: 50px !important;padding-left: 50px !important;}&#8221; el_class=&#8221;container&#8221;][vc_column width=&#8221;2\/3&#8243;][vc_column_text]BENDRA INFORMACIJA Kaip galiu pakeisti savo vartotojo slapta\u017eod\u012f? Nor\u0117dami pakeisti paskyros slapta\u017eod\u012f, pasirinkite \u201eDarbalaukis\u201c, tuomet \u201eKeisti slapta\u017eod\u012f\u201c. Kita galimyb\u0117 pakeisti slapta\u017eod\u012f yra puslapyje \u201eKontaktin\u0117 informacija\u201c. &nbsp; Kaip pakeisti savo el. pa\u0161to adres\u0105? Nor\u0117dami pakeisti savo el. pa\u0161to adres\u0105, pasirinkite \u201eDarbalaukis\u201c, po to \u201eVartotojo informacija\u201c ir pabaigoje \u201eKeisti el. pa\u0161t\u0105\u201c, \u012fveskite dabartin\u012f el. pa\u0161to adres\u0105 ir slapta\u017eod\u012f, o tuomet nauj\u0105, \u012f kur\u012f norite ateityje gauti el.lai\u0161kus Kur galiu pamatyti savo u\u017esakymo b\u016bsen\u0105? Visus savo u\u017esakymus galite sekti pasirink\u0119 \u201eDarbalaukis\u201c ir \u201eMano u\u017esakymai\u201c. I\u0161 ten taip pat galima pakartotinai pateikti tok\u012f pat u\u017esakym\u0105, taip pat pakeisti kai kuriuos jo produktus ar kiekius. &nbsp; Kaip galiu pakeisti pristatymo adres\u0105? Nor\u0117dami pakeisti pristatymo<a class=\"moretag\" href=\"https:\/\/oil.jungent.eu\/lt\/e-parduotuve\/faq\/\"> Read More&#8230;<\/a><\/p>\n","protected":false},"author":3,"featured_media":0,"parent":893,"menu_order":0,"comment_status":"closed","ping_status":"closed","template":"","meta":{"_acf_changed":false,"_monsterinsights_skip_tracking":false,"_monsterinsights_sitenote_active":false,"_monsterinsights_sitenote_note":"","_monsterinsights_sitenote_category":0,"footnotes":""},"class_list":["post-8514","page","type-page","status-publish","hentry"],"acf":[],"_links":{"self":[{"href":"https:\/\/oil.jungent.eu\/lt\/wp-json\/wp\/v2\/pages\/8514","targetHints":{"allow":["GET"]}}],"collection":[{"href":"https:\/\/oil.jungent.eu\/lt\/wp-json\/wp\/v2\/pages"}],"about":[{"href":"https:\/\/oil.jungent.eu\/lt\/wp-json\/wp\/v2\/types\/page"}],"author":[{"embeddable":true,"href":"https:\/\/oil.jungent.eu\/lt\/wp-json\/wp\/v2\/users\/3"}],"replies":[{"embeddable":true,"href":"https:\/\/oil.jungent.eu\/lt\/wp-json\/wp\/v2\/comments?post=8514"}],"version-history":[{"count":7,"href":"https:\/\/oil.jungent.eu\/lt\/wp-json\/wp\/v2\/pages\/8514\/revisions"}],"predecessor-version":[{"id":9045,"href":"https:\/\/oil.jungent.eu\/lt\/wp-json\/wp\/v2\/pages\/8514\/revisions\/9045"}],"up":[{"embeddable":true,"href":"https:\/\/oil.jungent.eu\/lt\/wp-json\/wp\/v2\/pages\/893"}],"wp:attachment":[{"href":"https:\/\/oil.jungent.eu\/lt\/wp-json\/wp\/v2\/media?parent=8514"}],"curies":[{"name":"wp","href":"https:\/\/api.w.org\/{rel}","templated":true}]}}