{"id":796,"date":"2018-12-10T06:01:13","date_gmt":"2018-12-10T06:01:13","guid":{"rendered":"https:\/\/oil.jungent.eu\/contact\/"},"modified":"2024-12-06T13:56:37","modified_gmt":"2024-12-06T11:56:37","slug":"kontaktai","status":"publish","type":"page","link":"https:\/\/oil.jungent.eu\/lt\/kontaktai\/","title":{"rendered":"Kontaktai"},"content":{"rendered":"<div class=\"wpb-content-wrapper\">[vc_row][vc_column][vc_raw_js]JTNDc2NyaXB0JTNFJTBBJTIwJTIwZ3RhZyUyOCUyN2V2ZW50JTI3JTJDJTIwJTI3Y29udmVyc2lvbiUyNyUyQyUyMCU3QiUyN3NlbmRfdG8lMjclM0ElMjAlMjdBVy05OTI3MTA1NTglMkZnTzc0Q0stOXJjd0JFSjZmcnRrRCUyNyU3RCUyOSUzQiUwQSUzQyUyRnNjcmlwdCUzRQ==[\/vc_raw_js][\/vc_column][\/vc_row][vc_row el_class=&#8221;container&#8221;][vc_column]\n\t\t\t<!-- START contact lt REVOLUTION SLIDER 6.7.38 --><p class=\"rs-p-wp-fix\"><\/p>\n\t\t\t<rs-module-wrap id=\"rev_slider_14_1_wrapper\" data-source=\"gallery\" style=\"visibility:hidden;background:transparent;padding:0;margin:0px auto;margin-top:0;margin-bottom:0;\">\n\t\t\t\t<rs-module id=\"rev_slider_14_1\" style=\"\" data-version=\"6.7.38\">\n\t\t\t\t\t<rs-slides style=\"overflow: hidden; position: absolute;\">\n\t\t\t\t\t\t<rs-slide style=\"position: absolute;\" data-key=\"rs-25\" data-title=\"Slide\" data-duration=\"38950\" data-anim=\"ms:600;r:0;\" data-in=\"o:0;\" data-out=\"a:false;\">\n\t\t\t\t\t\t\t<img decoding=\"async\" src=\"\/\/oil.jungent.eu\/wp-content\/plugins\/revslider\/sr6\/assets\/assets\/dummy.png\" alt=\"\" title=\"Contacts_v2\" width=\"1920\" height=\"400\" class=\"rev-slidebg tp-rs-img rs-lazyload\" data-lazyload=\"\/\/oil.jungent.eu\/wp-content\/uploads\/2019\/10\/Contacts_v2.jpg\" data-no-retina>\n<!--\n\t\t\t\t\t\t\t--><rs-layer\n\t\t\t\t\t\t\t\tid=\"slider-14-slide-25-layer-2\" \n\t\t\t\t\t\t\t\tdata-type=\"text\"\n\t\t\t\t\t\t\t\tdata-color=\"#282828\"\n\t\t\t\t\t\t\t\tdata-rsp_ch=\"on\"\n\t\t\t\t\t\t\t\tdata-xy=\"xo:29px,31px,31px,48px;y:m;yo:-81px,-77px,-77px,-82px;\"\n\t\t\t\t\t\t\t\tdata-text=\"s:53,50,50,40;l:23,22,22,22;fw:700;\"\n\t\t\t\t\t\t\t\tdata-frame_0=\"y:-52px;tp:600;\"\n\t\t\t\t\t\t\t\tdata-frame_1=\"tp:600;e:power2.inOut;\"\n\t\t\t\t\t\t\t\tdata-frame_999=\"y:-52px;o:0;tp:600;e:nothing;st:w;sp:2;\"\n\t\t\t\t\t\t\t\tdata-loop_999=\"sp:4000;e:linearEaseNone;yym:t;yys:t;yyf:t;\"\n\t\t\t\t\t\t\t\tstyle=\"z-index:5;font-family:'Open Sans';\"\n\t\t\t\t\t\t\t>SUSISIEKITE \n\t\t\t\t\t\t\t<\/rs-layer><!--\n\n\t\t\t\t\t\t\t--><rs-layer\n\t\t\t\t\t\t\t\tid=\"slider-14-slide-25-layer-3\" \n\t\t\t\t\t\t\t\tdata-type=\"text\"\n\t\t\t\t\t\t\t\tdata-color=\"#282828\"\n\t\t\t\t\t\t\t\tdata-rsp_ch=\"on\"\n\t\t\t\t\t\t\t\tdata-xy=\"xo:32px,30px,30px,42px;yo:119px,128px,128px,124px;\"\n\t\t\t\t\t\t\t\tdata-text=\"l:27,22,22,22;\"\n\t\t\t\t\t\t\t\tdata-frame_0=\"tp:600;\"\n\t\t\t\t\t\t\t\tdata-frame_1=\"tp:600;e:power2.inOut;st:500;\"\n\t\t\t\t\t\t\t\tdata-frame_999=\"o:0;tp:600;e:nothing;st:w;sp:2;\"\n\t\t\t\t\t\t\t\tdata-loop_999=\"sp:4000;e:linearEaseNone;yym:t;yys:t;yyf:t;\"\n\t\t\t\t\t\t\t\tstyle=\"z-index:6;font-family:'Roboto';\"\n\t\t\t\t\t\t\t>\nJungent Lietuva UAB<br><br>\n\nUkmerg\u0117s str. 283 LT-06313, Vilnius Lithuania<br>\n<a href=\"Tel:+370 52780 230\">Tel +370 52780 230<\/a><br>\n<a href=\"mailto:informacija@jungent.eu\"> informacija@jungent.eu<\/a>\n\n \n\t\t\t\t\t\t\t<\/rs-layer><!--\n-->\t\t\t\t\t<\/rs-slide>\n\t\t\t\t\t<\/rs-slides>\n\t\t\t\t<\/rs-module>\n\t\t\t\t<script>\n\t\t\t\t\tsetREVStartSize({c: 'rev_slider_14_1',rl:[1240,1024,778,480],el:[300,300,300,300],gw:[1240,1024,778,480],gh:[300,300,300,300],type:'standard',justify:'',layout:'fullwidth',mh:\"0\"});if (window.RS_MODULES!==undefined && window.RS_MODULES.modules!==undefined && window.RS_MODULES.modules[\"revslider141\"]!==undefined) {window.RS_MODULES.modules[\"revslider141\"].once = false;window.revapi14 = undefined;if (window.RS_MODULES.checkMinimal!==undefined) window.RS_MODULES.checkMinimal()}\n\t\t\t\t<\/script>\n\t\t\t<\/rs-module-wrap>\n\t\t\t<!-- END REVOLUTION SLIDER -->\n[\/vc_column][\/vc_row][vc_row content_placement=&#8221;middle&#8221; el_class=&#8221;container&#8221;][vc_column][vc_empty_space]<link rel=\"stylesheet\" href=\"https:\/\/oil.jungent.eu\/wp-content\/plugins\/indeed-my-team-vc\/themes\/theme_5\/style.css\" type=\"text\/css\" media=\"all\"><link rel=\"stylesheet\" href=\"https:\/\/oil.jungent.eu\/wp-content\/plugins\/indeed-my-team-vc\/layouts\/style_f8ba01.css\" type=\"text\/css\" media=\"all\"><div class='style_f8ba01'><div class='theme_5 pag-theme1'><div class='ict_wrapp'><div class='ict_content_cl imt-column-4' id='indeed_carousel_view_widget_1154' ><ul id='indeed_ul_1154_1' ><li style= ' width: calc(25% - 1px)'>\r\n<div class=\"team-member\">\r\n<div class=\"member-img\">\r\n <a >\r\n <img decoding=\"async\" title=\"Agn\u0117 Garbin\u010dien\u0117\" src=\"https:\/\/oil.jungent.eu\/wp-content\/uploads\/2024\/01\/small_08.jpg\" alt=\"\"\/>\r\n <\/a>\r\n <div class=\"member-desc\">\r\n\t\r\n  <\/div>\r\n<\/div>\r\n<div class=\"member-content\">\r\n<div class=\"member-name\">\r\n<a >\r\nAgn\u0117 Garbin\u010dien\u0117\r\n<\/a> \r\n<\/div>\t\r\n<div class=\"imtvc-text-align\">\r\n<div class=\"member-job\">\r\nShell produkt\u0173 marketingo atstov\u0117\r\n <\/div>\r\n <\/div>\r\n<div class=\"member-skills-wrapper\">\r\n    \r\n<\/div>\r\n<div class=\"member-social\">\r\n\t\r\n  <\/div>\r\n<div class=\"member-email\">\r\n<i class=\"glyphicont-envelope\"><\/i> <a href=\"mailto:shellmarketinglt@jungent.eu\">shellmarketinglt@jungent.eu<\/a>\r\n<\/div>\r\n<div class=\"member-web\">\r\n\r\n<\/div>\r\n<div class=\"member-phone\">\r\n<i class=\"icont-phone\"><\/i> <a href=\"tel:+37068700987\">+37068700987<\/a>\r\n<\/div>\r\n<div class=\"member-location\">\r\n\r\n<\/div>\r\n<\/div>\r\n<\/li><li style= ' width: calc(25% - 1px)'>\r\n<div class=\"team-member\">\r\n<div class=\"member-img\">\r\n <a >\r\n <img decoding=\"async\" title=\"Almontas Mikuli\u010dius\" src=\"https:\/\/oil.jungent.eu\/wp-content\/uploads\/2024\/01\/small_04.jpg\" alt=\"\"\/>\r\n <\/a>\r\n <div class=\"member-desc\">\r\n\t\r\n  <\/div>\r\n<\/div>\r\n<div class=\"member-content\">\r\n<div class=\"member-name\">\r\n<a >\r\nAlmontas Mikuli\u010dius\r\n<\/a> \r\n<\/div>\t\r\n<div class=\"imtvc-text-align\">\r\n<div class=\"member-job\">\r\nShell produkt\u0173 prekybos atstovas Kauno regionui\r\n <\/div>\r\n <\/div>\r\n<div class=\"member-skills-wrapper\">\r\n    \r\n<\/div>\r\n<div class=\"member-social\">\r\n\t\r\n  <\/div>\r\n<div class=\"member-email\">\r\n<i class=\"glyphicont-envelope\"><\/i> <a href=\"mailto:kaunas@jungent.eu\">kaunas@jungent.eu<\/a>\r\n<\/div>\r\n<div class=\"member-web\">\r\n\r\n<\/div>\r\n<div class=\"member-phone\">\r\n<i class=\"icont-phone\"><\/i> <a href=\"tel: +370 620 32785\">+370 620 32785<\/a>\r\n<\/div>\r\n<div class=\"member-location\">\r\n\r\n<\/div>\r\n<\/div>\r\n<\/li><li style= ' width: calc(25% - 1px)'>\r\n<div class=\"team-member\">\r\n<div class=\"member-img\">\r\n <a >\r\n <img decoding=\"async\" title=\"Art\u016bras Nareika\" src=\"https:\/\/oil.jungent.eu\/wp-content\/uploads\/2024\/01\/small_06.jpg\" alt=\"\"\/>\r\n <\/a>\r\n <div class=\"member-desc\">\r\n\t\r\n  <\/div>\r\n<\/div>\r\n<div class=\"member-content\">\r\n<div class=\"member-name\">\r\n<a >\r\nArt\u016bras Nareika\r\n<\/a> \r\n<\/div>\t\r\n<div class=\"imtvc-text-align\">\r\n<div class=\"member-job\">\r\nShell produkt\u0173 pardavim\u0173 vadovas Lietuvai\r\n <\/div>\r\n <\/div>\r\n<div class=\"member-skills-wrapper\">\r\n    \r\n<\/div>\r\n<div class=\"member-social\">\r\n\t\r\n  <\/div>\r\n<div class=\"member-email\">\r\n<i class=\"glyphicont-envelope\"><\/i> <a href=\"mailto:arturas.nareika@jungent.eu\">arturas.nareika@jungent.eu<\/a>\r\n<\/div>\r\n<div class=\"member-web\">\r\n\r\n<\/div>\r\n<div class=\"member-phone\">\r\n<i class=\"icont-phone\"><\/i> <a href=\"tel:+370 698 31125 \">+370 698 31125<\/a>\r\n<\/div>\r\n<div class=\"member-location\">\r\n\r\n<\/div>\r\n<\/div>\r\n<\/li><li style= ' width: calc(25% - 1px)'>\r\n<div class=\"team-member\">\r\n<div class=\"member-img\">\r\n <a >\r\n <img decoding=\"async\" title=\"Audrius Atra\u0161kas\" src=\"https:\/\/oil.jungent.eu\/wp-content\/uploads\/2024\/01\/small_10.jpg\" alt=\"\"\/>\r\n <\/a>\r\n <div class=\"member-desc\">\r\n\t\r\n  <\/div>\r\n<\/div>\r\n<div class=\"member-content\">\r\n<div class=\"member-name\">\r\n<a >\r\nAudrius Atra\u0161kas\r\n<\/a> \r\n<\/div>\t\r\n<div class=\"imtvc-text-align\">\r\n<div class=\"member-job\">\r\nShell produkt\u0173 atstovas prekybos tinkluose\r\n <\/div>\r\n <\/div>\r\n<div class=\"member-skills-wrapper\">\r\n    \r\n<\/div>\r\n<div class=\"member-social\">\r\n\t\r\n  <\/div>\r\n<div class=\"member-email\">\r\n<i class=\"glyphicont-envelope\"><\/i> <a href=\"mailto:audrius.atraskas@jungent.eu\">audrius.atraskas@jungent.eu<\/a>\r\n<\/div>\r\n<div class=\"member-web\">\r\n\r\n<\/div>\r\n<div class=\"member-phone\">\r\n<i class=\"icont-phone\"><\/i> <a href=\"tel: +370 68521566\">+370 685 21566<\/a>\r\n<\/div>\r\n<div class=\"member-location\">\r\n\r\n<\/div>\r\n<\/div>\r\n<\/li><li style= ' width: calc(25% - 1px)'>\r\n<div class=\"team-member\">\r\n<div class=\"member-img\">\r\n <a >\r\n <img decoding=\"async\" title=\"Egidijus Lapienis\" src=\"https:\/\/oil.jungent.eu\/wp-content\/uploads\/2024\/01\/small_01.jpg\" alt=\"\"\/>\r\n <\/a>\r\n <div class=\"member-desc\">\r\n\t\r\n  <\/div>\r\n<\/div>\r\n<div class=\"member-content\">\r\n<div class=\"member-name\">\r\n<a >\r\nEgidijus Lapienis\r\n<\/a> \r\n<\/div>\t\r\n<div class=\"imtvc-text-align\">\r\n<div class=\"member-job\">\r\nShell produkt\u0173 pardavimo atstovas Klaip\u0117dos regione\r\n <\/div>\r\n <\/div>\r\n<div class=\"member-skills-wrapper\">\r\n    \r\n<\/div>\r\n<div class=\"member-social\">\r\n\t\r\n  <\/div>\r\n<div class=\"member-email\">\r\n<i class=\"glyphicont-envelope\"><\/i> <a href=\"mailto:egidijus.lapienis@jungent.eu\">egidijus.lapienis@jungent.eu<\/a>\r\n<\/div>\r\n<div class=\"member-web\">\r\n\r\n<\/div>\r\n<div class=\"member-phone\">\r\n<i class=\"icont-phone\"><\/i>  <a href=\"tel:+37068651342\">+370 686 51342<\/a>\r\n<\/div>\r\n<div class=\"member-location\">\r\n\r\n<\/div>\r\n<\/div>\r\n<\/li><li style= ' width: calc(25% - 1px)'>\r\n<div class=\"team-member\">\r\n<div class=\"member-img\">\r\n <a >\r\n <img decoding=\"async\" title=\"Evaldas Spirikavi\u010dius\" src=\"https:\/\/oil.jungent.eu\/wp-content\/uploads\/2024\/01\/small_15.jpg\" alt=\"\"\/>\r\n <\/a>\r\n <div class=\"member-desc\">\r\n\t\r\n  <\/div>\r\n<\/div>\r\n<div class=\"member-content\">\r\n<div class=\"member-name\">\r\n<a >\r\nEvaldas Spirikavi\u010dius\r\n<\/a> \r\n<\/div>\t\r\n<div class=\"imtvc-text-align\">\r\n<div class=\"member-job\">\r\nShell pramon\u0117s produkt\u0173 pardavimo atstovas\r\n <\/div>\r\n <\/div>\r\n<div class=\"member-skills-wrapper\">\r\n    \r\n<\/div>\r\n<div class=\"member-social\">\r\n\t\r\n  <\/div>\r\n<div class=\"member-email\">\r\n<i class=\"glyphicont-envelope\"><\/i> <a href=\"mailto:evaldas.spirikavicius@jungent.eu\">evaldas.spirikavicius@jungent.eu<\/a>\r\n<\/div>\r\n<div class=\"member-web\">\r\n\r\n<\/div>\r\n<div class=\"member-phone\">\r\n<i class=\"icont-phone\"><\/i> <a href=\"tel:+37063108380\">+370 631 08380<\/a>\r\n<\/div>\r\n<div class=\"member-location\">\r\n\r\n<\/div>\r\n<\/div>\r\n<\/li><li style= ' width: calc(25% - 1px)'>\r\n<div class=\"team-member\">\r\n<div class=\"member-img\">\r\n <a >\r\n <img decoding=\"async\" title=\"Ram\u016bnas Brazys\" src=\"https:\/\/oil.jungent.eu\/wp-content\/uploads\/2024\/01\/small_03.jpg\" alt=\"\"\/>\r\n <\/a>\r\n <div class=\"member-desc\">\r\n\t\r\n  <\/div>\r\n<\/div>\r\n<div class=\"member-content\">\r\n<div class=\"member-name\">\r\n<a >\r\nRam\u016bnas Brazys\r\n<\/a> \r\n<\/div>\t\r\n<div class=\"imtvc-text-align\">\r\n<div class=\"member-job\">\r\nShell Globali\u0173 klient\u0173 aptarnavimo vadovas\r\n <\/div>\r\n <\/div>\r\n<div class=\"member-skills-wrapper\">\r\n    \r\n<\/div>\r\n<div class=\"member-social\">\r\n\t\r\n  <\/div>\r\n<div class=\"member-email\">\r\n<i class=\"glyphicont-envelope\"><\/i> <a href=\"mailto:ramunas.brazys@jungent.eu\">ramunas.brazys@jungent.eu<\/a>\r\n<\/div>\r\n<div class=\"member-web\">\r\n\r\n<\/div>\r\n<div class=\"member-phone\">\r\n<i class=\"icont-phone\"><\/i> <a href=\"tel:+370 698 31162\">+370 698 31162<\/a>\r\n<\/div>\r\n<div class=\"member-location\">\r\n\r\n<\/div>\r\n<\/div>\r\n<\/li><li style= ' width: calc(25% - 1px)'>\r\n<div class=\"team-member\">\r\n<div class=\"member-img\">\r\n <a >\r\n <img decoding=\"async\" title=\"Ri\u010dardas Va\u0161kelis\" src=\"https:\/\/oil.jungent.eu\/wp-content\/uploads\/2024\/01\/small_13.jpg\" alt=\"\"\/>\r\n <\/a>\r\n <div class=\"member-desc\">\r\n\t\r\n  <\/div>\r\n<\/div>\r\n<div class=\"member-content\">\r\n<div class=\"member-name\">\r\n<a >\r\nRi\u010dardas Va\u0161kelis\r\n<\/a> \r\n<\/div>\t\r\n<div class=\"imtvc-text-align\">\r\n<div class=\"member-job\">\r\nShell produkt\u0173 prekybos atstovas Vilniaus regionui\r\n <\/div>\r\n <\/div>\r\n<div class=\"member-skills-wrapper\">\r\n    \r\n<\/div>\r\n<div class=\"member-social\">\r\n\t\r\n  <\/div>\r\n<div class=\"member-email\">\r\n<i class=\"glyphicont-envelope\"><\/i> <a href=\"mailto:ricardas.vaskelis@jungent.eu\">ricardas.vaskelis@jungent.eu<\/a>\r\n<\/div>\r\n<div class=\"member-web\">\r\n\r\n<\/div>\r\n<div class=\"member-phone\">\r\n<i class=\"icont-phone\"><\/i> <a href=\"tel: +370 686 50276\">+370 686 50276<\/a>\r\n<\/div>\r\n<div class=\"member-location\">\r\n\r\n<\/div>\r\n<\/div>\r\n<\/li><div class='clear'><\/div><\/ul><\/div><\/div><\/div><\/div><div id ='imt_modal_id' class='imt-modal-wrapp'><div class='imt-modal-content'><div class='imt-close'>x<\/div><div class='imt-response'><\/div><\/div><\/div>[\/vc_column][\/vc_row][vc_row][vc_column][vc_empty_space][vc_raw_html]JTNDZGl2JTIwY2xhc3MlM0QlMjJwaXBlZHJpdmVXZWJGb3JtcyUyMiUyMGRhdGEtcGQtd2ViZm9ybXMlM0QlMjJodHRwcyUzQSUyRiUyRndlYmZvcm1zLnBpcGVkcml2ZS5jb20lMkZmJTJGbnJ6RmxpcDZoYjAxN2s3M1N2ZzI4eXpwSUd1aVhjem5tb0R2MnZZc2ZMY2dra2lTdGZSY3lOODhmTkdhMlRGJTIyJTNFJTNDc2NyaXB0JTIwc3JjJTNEJTIyaHR0cHMlM0ElMkYlMkZ3ZWJmb3Jtcy5waXBlZHJpdmUuY29tJTJGZiUyRmxvYWRlciUyMiUzRSUzQyUyRnNjcmlwdCUzRSUzQyUyRmRpdiUzRQ==[\/vc_raw_html][vc_empty_space][\/vc_column][\/vc_row]\n<\/div>","protected":false},"excerpt":{"rendered":"<p>[vc_row][vc_column][vc_raw_js]JTNDc2NyaXB0JTNFJTBBJTIwJTIwZ3RhZyUyOCUyN2V2ZW50JTI3JTJDJTIwJTI3Y29udmVyc2lvbiUyNyUyQyUyMCU3QiUyN3NlbmRfdG8lMjclM0ElMjAlMjdBVy05OTI3MTA1NTglMkZnTzc0Q0stOXJjd0JFSjZmcnRrRCUyNyU3RCUyOSUzQiUwQSUzQyUyRnNjcmlwdCUzRQ==[\/vc_raw_js][\/vc_column][\/vc_row][vc_row el_class=&#8221;container&#8221;][vc_column][\/vc_column][\/vc_row][vc_row content_placement=&#8221;middle&#8221; el_class=&#8221;container&#8221;][vc_column][vc_empty_space][\/vc_column][\/vc_row][vc_row][vc_column][vc_empty_space][vc_raw_html]JTNDZGl2JTIwY2xhc3MlM0QlMjJwaXBlZHJpdmVXZWJGb3JtcyUyMiUyMGRhdGEtcGQtd2ViZm9ybXMlM0QlMjJodHRwcyUzQSUyRiUyRndlYmZvcm1zLnBpcGVkcml2ZS5jb20lMkZmJTJGbnJ6RmxpcDZoYjAxN2s3M1N2ZzI4eXpwSUd1aVhjem5tb0R2MnZZc2ZMY2dra2lTdGZSY3lOODhmTkdhMlRGJTIyJTNFJTNDc2NyaXB0JTIwc3JjJTNEJTIyaHR0cHMlM0ElMkYlMkZ3ZWJmb3Jtcy5waXBlZHJpdmUuY29tJTJGZiUyRmxvYWRlciUyMiUzRSUzQyUyRnNjcmlwdCUzRSUzQyUyRmRpdiUzRQ==[\/vc_raw_html][vc_empty_space][\/vc_column][\/vc_row]<\/p>\n","protected":false},"author":2,"featured_media":0,"parent":0,"menu_order":0,"comment_status":"closed","ping_status":"closed","template":"","meta":{"_acf_changed":false,"_monsterinsights_skip_tracking":false,"_monsterinsights_sitenote_active":false,"_monsterinsights_sitenote_note":"","_monsterinsights_sitenote_category":0,"footnotes":""},"class_list":["post-796","page","type-page","status-publish","hentry"],"acf":[],"_links":{"self":[{"href":"https:\/\/oil.jungent.eu\/lt\/wp-json\/wp\/v2\/pages\/796","targetHints":{"allow":["GET"]}}],"collection":[{"href":"https:\/\/oil.jungent.eu\/lt\/wp-json\/wp\/v2\/pages"}],"about":[{"href":"https:\/\/oil.jungent.eu\/lt\/wp-json\/wp\/v2\/types\/page"}],"author":[{"embeddable":true,"href":"https:\/\/oil.jungent.eu\/lt\/wp-json\/wp\/v2\/users\/2"}],"replies":[{"embeddable":true,"href":"https:\/\/oil.jungent.eu\/lt\/wp-json\/wp\/v2\/comments?post=796"}],"version-history":[{"count":20,"href":"https:\/\/oil.jungent.eu\/lt\/wp-json\/wp\/v2\/pages\/796\/revisions"}],"predecessor-version":[{"id":12179,"href":"https:\/\/oil.jungent.eu\/lt\/wp-json\/wp\/v2\/pages\/796\/revisions\/12179"}],"wp:attachment":[{"href":"https:\/\/oil.jungent.eu\/lt\/wp-json\/wp\/v2\/media?parent=796"}],"curies":[{"name":"wp","href":"https:\/\/api.w.org\/{rel}","templated":true}]}}