{"id":6462,"date":"2020-04-21T21:11:33","date_gmt":"2020-04-21T18:11:33","guid":{"rendered":"https:\/\/oil.jungent.eu\/privacy-policy\/"},"modified":"2022-05-19T14:38:05","modified_gmt":"2022-05-19T11:38:05","slug":"privacy-policy","status":"publish","type":"page","link":"https:\/\/oil.jungent.eu\/lt\/privacy-policy\/","title":{"rendered":"Privatumo politika"},"content":{"rendered":"<div class=\"wpb-content-wrapper\">[vc_row el_class=&#8221;container&#8221;][vc_column][vc_empty_space height=&#8221;42px&#8221;][vc_custom_heading text=&#8221;Privatumo politika&#8221; font_container=&#8221;tag:h2|text_align:center&#8221; google_fonts=&#8221;font_family:Open%20Sans%3A300%2C300italic%2Cregular%2Citalic%2C600%2C600italic%2C700%2C700italic%2C800%2C800italic|font_style:400%20regular%3A400%3Anormal&#8221; el_class=&#8221;office-heading container&#8221;][vc_empty_space height=&#8221;42px&#8221;][vc_column_text]PRIVATUMO IR ASMENS DUOMEN\u0172 TVARKYMO POLITIKA<br \/>\nBendra informacija<br \/>\nUAB \u201eJungent Lietuva\u201c (toliau \u2013 Duomen\u0173 valdytojas) \u0161iomis privatumo taisykl\u0117mis (toliau \u2013 PT) nustato asmens duomen\u0173 tvarkymo s\u0105lygas naudojantis Duomen\u0173 valdytojo valdomomis interneto svetain\u0117mis. PT nustatytos s\u0105lygos taikomos kiekvien\u0105 kart\u0105 jums norint pasiekti m\u016bs\u0173 teikiam\u0105 turin\u012f ir \/ ar paslaug\u0105, nepaisant to, kok\u012f \u012frengin\u012f (kompiuter\u012f, mobil\u0173j\u012f telefon\u0105, plan\u0161et\u0119, televizori\u0173 ar kt.) naudojate.<\/p>\n<p>Duomen\u0173 valdytojo rekvizitai:<br \/>\nJuridinio asmens kodas: 111465368<br \/>\nBuvein\u0117s adresas: &#8222;, Ukmerg\u0117s 283, Vilnius, LT-06313,<br \/>\nTel.: +370 5 2780230,<br \/>\nFax: +370 5 2757074,<br \/>\nel. p.: informacija@jungent.eu.<\/p>\n<p>Pri\u017ei\u016brin\u010diosios institucijos:<\/p>\n<p>Informacin\u0117s visuomen\u0117s pl\u0117tros komitetas prie Susisiekimo ministerijos ir Valstybin\u0117 duomen\u0173 apsaugos inspekcija.<\/p>\n<p>Duomenys apie duomen\u0173 valdytoj\u0105 kaupiami ir saugomi Valstyb\u0117s \u012fmon\u0117s Registr\u0173 centro Vilniaus filiale. UAB \u201cJungent Lietuva\u201d asmens duomenys tvarkomi ir teikiami atitinkamoms institucijoms vadovaujantis Lietuvos Respublikos teis\u0117s \u012fstatymais ir teis\u0117s aktais.<\/p>\n<p>Patvirtiname, kad Duomen\u0173 valdytojo svetaini\u0173 ir socialini\u0173 tinkl\u0173 paskyr\u0173 lankytoj\u0173 duomenys bus renkami laikantis galiojan\u010di\u0173 Europos S\u0105jungos bei Lietuvos Respublikos teis\u0117s akt\u0173 reikalavim\u0173 bei kontroliuojan\u010di\u0173 institucij\u0173 nurodym\u0173. Taikomos visos protingos technin\u0117s ir administracin\u0117s priemon\u0117s tam, kad m\u016bs\u0173 surinkti duomenys apie svetaini\u0173 ir socialini\u0173 tinkl\u0173 paskyr\u0173 lankytojus b\u016bt\u0173 apsaugomi nuo praradimo, neleistino naudojimo ir pakeitim\u0173. Duomen\u0173 valdytojo darbuotojai yra ra\u0161ti\u0161kai \u012fsipareigoj\u0119 tre\u010diosioms \u0161alims neatskleisti ir neplatinti darbo vietoje gaunamos informacijos \u012fskaitant ir informacijos apie svetaini\u0173 lankytojus.<\/p>\n<p>Asmenys, kurie yra jaunesni negu 16 met\u0173, negali teikti joki\u0173 asmens duomen\u0173 rinkodaros veiklai per m\u016bs\u0173 svetain\u0119 (-es) ir socialini\u0173 tinkl\u0173 paskyras. Jei esate asmuo, kuris yra jaunesnis negu 16 met\u0173, prie\u0161 pateikdami asmenin\u0119 informacij\u0105 rinkodaros tikslais) turite gauti savo t\u0117v\u0173 arba kit\u0173 teis\u0117t\u0173 glob\u0117j\u0173 sutikim\u0105.<br \/>\nTaisykl\u0117se vartojamos s\u0105vokos suprantamos taip, kaip jos yra apibr\u0117\u017etos Bendrajame duomen\u0173 apsaugos reglamente Nr. 2016\/679 (ES)<br \/>\n.<br \/>\nKlient\u0173 fizini\u0173 asmen\u0173 duomenys, asmens ar identifikacijos kodai, kontaktiniai duomenys (gyvenamosios vietos adresai, telefono numeriai ir elektroninio pa\u0161to adresai) \u2013 kaupiami, tvarkomi ir naudojami u\u017esakymams, sutartims su klientais, preki\u0173 pristatymui, s\u0105skaitoms ir kitiems tiesiogiai su paslaug\u0173 teikimu klientams susijusiems tikslams, taip pat siekiant sukaupti duomenis apie klient\u0173 u\u017esakymus ir klient\u0173 poreikius.<\/p>\n<p>Duomen\u0173 rinkimo ir kaupimo tvarka:<\/p>\n<p>Duomenys apie klientus renkami su klient\u0173 sutikimu gaunant duomenis i\u0161 klient\u0173 ir surenkant vie\u0161ai prieinamus duomenis.<\/p>\n<p>Surinkti klient\u0173 duomenys ar j\u0173 dalis suvedami \u012f Bendrov\u0117s apskaitos sistem\u0105, kiek tai reikalinga bendrov\u0117s apskaitos tikslams \u012fgyvendinti.<\/p>\n<p>Asmens duomenys Bendrov\u0117je saugomi ne ilgiau nei reikalauja duomen\u0173 tvarkymo tikslai ir i\u0161trinami, kai neb\u0117ra reikalingi. Kas du metus surinkti ir kaupiami duomenys yra papildomai per\u017ei\u016brimi ir nereikalingi ir teis\u0117s aktais nenumatyti privalomai saugoti teis\u0117s aktuose nustatytais terminais duomenys yra i\u0161trinami.<\/p>\n<p>Asmens duomenys gali b\u016bti archyvuojami, kai teis\u0117s aktai numato dokument\u0173, kuriuose numatyti asmens duomenys, saugojimo terminus, imantis priemoni\u0173, kad asmens duomenys b\u016bt\u0173 apsaugoti ir u\u017etikrintas j\u0173 konfidencialumas.<\/p>\n<p>Bendrov\u0117, vykdydama \u012fvairias pardavim\u0173 skatinimo akcijas ar organizuodama konkursus, taip pat naudojasi tre\u010di\u0173j\u0173 \u0161ali\u0173 pateikiamomis duomen\u0173 baz\u0117mis, u\u017e kuri\u0173 duomen\u0173 rinkim\u0105 ir tvarkym\u0105 atsakingos tre\u010diosios \u0161alys. Bendrov\u0117 informacijos ir kit\u0173 duomen\u0173, gaut\u0173 i\u0161 tre\u010di\u0173j\u0173 \u0161ali\u0173, niekur nei\u0161saugo ir nekaupia.<\/p>\n<p>Asmenys, apie kuriuos asmens duomenys renkami, kaupiami, saugomi ir\/ar naudojami (toliau \u2013 Duomen\u0173 subjektai), turi teis\u0119:<\/p>\n<p>Gauti informacij\u0105, kokie j\u0173 duomenys ir kokiu tikslu renkami ir tvarkomi, i\u0161 koki\u0173 \u0161altini\u0173 jie gauti, jei \u0161altinius \u012fmanoma identifikuoti. Vien\u0105 kart\u0105 per metus duomenys asmeniui teikiami nemokamai, jei pra\u0161om\u0173 duomen\u0173 apimtis nevir\u0161ija tvarkom\u0173 duomen\u0173 suvestin\u0117s apimties pateikimo. Da\u017enesni pra\u0161ymai ar, jei pra\u0161om\u0173 duomen\u0173 apimtis vir\u0161ija tvarkom\u0173 duomen\u0173 suvestin\u0117s apimt\u012f, teikiami, sumok\u0117jus toki\u0173 duomen\u0173 parengimo ir pateikimo administracines i\u0161laidas.<\/p>\n<p>Teikti pra\u0161ymus i\u0161taisyti netikslius, pakeisti, sunaikinti duomenis. I\u0161taisius, pakeitus, sunaikinus duomenis pagal Duomen\u0173 subjekt\u0173 pra\u0161ym\u0105, Duomen\u0173 subjektai informuojami apie duomen\u0173 i\u0161taisym\u0105, pakeitim\u0105 ar sunaikinim\u0105.<\/p>\n<p>Ra\u0161tu ar el. pa\u0161tu, sudaran\u010diu galimyb\u0119 identifikuoti siunt\u0117j\u0105, at\u0161aukti savo sutikim\u0105 leisti rinkti, kaupti asmens duomenis. Sutikimo at\u0161aukimas neturi \u012ftakos iki sutikimo at\u0161aukimo teis\u0117tai surinkt\u0173 duomen\u0173 tvarkymui.<\/p>\n<p>Fiziniai asmenys turi teis\u0119 neatlygintinai susipa\u017einti su bendrov\u0117je esan\u010diais jo duomenimis bei gauti informacij\u0105, i\u0161 koki\u0173 \u0161altini\u0173 ir kokie jo asmens duomenys surinkti, kokiu tikslu jie tvarkomi ir kam teikiami. Fiziniai asmenys gali susipa\u017einti renkamais asmens duomenimis kreipdamiesi tiesiogiai \u012f UAB &#8222;Jungent Lietuva&#8221;, Ukmerg\u0117s 283, Vilnius, LT-06313, Tel.: +370 5 2780230, Fax: +370 5 2757074, el. p.: informacija@jungent.eu. UAB \u201eJungent Lietuva\u201c, gavusi duomen\u0173 subjekto pra\u0161ym\u0105, ne v\u0117liau kaip per 20 darbo dien\u0173 nuo pra\u0161ymo gavimo dienos ra\u0161tu pateikia pra\u0161omus duomenis arba nurodo atsisakymo tenkinti tok\u012f pra\u0161ym\u0105 prie\u017eastis.<\/p>\n<p>Skolinink\u0173 duomen\u0173 rinkimo ir kaupimo tvarka bei skund\u0173 teikimas:<\/p>\n<p>UAB \u201cJungent Lietuva\u201d fiziniams asmenims-klientams delsiant vykdyti savo \u012fsipareigojimus daugiau kaip 30 dien\u0173, teikia informacij\u0105 apie kliento tapatyb\u0119, kontaktinius duomenis ir kredito istorij\u0105, t.y. finansinius ir turtinius \u012fsipareigojimus ir j\u0173 vykdym\u0105, skolas ir j\u0173 apmok\u0117jim\u0105, kredito biurui UAB \u201cCreditinfo Lietuva\u201d (\u012fmon\u0117s kodas: 111689163, adresas: A. Go\u0161tauto g. 40A, LT 01112 Vilnius, Lietuva, www.manocreditinfo.lt, tel.: (8 5) 2394131). Kredito biuras tvarko ir teikia tretiesiems asmenims (finans\u0173 \u012fstaigoms, telekomunikacij\u0173 bendrov\u0117ms, draudimui, elektros ir komunalini\u0173 paslaug\u0173 teik\u0117jams, prekybos \u012fmon\u0117ms ir kt.) kliento informacij\u0105 siekdamas teis\u0117t\u0173 interes\u0173 ir tiksl\u0173 \u2013 \u012fvertinti kreditingum\u0105 ir valdyti \u012fsiskolinim\u0105. Kredito istorijos duomenys tvarkomi 10 met\u0173 po \u012fsipareigojim\u0173 \u012fvykdymo.<\/p>\n<p>Fiziniai asmenys gali susipa\u017einti su savo kredito istorija kreipdamasis tiesiogiai \u012f kredit\u0173 biur\u0105 arba pasinaudodami Finpass mobilia program\u0117le.<\/p>\n<p>Fiziniai asmenys turi teis\u0119 pra\u0161yti i\u0161taisyti arba i\u0161trinti, arba apriboti duomen\u0173 tvarkym\u0105 ir teis\u0119 nesutikti, kad duomenys b\u016bt\u0173 tvarkomi, taip pat teis\u0119 \u012f duomen\u0173 perkeliamum\u0105. Apie \u0161i\u0173 teisi\u0173 \u012fgyvendinim\u0105 ir apribojimus daugiau: www.manocreditinfo.lt. Jei J\u016bs\u0173 teis\u0117s pa\u017eeid\u017eiamos, J\u016bs galite kreiptis \u012f duomen\u0173 apsaugos pareig\u016bn\u0105 el. pa\u0161tu duomenu.apsauga@creditinfo.lt arba auk\u0161\u010diau nurodytu telefonu ar pateikti skund\u0105 Valstybinei duomen\u0173 apsaugos inspekcijai arba teismui.[\/vc_column_text][\/vc_column][\/vc_row]\n<\/div>","protected":false},"excerpt":{"rendered":"<p>[vc_row el_class=&#8221;container&#8221;][vc_column][vc_empty_space height=&#8221;42px&#8221;][vc_custom_heading text=&#8221;Privatumo politika&#8221; font_container=&#8221;tag:h2|text_align:center&#8221; google_fonts=&#8221;font_family:Open%20Sans%3A300%2C300italic%2Cregular%2Citalic%2C600%2C600italic%2C700%2C700italic%2C800%2C800italic|font_style:400%20regular%3A400%3Anormal&#8221; el_class=&#8221;office-heading container&#8221;][vc_empty_space height=&#8221;42px&#8221;][vc_column_text]PRIVATUMO IR ASMENS DUOMEN\u0172 TVARKYMO POLITIKA Bendra informacija UAB \u201eJungent Lietuva\u201c (toliau \u2013 Duomen\u0173 valdytojas) \u0161iomis privatumo taisykl\u0117mis (toliau \u2013 PT) nustato asmens duomen\u0173 tvarkymo s\u0105lygas naudojantis Duomen\u0173 valdytojo valdomomis interneto svetain\u0117mis. PT nustatytos s\u0105lygos taikomos kiekvien\u0105 kart\u0105 jums norint pasiekti m\u016bs\u0173 teikiam\u0105 turin\u012f ir \/ ar paslaug\u0105, nepaisant to, kok\u012f \u012frengin\u012f (kompiuter\u012f, mobil\u0173j\u012f telefon\u0105, plan\u0161et\u0119, televizori\u0173 ar kt.) naudojate. Duomen\u0173 valdytojo rekvizitai: Juridinio asmens kodas: 111465368 Buvein\u0117s adresas: &#8222;, Ukmerg\u0117s 283, Vilnius, LT-06313, Tel.: +370 5 2780230, Fax: +370 5 2757074, el. p.: informacija@jungent.eu. Pri\u017ei\u016brin\u010diosios institucijos: Informacin\u0117s visuomen\u0117s pl\u0117tros komitetas prie Susisiekimo ministerijos ir Valstybin\u0117 duomen\u0173 apsaugos inspekcija. Duomenys apie duomen\u0173 valdytoj\u0105 kaupiami ir saugomi Valstyb\u0117s \u012fmon\u0117s Registr\u0173 centro Vilniaus filiale. UAB \u201cJungent Lietuva\u201d asmens duomenys tvarkomi ir teikiami atitinkamoms institucijoms vadovaujantis Lietuvos Respublikos teis\u0117s \u012fstatymais ir teis\u0117s aktais. Patvirtiname, kad Duomen\u0173 valdytojo svetaini\u0173 ir socialini\u0173 tinkl\u0173 paskyr\u0173 lankytoj\u0173 duomenys<a class=\"moretag\" href=\"https:\/\/oil.jungent.eu\/lt\/privacy-policy\/\"> Read More&#8230;<\/a><\/p>\n","protected":false},"author":2,"featured_media":0,"parent":0,"menu_order":0,"comment_status":"closed","ping_status":"closed","template":"","meta":{"_acf_changed":false,"_monsterinsights_skip_tracking":false,"_monsterinsights_sitenote_active":false,"_monsterinsights_sitenote_note":"","_monsterinsights_sitenote_category":0,"footnotes":""},"class_list":["post-6462","page","type-page","status-publish","hentry"],"acf":[],"rankMath":{"parentDomain":"oil.jungent.eu","noFollowDomains":[],"noFollowExcludeDomains":[],"noFollowExternalLinks":false,"featuredImageNotice":"The featured image should be at least 200 by 200 pixels to be picked up by Facebook and other social media sites.","pluginReviewed":false,"postSettings":{"linkSuggestions":true,"useFocusKeyword":false},"frontEndScore":false,"postName":"privacy-policy","permalinkFormat":"https:\/\/oil.jungent.eu\/lt\/%pagename%\/","showLockModifiedDate":true,"assessor":{"focusKeywordLink":"https:\/\/oil.jungent.eu\/wp-admin\/edit.php?focus_keyword=%focus_keyword%&post_type=%post_type%","hasTOCPlugin":false,"primaryTaxonomy":false,"serpData":{"title":"","description":"","focusKeywords":"","pillarContent":false,"canonicalUrl":"","breadcrumbTitle":"","advancedRobots":{"max-snippet":"-1","max-video-preview":"-1","max-image-preview":"large"},"facebookTitle":"","facebookDescription":"","facebookImage":"","facebookImageID":"","facebookHasOverlay":false,"facebookImageOverlay":"","facebookAuthor":"","twitterCardType":"","twitterUseFacebook":true,"twitterTitle":"","twitterDescription":"","twitterImage":"","twitterImageID":"","twitterHasOverlay":false,"twitterImageOverlay":"","twitterPlayerUrl":"","twitterPlayerSize":"","twitterPlayerStream":"","twitterPlayerStreamCtype":"","twitterAppDescription":"","twitterAppIphoneName":"","twitterAppIphoneID":"","twitterAppIphoneUrl":"","twitterAppIpadName":"","twitterAppIpadID":"","twitterAppIpadUrl":"","twitterAppGoogleplayName":"","twitterAppGoogleplayID":"","twitterAppGoogleplayUrl":"","twitterAppCountry":"","robots":{"index":true},"twitterAuthor":"username","primaryTerm":0,"authorName":"Karl Lumi","titleTemplate":"%title% %page% %sep% %sitename%","descriptionTemplate":"%excerpt%","showScoreFrontend":true,"lockModifiedDate":false},"powerWords":[],"diacritics":{"A":"[\\u0041\\u24B6\\uFF21\\u00C0\\u00C1\\u00C2\\u1EA6\\u1EA4\\u1EAA\\u1EA8\\u00C3\\u0100\\u0102\\u1EB0\\u1EAE\\u1EB4\\u1EB2\\u0226\\u01E0\\u00C4\\u01DE\\u1EA2\\u00C5\\u01FA\\u01CD\\u0200\\u0202\\u1EA0\\u1EAC\\u1EB6\\u1E00\\u0104\\u023A\\u2C6F]","AA":"[\\uA732]","AE":"[\\u00C6\\u01FC\\u01E2]","AO":"[\\uA734]","AU":"[\\uA736]","AV":"[\\uA738\\uA73A]","AY":"[\\uA73C]","B":"[\\u0042\\u24B7\\uFF22\\u1E02\\u1E04\\u1E06\\u0243\\u0182\\u0181]","C":"[\\u0043\\u24B8\\uFF23\\u0106\\u0108\\u010A\\u010C\\u00C7\\u1E08\\u0187\\u023B\\uA73E]","D":"[\\u0044\\u24B9\\uFF24\\u1E0A\\u010E\\u1E0C\\u1E10\\u1E12\\u1E0E\\u0110\\u018B\\u018A\\u0189\\uA779]","DZ":"[\\u01F1\\u01C4]","Dz":"[\\u01F2\\u01C5]","E":"[\\u0045\\u24BA\\uFF25\\u00C8\\u00C9\\u00CA\\u1EC0\\u1EBE\\u1EC4\\u1EC2\\u1EBC\\u0112\\u1E14\\u1E16\\u0114\\u0116\\u00CB\\u1EBA\\u011A\\u0204\\u0206\\u1EB8\\u1EC6\\u0228\\u1E1C\\u0118\\u1E18\\u1E1A\\u0190\\u018E]","F":"[\\u0046\\u24BB\\uFF26\\u1E1E\\u0191\\uA77B]","G":"[\\u0047\\u24BC\\uFF27\\u01F4\\u011C\\u1E20\\u011E\\u0120\\u01E6\\u0122\\u01E4\\u0193\\uA7A0\\uA77D\\uA77E]","H":"[\\u0048\\u24BD\\uFF28\\u0124\\u1E22\\u1E26\\u021E\\u1E24\\u1E28\\u1E2A\\u0126\\u2C67\\u2C75\\uA78D]","I":"[\\u0049\\u24BE\\uFF29\\u00CC\\u00CD\\u00CE\\u0128\\u012A\\u012C\\u0130\\u00CF\\u1E2E\\u1EC8\\u01CF\\u0208\\u020A\\u1ECA\\u012E\\u1E2C\\u0197]","J":"[\\u004A\\u24BF\\uFF2A\\u0134\\u0248]","K":"[\\u004B\\u24C0\\uFF2B\\u1E30\\u01E8\\u1E32\\u0136\\u1E34\\u0198\\u2C69\\uA740\\uA742\\uA744\\uA7A2]","L":"[\\u004C\\u24C1\\uFF2C\\u013F\\u0139\\u013D\\u1E36\\u1E38\\u013B\\u1E3C\\u1E3A\\u0141\\u023D\\u2C62\\u2C60\\uA748\\uA746\\uA780]","LJ":"[\\u01C7]","Lj":"[\\u01C8]","M":"[\\u004D\\u24C2\\uFF2D\\u1E3E\\u1E40\\u1E42\\u2C6E\\u019C]","N":"[\\u004E\\u24C3\\uFF2E\\u01F8\\u0143\\u00D1\\u1E44\\u0147\\u1E46\\u0145\\u1E4A\\u1E48\\u0220\\u019D\\uA790\\uA7A4]","NJ":"[\\u01CA]","Nj":"[\\u01CB]","O":"[\\u004F\\u24C4\\uFF2F\\u00D2\\u00D3\\u00D4\\u1ED2\\u1ED0\\u1ED6\\u1ED4\\u00D5\\u1E4C\\u022C\\u1E4E\\u014C\\u1E50\\u1E52\\u014E\\u022E\\u0230\\u00D6\\u022A\\u1ECE\\u0150\\u01D1\\u020C\\u020E\\u01A0\\u1EDC\\u1EDA\\u1EE0\\u1EDE\\u1EE2\\u1ECC\\u1ED8\\u01EA\\u01EC\\u00D8\\u01FE\\u0186\\u019F\\uA74A\\uA74C]","OI":"[\\u01A2]","OO":"[\\uA74E]","OU":"[\\u0222]","P":"[\\u0050\\u24C5\\uFF30\\u1E54\\u1E56\\u01A4\\u2C63\\uA750\\uA752\\uA754]","Q":"[\\u0051\\u24C6\\uFF31\\uA756\\uA758\\u024A]","R":"[\\u0052\\u24C7\\uFF32\\u0154\\u1E58\\u0158\\u0210\\u0212\\u1E5A\\u1E5C\\u0156\\u1E5E\\u024C\\u2C64\\uA75A\\uA7A6\\uA782]","S":"[\\u0053\\u24C8\\uFF33\\u1E9E\\u015A\\u1E64\\u015C\\u1E60\\u0160\\u1E66\\u1E62\\u1E68\\u0218\\u015E\\u2C7E\\uA7A8\\uA784]","T":"[\\u0054\\u24C9\\uFF34\\u1E6A\\u0164\\u1E6C\\u021A\\u0162\\u1E70\\u1E6E\\u0166\\u01AC\\u01AE\\u023E\\uA786]","TZ":"[\\uA728]","U":"[\\u0055\\u24CA\\uFF35\\u00D9\\u00DA\\u00DB\\u0168\\u1E78\\u016A\\u1E7A\\u016C\\u00DC\\u01DB\\u01D7\\u01D5\\u01D9\\u1EE6\\u016E\\u0170\\u01D3\\u0214\\u0216\\u01AF\\u1EEA\\u1EE8\\u1EEE\\u1EEC\\u1EF0\\u1EE4\\u1E72\\u0172\\u1E76\\u1E74\\u0244]","V":"[\\u0056\\u24CB\\uFF36\\u1E7C\\u1E7E\\u01B2\\uA75E\\u0245]","VY":"[\\uA760]","W":"[\\u0057\\u24CC\\uFF37\\u1E80\\u1E82\\u0174\\u1E86\\u1E84\\u1E88\\u2C72]","X":"[\\u0058\\u24CD\\uFF38\\u1E8A\\u1E8C]","Y":"[\\u0059\\u24CE\\uFF39\\u1EF2\\u00DD\\u0176\\u1EF8\\u0232\\u1E8E\\u0178\\u1EF6\\u1EF4\\u01B3\\u024E\\u1EFE]","Z":"[\\u005A\\u24CF\\uFF3A\\u0179\\u1E90\\u017B\\u017D\\u1E92\\u1E94\\u01B5\\u0224\\u2C7F\\u2C6B\\uA762]","a":"[\\u0061\\u24D0\\uFF41\\u1E9A\\u00E0\\u00E1\\u00E2\\u1EA7\\u1EA5\\u1EAB\\u1EA9\\u00E3\\u0101\\u0103\\u1EB1\\u1EAF\\u1EB5\\u1EB3\\u0227\\u01E1\\u00E4\\u01DF\\u1EA3\\u00E5\\u01FB\\u01CE\\u0201\\u0203\\u1EA1\\u1EAD\\u1EB7\\u1E01\\u0105\\u2C65\\u0250]","aa":"[\\uA733]","ae":"[\\u00E6\\u01FD\\u01E3]","ao":"[\\uA735]","au":"[\\uA737]","av":"[\\uA739\\uA73B]","ay":"[\\uA73D]","b":"[\\u0062\\u24D1\\uFF42\\u1E03\\u1E05\\u1E07\\u0180\\u0183\\u0253]","c":"[\\u0063\\u24D2\\uFF43\\u0107\\u0109\\u010B\\u010D\\u00E7\\u1E09\\u0188\\u023C\\uA73F\\u2184]","d":"[\\u0064\\u24D3\\uFF44\\u1E0B\\u010F\\u1E0D\\u1E11\\u1E13\\u1E0F\\u0111\\u018C\\u0256\\u0257\\uA77A]","dz":"[\\u01F3\\u01C6]","e":"[\\u0065\\u24D4\\uFF45\\u00E8\\u00E9\\u00EA\\u1EC1\\u1EBF\\u1EC5\\u1EC3\\u1EBD\\u0113\\u1E15\\u1E17\\u0115\\u0117\\u00EB\\u1EBB\\u011B\\u0205\\u0207\\u1EB9\\u1EC7\\u0229\\u1E1D\\u0119\\u1E19\\u1E1B\\u0247\\u025B\\u01DD]","f":"[\\u0066\\u24D5\\uFF46\\u1E1F\\u0192\\uA77C]","g":"[\\u0067\\u24D6\\uFF47\\u01F5\\u011D\\u1E21\\u011F\\u0121\\u01E7\\u0123\\u01E5\\u0260\\uA7A1\\u1D79\\uA77F]","h":"[\\u0068\\u24D7\\uFF48\\u0125\\u1E23\\u1E27\\u021F\\u1E25\\u1E29\\u1E2B\\u1E96\\u0127\\u2C68\\u2C76\\u0265]","hv":"[\\u0195]","i":"[\\u0069\\u24D8\\uFF49\\u00EC\\u00ED\\u00EE\\u0129\\u012B\\u012D\\u00EF\\u1E2F\\u1EC9\\u01D0\\u0209\\u020B\\u1ECB\\u012F\\u1E2D\\u0268\\u0131]","j":"[\\u006A\\u24D9\\uFF4A\\u0135\\u01F0\\u0249]","k":"[\\u006B\\u24DA\\uFF4B\\u1E31\\u01E9\\u1E33\\u0137\\u1E35\\u0199\\u2C6A\\uA741\\uA743\\uA745\\uA7A3]","l":"[\\u006C\\u24DB\\uFF4C\\u0140\\u013A\\u013E\\u1E37\\u1E39\\u013C\\u1E3D\\u1E3B\\u017F\\u0142\\u019A\\u026B\\u2C61\\uA749\\uA781\\uA747]","lj":"[\\u01C9]","m":"[\\u006D\\u24DC\\uFF4D\\u1E3F\\u1E41\\u1E43\\u0271\\u026F]","n":"[\\u006E\\u24DD\\uFF4E\\u01F9\\u0144\\u00F1\\u1E45\\u0148\\u1E47\\u0146\\u1E4B\\u1E49\\u019E\\u0272\\u0149\\uA791\\uA7A5]","nj":"[\\u01CC]","o":"[\\u006F\\u24DE\\uFF4F\\u00F2\\u00F3\\u00F4\\u1ED3\\u1ED1\\u1ED7\\u1ED5\\u00F5\\u1E4D\\u022D\\u1E4F\\u014D\\u1E51\\u1E53\\u014F\\u022F\\u0231\\u00F6\\u022B\\u1ECF\\u0151\\u01D2\\u020D\\u020F\\u01A1\\u1EDD\\u1EDB\\u1EE1\\u1EDF\\u1EE3\\u1ECD\\u1ED9\\u01EB\\u01ED\\u00F8\\u01FF\\u0254\\uA74B\\uA74D\\u0275]","oi":"[\\u01A3]","ou":"[\\u0223]","oo":"[\\uA74F]","p":"[\\u0070\\u24DF\\uFF50\\u1E55\\u1E57\\u01A5\\u1D7D\\uA751\\uA753\\uA755]","q":"[\\u0071\\u24E0\\uFF51\\u024B\\uA757\\uA759]","r":"[\\u0072\\u24E1\\uFF52\\u0155\\u1E59\\u0159\\u0211\\u0213\\u1E5B\\u1E5D\\u0157\\u1E5F\\u024D\\u027D\\uA75B\\uA7A7\\uA783]","s":"[\\u0073\\u24E2\\uFF53\\u015B\\u1E65\\u015D\\u1E61\\u0161\\u1E67\\u1E63\\u1E69\\u0219\\u015F\\u023F\\uA7A9\\uA785\\u1E9B]","ss":"[\\u00DF]","t":"[\\u0074\\u24E3\\uFF54\\u1E6B\\u1E97\\u0165\\u1E6D\\u021B\\u0163\\u1E71\\u1E6F\\u0167\\u01AD\\u0288\\u2C66\\uA787]","tz":"[\\uA729]","u":"[\\u0075\\u24E4\\uFF55\\u00F9\\u00FA\\u00FB\\u0169\\u1E79\\u016B\\u1E7B\\u016D\\u00FC\\u01DC\\u01D8\\u01D6\\u01DA\\u1EE7\\u016F\\u0171\\u01D4\\u0215\\u0217\\u01B0\\u1EEB\\u1EE9\\u1EEF\\u1EED\\u1EF1\\u1EE5\\u1E73\\u0173\\u1E77\\u1E75\\u0289]","v":"[\\u0076\\u24E5\\uFF56\\u1E7D\\u1E7F\\u028B\\uA75F\\u028C]","vy":"[\\uA761]","w":"[\\u0077\\u24E6\\uFF57\\u1E81\\u1E83\\u0175\\u1E87\\u1E85\\u1E98\\u1E89\\u2C73]","x":"[\\u0078\\u24E7\\uFF58\\u1E8B\\u1E8D]","y":"[\\u0079\\u24E8\\uFF59\\u1EF3\\u00FD\\u0177\\u1EF9\\u0233\\u1E8F\\u00FF\\u1EF7\\u1E99\\u1EF5\\u01B4\\u024F\\u1EFF]","z":"[\\u007A\\u24E9\\uFF5A\\u017A\\u1E91\\u017C\\u017E\\u1E93\\u1E95\\u01B6\\u0225\\u0240\\u2C6C\\uA763]"},"researchesTests":["contentHasTOC","contentHasShortParagraphs","contentHasAssets","keywordInTitle","keywordInMetaDescription","keywordInPermalink","keywordIn10Percent","keywordInContent","keywordInSubheadings","keywordInImageAlt","keywordDensity","keywordNotUsed","lengthContent","lengthPermalink","linksHasInternal","linksHasExternals","linksNotAllExternals","titleStartWithKeyword","titleSentiment","titleHasPowerWords","titleHasNumber","hasContentAI"],"hasRedirection":true,"hasBreadcrumb":false},"homeUrl":"https:\/\/oil.jungent.eu\/lt\/","objectID":6462,"objectType":"post","locale":"lt","localeFull":"lt_LT","overlayImages":{"play":{"name":"Play icon","url":"https:\/\/oil.jungent.eu\/wp-content\/plugins\/seo-by-rank-math\/assets\/admin\/img\/icon-play.png","path":"\/data01\/virt53324\/domeenid\/www.jungent.eu\/oil\/wp-content\/plugins\/seo-by-rank-math\/assets\/admin\/img\/icon-play.png","position":"middle_center"},"gif":{"name":"GIF icon","url":"https:\/\/oil.jungent.eu\/wp-content\/plugins\/seo-by-rank-math\/assets\/admin\/img\/icon-gif.png","path":"\/data01\/virt53324\/domeenid\/www.jungent.eu\/oil\/wp-content\/plugins\/seo-by-rank-math\/assets\/admin\/img\/icon-gif.png","position":"middle_center"}},"defautOgImage":"https:\/\/oil.jungent.eu\/wp-content\/plugins\/seo-by-rank-math\/assets\/admin\/img\/social-placeholder.jpg","customPermalinks":true,"isUserRegistered":true,"autoSuggestKeywords":true,"connectSiteUrl":"https:\/\/rankmath.com\/auth?site=https%3A%2F%2Foil.jungent.eu%2Flt%2F&r=https%3A%2F%2Foil.jungent.eu%2Flt%2Fwp-json%2Fwp%2Fv2%2Fpages%2F6462%3Fnonce%3D534082ffd6&pro=1","maxTags":100,"trendsIcon":"<svg viewBox=\"0 0 610 610\"><path d=\"M18.85,446,174.32,290.48l58.08,58.08L76.93,504a14.54,14.54,0,0,1-20.55,0L18.83,466.48a14.54,14.54,0,0,1,0-20.55Z\" style=\"fill:#4285f4\"\/><path d=\"M242.65,242.66,377.59,377.6l-47.75,47.75a14.54,14.54,0,0,1-20.55,0L174.37,290.43l47.75-47.75A14.52,14.52,0,0,1,242.65,242.66Z\" style=\"fill:#ea4335\"\/><polygon points=\"319.53 319.53 479.26 159.8 537.34 217.88 377.61 377.62 319.53 319.53\" style=\"fill:#fabb05\"\/><path d=\"M594.26,262.73V118.61h0a16.94,16.94,0,0,0-16.94-16.94H433.2a16.94,16.94,0,0,0-12,28.92L565.34,274.71h0a16.94,16.94,0,0,0,28.92-12Z\" style=\"fill:#34a853\"\/><rect width=\"610\" height=\"610\" style=\"fill:none\"\/><\/svg>","showScore":true,"siteFavIcon":"https:\/\/oil.jungent.eu\/wp-content\/uploads\/2020\/04\/cropped-Pecten-colour-with-white-outline-01-2-32x32.png","canUser":{"general":false,"advanced":false,"snippet":false,"social":false,"analysis":false,"analytics":false,"content_ai":false},"showKeywordIntent":true,"isPro":true,"is_front_page":false,"trendsUpgradeLink":"https:\/\/rankmath.com\/pricing\/?utm_source=Plugin&utm_medium=CE%20General%20Tab%20Trends&utm_campaign=WP","trendsUpgradeLabel":"Upgrade","trendsPreviewImage":"https:\/\/oil.jungent.eu\/wp-content\/plugins\/seo-by-rank-math\/assets\/admin\/img\/trends-preview.jpg","currentEditor":false,"homepageData":{"assessor":{"powerWords":[],"diacritics":true,"researchesTests":["contentHasTOC","contentHasShortParagraphs","contentHasAssets","keywordInTitle","keywordInMetaDescription","keywordInPermalink","keywordIn10Percent","keywordInContent","keywordInSubheadings","keywordInImageAlt","keywordDensity","keywordNotUsed","lengthContent","lengthPermalink","linksHasInternal","linksHasExternals","linksNotAllExternals","titleStartWithKeyword","titleSentiment","titleHasPowerWords","titleHasNumber","hasContentAI"],"hasBreadcrumb":false,"serpData":{"title":"%sitename% %page% %sep% %sitedesc%","description":"","titleTemplate":"%sitename% %page% %sep% %sitedesc%","descriptionTemplate":"","focusKeywords":"","breadcrumbTitle":"Home","robots":{"index":true},"advancedRobots":{"max-snippet":"-1","max-video-preview":"-1","max-image-preview":"large"},"facebookTitle":"","facebookDescription":"","facebookImage":"","facebookImageID":""}}},"searchIntents":[],"isAnalyticsConnected":true,"tocTitle":"Table of Contents","tocExcludeHeadings":[],"listStyle":"ul","localBusiness":{"limit":0,"mapStyle":"hybrid","routeLabel":"My Route"}},"_links":{"self":[{"href":"https:\/\/oil.jungent.eu\/lt\/wp-json\/wp\/v2\/pages\/6462","targetHints":{"allow":["GET"]}}],"collection":[{"href":"https:\/\/oil.jungent.eu\/lt\/wp-json\/wp\/v2\/pages"}],"about":[{"href":"https:\/\/oil.jungent.eu\/lt\/wp-json\/wp\/v2\/types\/page"}],"author":[{"embeddable":true,"href":"https:\/\/oil.jungent.eu\/lt\/wp-json\/wp\/v2\/users\/2"}],"replies":[{"embeddable":true,"href":"https:\/\/oil.jungent.eu\/lt\/wp-json\/wp\/v2\/comments?post=6462"}],"version-history":[{"count":6,"href":"https:\/\/oil.jungent.eu\/lt\/wp-json\/wp\/v2\/pages\/6462\/revisions"}],"predecessor-version":[{"id":9064,"href":"https:\/\/oil.jungent.eu\/lt\/wp-json\/wp\/v2\/pages\/6462\/revisions\/9064"}],"wp:attachment":[{"href":"https:\/\/oil.jungent.eu\/lt\/wp-json\/wp\/v2\/media?parent=6462"}],"curies":[{"name":"wp","href":"https:\/\/api.w.org\/{rel}","templated":true}]}}