{"id":4963,"date":"2019-12-02T14:14:34","date_gmt":"2019-12-02T12:14:34","guid":{"rendered":"https:\/\/oil.jungent.eu\/other-products\/quaker-houghton\/"},"modified":"2024-03-07T14:49:10","modified_gmt":"2024-03-07T12:49:10","slug":"quaker-houghton","status":"publish","type":"page","link":"https:\/\/oil.jungent.eu\/lt\/other-products\/quaker-houghton\/","title":{"rendered":"Quaker Houghton"},"content":{"rendered":"<div class=\"wpb-content-wrapper\">[vc_row el_class=&#8221;container&#8221;][vc_column][vc_empty_space][vc_custom_heading text=&#8221;Quaker Houghton: patenkina visus J\u016bs\u0173 pramonini\u0173 metalo apdirbimo proces\u0173 skys\u010di\u0173 poreikius&#8221; use_theme_fonts=&#8221;yes&#8221;][vc_empty_space][\/vc_column][\/vc_row][vc_row equal_height=&#8221;yes&#8221; el_class=&#8221;container&#8221;][vc_column width=&#8221;1\/4&#8243;][vc_single_image image=&#8221;4835&#8243; img_size=&#8221;300&#215;300&#8243; onclick=&#8221;custom_link&#8221; link=&#8221;https:\/\/oil.jungent.eu\/en\/other-products\/quaker-houghton\/&#8221;][vc_btn title=&#8221;\u017di\u016br\u0117ti katalog\u0105&#8221; color=&#8221;black&#8221; align=&#8221;center&#8221; link=&#8221;url:https%3A%2F%2Foil.jungent.eu%2Fmedia%2Fbro_QH_Transition_Day1_Email_EN.pdf|target:%20_blank|&#8221; el_class=&#8221;container blog-post&#8221;][\/vc_column][vc_column width=&#8221;1\/2&#8243;][vc_empty_space][vc_column_text]\u201eQuaker Houghton\u201c yra pasaulin\u0117 pramonini\u0173 proces\u0173 skys\u010di\u0173 lyder\u0117, nuolat tobulinanti ir diegianti naujoves.<br \/>\nTvirtai veikdami visame pasaulyje, \u012fskaitant operacijas daugiau nei 25 \u0161alyse, m\u016bs\u0173 klient\u0173 tarpe yra t\u016bkstan\u010diai pa\u017eangiausi\u0173 ir specializuot\u0173 pasaulio plieno, aliuminio, automobili\u0173, kosmoso, j\u016br\u0173, kasybos ir metalo apdirbimo \u012fmoni\u0173. M\u016bs\u0173 na\u0161ius, novatori\u0161kus ir tvarius sprendimus palaiko geriausios klas\u0117s technologijos, gilios proceso \u017einios ir invidualiai pritaikytos paslaugos. Tur\u0117dami 4000 darbuotoj\u0173, \u012fskaitant chemikus, in\u017einierius ir pramon\u0117s ekspertus, mes bendradarbiaujame su savo klientais, kad pagerintume j\u0173 veikl\u0105, kad jie gal\u0117t\u0173 veikti dar efektyviau. \u201eQuaker Houghton\u201c b\u016bstin\u0117 yra Conshohocken mieste, Pensilvanijoje, esan\u010diame netoli Filadelfijos JAV.[\/vc_column_text][\/vc_column][vc_column width=&#8221;1\/4&#8243;][\/vc_column][\/vc_row][vc_row][vc_column][vc_btn title=&#8221;U\u017esisakykite Quaker Houghton produktus i\u0161 el. parduotuv\u0117s store.jungent.eu&#8221; color=&#8221;black&#8221; align=&#8221;center&#8221; link=&#8221;url:https%3A%2F%2Fstore.jungent.eu%2Fcatalogsearch%2Fresult%2F%3Fmanufacturer%3DQuaker%2BHoughton%26q%3DQuaker%2BHoughton||target:%20_blank|&#8221;][\/vc_column][\/vc_row][vc_row el_class=&#8221;container&#8221;][vc_column][vc_empty_space]\n\t\t\t<!-- START Quaker_Houghton_slider REVOLUTION SLIDER 6.7.38 --><p class=\"rs-p-wp-fix\"><\/p>\n\t\t\t<rs-module-wrap id=\"rev_slider_23_1_wrapper\" data-source=\"gallery\" style=\"visibility:hidden;background:transparent;padding:0;margin:0px auto;margin-top:0;margin-bottom:0;\">\n\t\t\t\t<rs-module id=\"rev_slider_23_1\" style=\"\" data-version=\"6.7.38\">\n\t\t\t\t\t<rs-slides style=\"overflow: hidden; position: absolute;\">\n\t\t\t\t\t\t<rs-slide style=\"position: absolute;\" data-key=\"rs-61\" data-title=\"Slide\" data-anim=\"ms:1000;r:0;\" data-in=\"o:0;\" data-out=\"a:false;\">\n\t\t\t\t\t\t\t<img decoding=\"async\" src=\"\/\/oil.jungent.eu\/wp-content\/plugins\/revslider\/sr6\/assets\/assets\/dummy.png\" alt=\"Slide\" title=\"Quaker Houghton\" class=\"rev-slidebg tp-rs-img rs-lazyload\" data-lazyload=\"\/\/oil.jungent.eu\/wp-content\/plugins\/revslider\/sr6\/assets\/assets\/transparent.png\" data-no-retina>\n<!--\n\t\t\t\t\t\t\t--><a\n\t\t\t\t\t\t\t\tid=\"slider-23-slide-61-layer-2\" \n\t\t\t\t\t\t\t\tclass=\"rs-layer\"\n\t\t\t\t\t\t\t\thref=\"https:\/\/oil.jungent.eu\/media\/bro_QH_Transition_Day1_Email_EN.pdf\" target=\"_blank\" rel=\"nofollow noopener\"\n\t\t\t\t\t\t\t\tdata-type=\"image\"\n\t\t\t\t\t\t\t\tdata-rsp_ch=\"on\"\n\t\t\t\t\t\t\t\tdata-text=\"w:normal;s:20,16,12,7;l:0,20,15,9;\"\n\t\t\t\t\t\t\t\tdata-dim=\"w:[&#039;100%&#039;,&#039;100%&#039;,&#039;100%&#039;,&#039;100%&#039;];\"\n\t\t\t\t\t\t\t\tdata-frame_1=\"st:5280;sR:5280;\"\n\t\t\t\t\t\t\t\tdata-frame_999=\"o:0;st:w;sR:3420;\"\n\t\t\t\t\t\t\t\tdata-tloop=\"u:true;\"\n\t\t\t\t\t\t\t\tstyle=\"z-index:8;\"\n\t\t\t\t\t\t\t><img decoding=\"async\" src=\"\/\/oil.jungent.eu\/wp-content\/plugins\/revslider\/sr6\/assets\/assets\/dummy.png\" alt=\"quaker_houghton_plant\" class=\"tp-rs-img rs-lazyload\" width=\"2560\" height=\"1707\" data-lazyload=\"\/\/oil.jungent.eu\/wp-content\/uploads\/2019\/11\/Drum_188_edit_with-bg-scaled.jpg\" data-no-retina> \n\t\t\t\t\t\t\t<\/a><!--\n\n\t\t\t\t\t\t\t--><a\n\t\t\t\t\t\t\t\tid=\"slider-23-slide-61-layer-3\" \n\t\t\t\t\t\t\t\tclass=\"rs-layer rev-btn rev-hiddenicon\"\n\t\t\t\t\t\t\t\thref=\"https:\/\/oil.jungent.eu\/media\/bro_QH_Transition_Day1_Email_EN.pdf\" target=\"_blank\" rel=\"nofollow noopener\"\n\t\t\t\t\t\t\t\tdata-type=\"button\"\n\t\t\t\t\t\t\t\tdata-rsp_ch=\"on\"\n\t\t\t\t\t\t\t\tdata-xy=\"xo:932px,769px,584px,360px;yo:711px,587px,445px,274px;\"\n\t\t\t\t\t\t\t\tdata-text=\"w:normal;s:14,11,8,4;l:18,14,10,6;ls:1,0,0,0;\"\n\t\t\t\t\t\t\t\tdata-dim=\"minh:0px,none,none,none;\"\n\t\t\t\t\t\t\t\tdata-padding=\"t:10,8,6,4;r:30,25,19,12;b:10,8,6,4;l:30,25,19,12;\"\n\t\t\t\t\t\t\t\tdata-border=\"bor:30px,30px,30px,30px;\"\n\t\t\t\t\t\t\t\tdata-frame_1=\"st:5320;sR:5320;\"\n\t\t\t\t\t\t\t\tdata-frame_999=\"o:0;st:w;sR:3380;\"\n\t\t\t\t\t\t\t\tdata-frame_hover=\"c:#000;bgc:#fff;bor:30px,30px,30px,30px;sp:200;\"\n\t\t\t\t\t\t\t\tstyle=\"z-index:11;background-color:rgba(0,0,0,0.75);font-family:'Roboto';text-transform:uppercase;\"\n\t\t\t\t\t\t\t>Click Here for brochure<i class=\"fa-chevron-right\"><\/i> \n\t\t\t\t\t\t\t<\/a><!--\n\n\t\t\t\t\t\t\t--><rs-layer\n\t\t\t\t\t\t\t\tid=\"slider-23-slide-61-layer-4\" \n\t\t\t\t\t\t\t\tclass=\"rs-layer-video intrinsic-ignore\"\n\t\t\t\t\t\t\t\tdata-type=\"video\"\n\t\t\t\t\t\t\t\tdata-rsp_ch=\"on\"\n\t\t\t\t\t\t\t\tdata-xy=\"xo:124px,102px,77px,47px;yo:61px,50px,37px,22px;\"\n\t\t\t\t\t\t\t\tdata-text=\"w:normal;s:20,16,12,7;l:0,20,15,9;\"\n\t\t\t\t\t\t\t\tdata-dim=\"w:1000,825,626,386;h:600px,495px,376px,231px;\"\n\t\t\t\t\t\t\t\tdata-video=\"vfc:true;vd:100;l:false;ptimer:false;vc:t;\"\n\t\t\t\t\t\t\t\tdata-mp4=\"\/\/oil.jungent.eu\/wp-content\/uploads\/2019\/11\/QH_Drum_Filling_Up_Animation.mp4\"\n\t\t\t\t\t\t\t\tdata-frame_999=\"o:0;st:5020;sR:4720;\"\n\t\t\t\t\t\t\t\tstyle=\"z-index:9;\"\n\t\t\t\t\t\t\t>\n\t\t\t\t\t\t\t<\/rs-layer><!--\n\n\t\t\t\t\t\t\t--><rs-layer\n\t\t\t\t\t\t\t\tid=\"slider-23-slide-61-layer-5\" \n\t\t\t\t\t\t\t\tdata-type=\"image\"\n\t\t\t\t\t\t\t\tdata-rsp_ch=\"on\"\n\t\t\t\t\t\t\t\tdata-text=\"w:normal;s:20,16,12,7;l:0,20,15,9;\"\n\t\t\t\t\t\t\t\tdata-dim=\"w:[&#039;100%&#039;,&#039;100%&#039;,&#039;100%&#039;,&#039;100%&#039;];\"\n\t\t\t\t\t\t\t\tdata-frame_1=\"st:8700;sR:8700;\"\n\t\t\t\t\t\t\t\tdata-frame_999=\"o:0;st:w;\"\n\t\t\t\t\t\t\t\tstyle=\"z-index:10;\"\n\t\t\t\t\t\t\t><img decoding=\"async\" src=\"\/\/oil.jungent.eu\/wp-content\/plugins\/revslider\/sr6\/assets\/assets\/dummy.png\" alt=\"hougton products\" class=\"tp-rs-img rs-lazyload\" width=\"2020\" height=\"1186\" data-lazyload=\"\/\/oil.jungent.eu\/wp-content\/uploads\/2019\/11\/Quaker_Houghton_slider.png\" data-no-retina> \n\t\t\t\t\t\t\t<\/rs-layer><!--\n-->\t\t\t\t\t<\/rs-slide>\n\t\t\t\t\t<\/rs-slides>\n\t\t\t\t<\/rs-module>\n\t\t\t\t<script>\n\t\t\t\t\tsetREVStartSize({c: 'rev_slider_23_1',rl:[1240,1024,778,480],el:[800,300,300,300],gw:[1240,1024,778,480],gh:[800,300,300,300],type:'standard',justify:'',layout:'fullwidth',mh:\"0\"});if (window.RS_MODULES!==undefined && window.RS_MODULES.modules!==undefined && window.RS_MODULES.modules[\"revslider231\"]!==undefined) {window.RS_MODULES.modules[\"revslider231\"].once = false;window.revapi23 = undefined;if (window.RS_MODULES.checkMinimal!==undefined) window.RS_MODULES.checkMinimal()}\n\t\t\t\t<\/script>\n\t\t\t<\/rs-module-wrap>\n\t\t\t<!-- END REVOLUTION SLIDER -->\n[\/vc_column][\/vc_row]\n<\/div>","protected":false},"excerpt":{"rendered":"<p>[vc_row el_class=&#8221;container&#8221;][vc_column][vc_empty_space][vc_custom_heading text=&#8221;Quaker Houghton: patenkina visus J\u016bs\u0173 pramonini\u0173 metalo apdirbimo proces\u0173 skys\u010di\u0173 poreikius&#8221; use_theme_fonts=&#8221;yes&#8221;][vc_empty_space][\/vc_column][\/vc_row][vc_row equal_height=&#8221;yes&#8221; el_class=&#8221;container&#8221;][vc_column width=&#8221;1\/4&#8243;][vc_single_image image=&#8221;4835&#8243; img_size=&#8221;300&#215;300&#8243; onclick=&#8221;custom_link&#8221; link=&#8221;https:\/\/oil.jungent.eu\/en\/other-products\/quaker-houghton\/&#8221;][vc_btn title=&#8221;\u017di\u016br\u0117ti katalog\u0105&#8221; color=&#8221;black&#8221; align=&#8221;center&#8221; link=&#8221;url:https%3A%2F%2Foil.jungent.eu%2Fmedia%2Fbro_QH_Transition_Day1_Email_EN.pdf|target:%20_blank|&#8221; el_class=&#8221;container blog-post&#8221;][\/vc_column][vc_column width=&#8221;1\/2&#8243;][vc_empty_space][vc_column_text]\u201eQuaker Houghton\u201c yra pasaulin\u0117 pramonini\u0173 proces\u0173 skys\u010di\u0173 lyder\u0117, nuolat tobulinanti ir diegianti naujoves. Tvirtai veikdami visame pasaulyje, \u012fskaitant operacijas daugiau nei 25 \u0161alyse, m\u016bs\u0173 klient\u0173 tarpe yra t\u016bkstan\u010diai pa\u017eangiausi\u0173 ir specializuot\u0173 pasaulio plieno, aliuminio, automobili\u0173, kosmoso, j\u016br\u0173, kasybos ir metalo apdirbimo \u012fmoni\u0173. M\u016bs\u0173 na\u0161ius, novatori\u0161kus ir tvarius sprendimus palaiko geriausios klas\u0117s technologijos, gilios proceso \u017einios ir invidualiai pritaikytos paslaugos. Tur\u0117dami 4000 darbuotoj\u0173, \u012fskaitant chemikus, in\u017einierius ir pramon\u0117s ekspertus, mes bendradarbiaujame su savo klientais, kad pagerintume j\u0173 veikl\u0105, kad jie gal\u0117t\u0173 veikti dar efektyviau. \u201eQuaker Houghton\u201c b\u016bstin\u0117 yra Conshohocken mieste, Pensilvanijoje, esan\u010diame netoli Filadelfijos JAV.[\/vc_column_text][\/vc_column][vc_column width=&#8221;1\/4&#8243;][\/vc_column][\/vc_row][vc_row][vc_column][vc_btn title=&#8221;U\u017esisakykite Quaker Houghton produktus i\u0161 el. parduotuv\u0117s store.jungent.eu&#8221; color=&#8221;black&#8221; align=&#8221;center&#8221; link=&#8221;url:https%3A%2F%2Fstore.jungent.eu%2Fcatalogsearch%2Fresult%2F%3Fmanufacturer%3DQuaker%2BHoughton%26q%3DQuaker%2BHoughton||target:%20_blank|&#8221;][\/vc_column][\/vc_row][vc_row el_class=&#8221;container&#8221;][vc_column][vc_empty_space][\/vc_column][\/vc_row]<\/p>\n","protected":false},"author":4,"featured_media":4835,"parent":924,"menu_order":1,"comment_status":"closed","ping_status":"closed","template":"","meta":{"_acf_changed":false,"_monsterinsights_skip_tracking":false,"_monsterinsights_sitenote_active":false,"_monsterinsights_sitenote_note":"","_monsterinsights_sitenote_category":0,"footnotes":""},"class_list":["post-4963","page","type-page","status-publish","has-post-thumbnail","hentry"],"acf":[],"_links":{"self":[{"href":"https:\/\/oil.jungent.eu\/lt\/wp-json\/wp\/v2\/pages\/4963","targetHints":{"allow":["GET"]}}],"collection":[{"href":"https:\/\/oil.jungent.eu\/lt\/wp-json\/wp\/v2\/pages"}],"about":[{"href":"https:\/\/oil.jungent.eu\/lt\/wp-json\/wp\/v2\/types\/page"}],"author":[{"embeddable":true,"href":"https:\/\/oil.jungent.eu\/lt\/wp-json\/wp\/v2\/users\/4"}],"replies":[{"embeddable":true,"href":"https:\/\/oil.jungent.eu\/lt\/wp-json\/wp\/v2\/comments?post=4963"}],"version-history":[{"count":14,"href":"https:\/\/oil.jungent.eu\/lt\/wp-json\/wp\/v2\/pages\/4963\/revisions"}],"predecessor-version":[{"id":10956,"href":"https:\/\/oil.jungent.eu\/lt\/wp-json\/wp\/v2\/pages\/4963\/revisions\/10956"}],"up":[{"embeddable":true,"href":"https:\/\/oil.jungent.eu\/lt\/wp-json\/wp\/v2\/pages\/924"}],"wp:featuredmedia":[{"embeddable":true,"href":"https:\/\/oil.jungent.eu\/lt\/wp-json\/wp\/v2\/media\/4835"}],"wp:attachment":[{"href":"https:\/\/oil.jungent.eu\/lt\/wp-json\/wp\/v2\/media?parent=4963"}],"curies":[{"name":"wp","href":"https:\/\/api.w.org\/{rel}","templated":true}]}}