{"id":898,"date":"2018-12-10T06:51:54","date_gmt":"2018-12-10T06:51:54","guid":{"rendered":"https:\/\/oil.jungent.eu\/oil-lubricants\/"},"modified":"2022-05-11T15:34:55","modified_gmt":"2022-05-11T12:34:55","slug":"shell-mootorioli-maarded","status":"publish","type":"page","link":"https:\/\/oil.jungent.eu\/et\/shell-mootorioli-maarded\/","title":{"rendered":"MOOTORI\u00d5LI ja M\u00c4\u00c4RDEAINED"},"content":{"rendered":"","protected":false},"excerpt":{"rendered":"","protected":false},"author":2,"featured_media":0,"parent":0,"menu_order":0,"comment_status":"closed","ping_status":"closed","template":"template\/taxonomy-product_category.php","meta":{"_acf_changed":false,"_monsterinsights_skip_tracking":false,"_monsterinsights_sitenote_active":false,"_monsterinsights_sitenote_note":"","_monsterinsights_sitenote_category":0,"footnotes":""},"class_list":["post-898","page","type-page","status-publish","hentry"],"acf":[],"_links":{"self":[{"href":"https:\/\/oil.jungent.eu\/et\/wp-json\/wp\/v2\/pages\/898","targetHints":{"allow":["GET"]}}],"collection":[{"href":"https:\/\/oil.jungent.eu\/et\/wp-json\/wp\/v2\/pages"}],"about":[{"href":"https:\/\/oil.jungent.eu\/et\/wp-json\/wp\/v2\/types\/page"}],"author":[{"embeddable":true,"href":"https:\/\/oil.jungent.eu\/et\/wp-json\/wp\/v2\/users\/2"}],"replies":[{"embeddable":true,"href":"https:\/\/oil.jungent.eu\/et\/wp-json\/wp\/v2\/comments?post=898"}],"version-history":[{"count":7,"href":"https:\/\/oil.jungent.eu\/et\/wp-json\/wp\/v2\/pages\/898\/revisions"}],"predecessor-version":[{"id":8937,"href":"https:\/\/oil.jungent.eu\/et\/wp-json\/wp\/v2\/pages\/898\/revisions\/8937"}],"wp:attachment":[{"href":"https:\/\/oil.jungent.eu\/et\/wp-json\/wp\/v2\/media?parent=898"}],"curies":[{"name":"wp","href":"https:\/\/api.w.org\/{rel}","templated":true}]}}