{"id":794,"date":"2018-12-10T06:01:13","date_gmt":"2018-12-10T06:01:13","guid":{"rendered":"https:\/\/oil.jungent.eu\/contact\/"},"modified":"2024-07-23T12:12:24","modified_gmt":"2024-07-23T09:12:24","slug":"kontakt-kliendileping","status":"publish","type":"page","link":"https:\/\/oil.jungent.eu\/et\/kontakt-kliendileping\/","title":{"rendered":"KONTAKTID"},"content":{"rendered":"<div class=\"wpb-content-wrapper\">[vc_row][vc_column][vc_raw_js]JTNDc2NyaXB0JTNFJTBBJTIwJTIwZ3RhZyUyOCUyN2V2ZW50JTI3JTJDJTIwJTI3Y29udmVyc2lvbiUyNyUyQyUyMCU3QiUyN3NlbmRfdG8lMjclM0ElMjAlMjdBVy05OTI3MTA1NTglMkZnTzc0Q0stOXJjd0JFSjZmcnRrRCUyNyU3RCUyOSUzQiUwQSUzQyUyRnNjcmlwdCUzRQ==[\/vc_raw_js][\/vc_column][\/vc_row][vc_row disable_element=&#8221;yes&#8221;][vc_column][vc_column_text css=&#8221;&#8221;]Jungent Shell ja Quaker Houghton osakonna kontaktid ja lepingu s\u00f5lmimine.<\/p>\n<p>Jungent Shell osakond on Shell m\u00e4\u00e4rdeainete ja Quaker Houghton m\u00e4\u00e4rete ainuesindaja Baltikumis. Siit leiad meie spetsialistide kontaktid ja saate s\u00fclmida \u00e4rikliendilepingu.[\/vc_column_text][\/vc_column][\/vc_row][vc_row el_class=&#8221;container&#8221;][vc_column]\n\t\t\t<!-- START contact est REVOLUTION SLIDER 6.7.38 --><p class=\"rs-p-wp-fix\"><\/p>\n\t\t\t<rs-module-wrap id=\"rev_slider_13_1_wrapper\" data-source=\"gallery\" style=\"visibility:hidden;background:transparent;padding:0;margin:0px auto;margin-top:0;margin-bottom:0;\">\n\t\t\t\t<rs-module id=\"rev_slider_13_1\" style=\"\" data-version=\"6.7.38\">\n\t\t\t\t\t<rs-slides style=\"overflow: hidden; position: absolute;\">\n\t\t\t\t\t\t<rs-slide style=\"position: absolute;\" data-key=\"rs-24\" data-title=\"Slide\" data-duration=\"38950\" data-anim=\"ms:600;\" data-in=\"o:0;\" data-out=\"a:false;\">\n\t\t\t\t\t\t\t<img decoding=\"async\" src=\"\/\/oil.jungent.eu\/wp-content\/plugins\/revslider\/sr6\/assets\/assets\/dummy.png\" alt=\"\" title=\"Shell Brand Expression &#8211; Mac Wallpaper 1-1\" width=\"2560\" height=\"1613\" class=\"rev-slidebg tp-rs-img rs-lazyload\" data-lazyload=\"\/\/oil.jungent.eu\/wp-content\/uploads\/2024\/07\/Shell-Brand-Expression-Mac-Wallpaper-1-1-scaled.jpg\" data-no-retina>\n<!--\n\t\t\t\t\t\t\t--><rs-layer\n\t\t\t\t\t\t\t\tid=\"slider-13-slide-24-layer-2\" \n\t\t\t\t\t\t\t\tdata-type=\"text\"\n\t\t\t\t\t\t\t\tdata-color=\"#282828\"\n\t\t\t\t\t\t\t\tdata-rsp_ch=\"on\"\n\t\t\t\t\t\t\t\tdata-xy=\"xo:29px,31px,31px,48px;y:m;yo:-81px,-77px,-77px,-82px;\"\n\t\t\t\t\t\t\t\tdata-text=\"s:50,50,50,40;l:22;fw:700;\"\n\t\t\t\t\t\t\t\tdata-frame_0=\"y:-50px;\"\n\t\t\t\t\t\t\t\tdata-frame_1=\"e:power2.inOut;\"\n\t\t\t\t\t\t\t\tdata-frame_999=\"y:-50px;o:0;e:nothing;st:w;sp:2;\"\n\t\t\t\t\t\t\t\tdata-loop_999=\"sp:4000;e:linearEaseNone;yym:t;yys:t;yyf:t;\"\n\t\t\t\t\t\t\t\tstyle=\"z-index:5;font-family:'Open Sans';\"\n\t\t\t\t\t\t\t>V\u00d5TA \u00dcHENDUST  \n\t\t\t\t\t\t\t<\/rs-layer><!--\n\n\t\t\t\t\t\t\t--><rs-layer\n\t\t\t\t\t\t\t\tid=\"slider-13-slide-24-layer-3\" \n\t\t\t\t\t\t\t\tdata-type=\"text\"\n\t\t\t\t\t\t\t\tdata-color=\"#282828\"\n\t\t\t\t\t\t\t\tdata-rsp_ch=\"on\"\n\t\t\t\t\t\t\t\tdata-xy=\"xo:32px,30px,30px,42px;yo:105px,128px,128px,124px;\"\n\t\t\t\t\t\t\t\tdata-text=\"l:27,22,22,22;\"\n\t\t\t\t\t\t\t\tdata-frame_1=\"e:power2.inOut;st:500;\"\n\t\t\t\t\t\t\t\tdata-frame_999=\"o:0;e:nothing;st:w;sp:2;\"\n\t\t\t\t\t\t\t\tdata-loop_999=\"sp:4000;e:linearEaseNone;yym:t;yys:t;yyf:t;\"\n\t\t\t\t\t\t\t\tstyle=\"z-index:6;font-family:'Roboto';\"\n\t\t\t\t\t\t\t>\nJungent Estonia O\u00dc<br><br>\n\nPaldiski str. 9 Tallinn 10137 Estonia<br>\n<a href=\"tel:+372 666 3800\">Tel +372 666 3800<\/a><br>\n<a href=\"mailto:shell@jungent.ee\"> shell@jungent.ee<\/a>\n\n \n\t\t\t\t\t\t\t<\/rs-layer><!--\n-->\t\t\t\t\t<\/rs-slide>\n\t\t\t\t\t<\/rs-slides>\n\t\t\t\t<\/rs-module>\n\t\t\t\t<script>\n\t\t\t\t\tsetREVStartSize({c: 'rev_slider_13_1',rl:[1240,1024,778,480],el:[300,300,300,300],gw:[1240,1024,778,480],gh:[300,300,300,300],type:'standard',justify:'',layout:'fullwidth',mh:\"0\"});if (window.RS_MODULES!==undefined && window.RS_MODULES.modules!==undefined && window.RS_MODULES.modules[\"revslider131\"]!==undefined) {window.RS_MODULES.modules[\"revslider131\"].once = false;window.revapi13 = undefined;if (window.RS_MODULES.checkMinimal!==undefined) window.RS_MODULES.checkMinimal()}\n\t\t\t\t<\/script>\n\t\t\t<\/rs-module-wrap>\n\t\t\t<!-- END REVOLUTION SLIDER -->\n[\/vc_column][\/vc_row][vc_row content_placement=&#8221;middle&#8221; el_class=&#8221;container&#8221;][vc_column][vc_empty_space]<link rel=\"stylesheet\" href=\"https:\/\/oil.jungent.eu\/wp-content\/plugins\/indeed-my-team-vc\/themes\/theme_5\/style.css\" type=\"text\/css\" media=\"all\"><link rel=\"stylesheet\" href=\"https:\/\/oil.jungent.eu\/wp-content\/plugins\/indeed-my-team-vc\/layouts\/style_f8ba01.css\" type=\"text\/css\" media=\"all\"><div class='style_f8ba01'><div class='theme_5 pag-theme1'><div class='ict_wrapp'><div class='ict_content_cl imt-column-4' id='indeed_carousel_view_widget_7642' ><ul id='indeed_ul_7642_1' ><li style= ' width: calc(25% - 1px)'>\r\n<div class=\"team-member\">\r\n<div class=\"member-img\">\r\n <a  class='imt-cursor' onclick='displayModalInfo(10775, \"center_popup\");' >\r\n <img decoding=\"async\" title=\"Viljar P\u00e4rnpuu\" src=\"https:\/\/oil.jungent.eu\/wp-content\/uploads\/2024\/01\/Jungent-Shell_Viljar-Parnpuu.jpg\" alt=\"\"\/>\r\n <\/a>\r\n <div class=\"member-desc\">\r\n\t\r\n  <\/div>\r\n<\/div>\r\n<div class=\"member-content\">\r\n<div class=\"member-name\">\r\n<a  class='imt-cursor' onclick='displayModalInfo(10775, \"center_popup\");' >\r\nViljar P\u00e4rnpuu\r\n<\/a> \r\n<\/div>\t\r\n<div class=\"imtvc-text-align\">\r\n<div class=\"member-job\">\r\nShell M\u00e4\u00e4rdeainete \u00e4rijuht\r\n <\/div>\r\n <\/div>\r\n<div class=\"member-skills-wrapper\">\r\n    \r\n<\/div>\r\n<div class=\"member-social\">\r\n\t\r\n  <\/div>\r\n<div class=\"member-email\">\r\n<i class=\"glyphicont-envelope\"><\/i> <a href=\"mailto:viljar@jungent.eu\">viljar@jungent.eu<\/a>\r\n<\/div>\r\n<div class=\"member-web\">\r\n\r\n<\/div>\r\n<div class=\"member-phone\">\r\n<i class=\"icont-phone\"><\/i> +372 516 9850\r\n<\/div>\r\n<div class=\"member-location\">\r\n\r\n<\/div>\r\n<\/div>\r\n<\/li><li style= ' width: calc(25% - 1px)'>\r\n<div class=\"team-member\">\r\n<div class=\"member-img\">\r\n <a  class='imt-cursor' onclick='displayModalInfo(10778, \"center_popup\");' >\r\n <img decoding=\"async\" title=\"Tauno Hinno\" src=\"https:\/\/oil.jungent.eu\/wp-content\/uploads\/2024\/01\/Jungent-Shell_-Tauno-Hinno.jpg\" alt=\"\"\/>\r\n <\/a>\r\n <div class=\"member-desc\">\r\n\t\r\n  <\/div>\r\n<\/div>\r\n<div class=\"member-content\">\r\n<div class=\"member-name\">\r\n<a  class='imt-cursor' onclick='displayModalInfo(10778, \"center_popup\");' >\r\nTauno Hinno\r\n<\/a> \r\n<\/div>\t\r\n<div class=\"imtvc-text-align\">\r\n<div class=\"member-job\">\r\nShell P\u00f5hja-Eesti m\u00fc\u00fcgijuht\r\n <\/div>\r\n <\/div>\r\n<div class=\"member-skills-wrapper\">\r\n    \r\n<\/div>\r\n<div class=\"member-social\">\r\n\t\r\n  <\/div>\r\n<div class=\"member-email\">\r\n<i class=\"glyphicont-envelope\"><\/i> <a href=\"mailto:tauno@jungent.eu\">tauno@jungent.eu<\/a>\r\n<\/div>\r\n<div class=\"member-web\">\r\n\r\n<\/div>\r\n<div class=\"member-phone\">\r\n<i class=\"icont-phone\"><\/i> +372 503 0124\r\n<\/div>\r\n<div class=\"member-location\">\r\n\r\n<\/div>\r\n<\/div>\r\n<\/li><li style= ' width: calc(25% - 1px)'>\r\n<div class=\"team-member\">\r\n<div class=\"member-img\">\r\n <a  class='imt-cursor' onclick='displayModalInfo(10773, \"center_popup\");' >\r\n <img decoding=\"async\" title=\"Tarmo Klaar\" src=\"https:\/\/oil.jungent.eu\/wp-content\/uploads\/2024\/01\/Jungent-Shell_Tarmo-Klaar.jpg\" alt=\"\"\/>\r\n <\/a>\r\n <div class=\"member-desc\">\r\n\t\r\n  <\/div>\r\n<\/div>\r\n<div class=\"member-content\">\r\n<div class=\"member-name\">\r\n<a  class='imt-cursor' onclick='displayModalInfo(10773, \"center_popup\");' >\r\nTarmo Klaar\r\n<\/a> \r\n<\/div>\t\r\n<div class=\"imtvc-text-align\">\r\n<div class=\"member-job\">\r\nShell M\u00e4\u00e4rdeainete tehniline konsultant ja koolitaja\r\n <\/div>\r\n <\/div>\r\n<div class=\"member-skills-wrapper\">\r\n    \r\n<\/div>\r\n<div class=\"member-social\">\r\n\t\r\n  <\/div>\r\n<div class=\"member-email\">\r\n<i class=\"glyphicont-envelope\"><\/i> <a href=\"mailto:tarmo.klaar@jungent.eu\">tarmo.klaar@jungent.eu<\/a>\r\n<\/div>\r\n<div class=\"member-web\">\r\n\r\n<\/div>\r\n<div class=\"member-phone\">\r\n<i class=\"icont-phone\"><\/i> +372 516 3317\r\n<\/div>\r\n<div class=\"member-location\">\r\n\r\n<\/div>\r\n<\/div>\r\n<\/li><li style= ' width: calc(25% - 1px)'>\r\n<div class=\"team-member\">\r\n<div class=\"member-img\">\r\n <a  class='imt-cursor' onclick='displayModalInfo(10771, \"center_popup\");' >\r\n <img decoding=\"async\" title=\"Sandor Weinrauch\" src=\"https:\/\/oil.jungent.eu\/wp-content\/uploads\/2024\/01\/Jungent-Shell_Sandor-Weinrauch.jpg\" alt=\"\"\/>\r\n <\/a>\r\n <div class=\"member-desc\">\r\n\t\r\n  <\/div>\r\n<\/div>\r\n<div class=\"member-content\">\r\n<div class=\"member-name\">\r\n<a  class='imt-cursor' onclick='displayModalInfo(10771, \"center_popup\");' >\r\nSandor Weinrauch\r\n<\/a> \r\n<\/div>\t\r\n<div class=\"imtvc-text-align\">\r\n<div class=\"member-job\">\r\nShell L\u00f5una-Eesti m\u00fc\u00fcgijuht\r\n <\/div>\r\n <\/div>\r\n<div class=\"member-skills-wrapper\">\r\n    \r\n<\/div>\r\n<div class=\"member-social\">\r\n\t\r\n  <\/div>\r\n<div class=\"member-email\">\r\n<i class=\"glyphicont-envelope\"><\/i> <a href=\"mailto:sandor@jungent.eu\">sandor@jungent.eu<\/a>\r\n<\/div>\r\n<div class=\"member-web\">\r\n\r\n<\/div>\r\n<div class=\"member-phone\">\r\n<i class=\"icont-phone\"><\/i> +372 515 4239\r\n<\/div>\r\n<div class=\"member-location\">\r\n\r\n<\/div>\r\n<\/div>\r\n<\/li><li style= ' width: calc(25% - 1px)'>\r\n<div class=\"team-member\">\r\n<div class=\"member-img\">\r\n <a  class='imt-cursor' onclick='displayModalInfo(10751, \"center_popup\");' >\r\n <img decoding=\"async\" title=\"Raul Tein\" src=\"https:\/\/oil.jungent.eu\/wp-content\/uploads\/2024\/01\/Jungent-Shell_-Raul-Tein.jpg\" alt=\"\"\/>\r\n <\/a>\r\n <div class=\"member-desc\">\r\n\t\r\n  <\/div>\r\n<\/div>\r\n<div class=\"member-content\">\r\n<div class=\"member-name\">\r\n<a  class='imt-cursor' onclick='displayModalInfo(10751, \"center_popup\");' >\r\nRaul Tein\r\n<\/a> \r\n<\/div>\t\r\n<div class=\"imtvc-text-align\">\r\n<div class=\"member-job\">\r\nShell Key Account Manager\r\n <\/div>\r\n <\/div>\r\n<div class=\"member-skills-wrapper\">\r\n    \r\n<\/div>\r\n<div class=\"member-social\">\r\n\t\r\n  <\/div>\r\n<div class=\"member-email\">\r\n<i class=\"glyphicont-envelope\"><\/i> <a href=\"mailto:raul@jungent.eu\">raul@jungent.eu<\/a>\r\n<\/div>\r\n<div class=\"member-web\">\r\n\r\n<\/div>\r\n<div class=\"member-phone\">\r\n<i class=\"icont-phone\"><\/i> +372 508 1940\r\n<\/div>\r\n<div class=\"member-location\">\r\nEstonia\r\n<\/div>\r\n<\/div>\r\n<\/li><li style= ' width: calc(25% - 1px)'>\r\n<div class=\"team-member\">\r\n<div class=\"member-img\">\r\n <a  class='imt-cursor' onclick='displayModalInfo(10776, \"center_popup\");' >\r\n <img decoding=\"async\" title=\"Priit Pall\" src=\"https:\/\/oil.jungent.eu\/wp-content\/uploads\/2024\/01\/Jungent-Shell_-Priit-Pall.jpg\" alt=\"\"\/>\r\n <\/a>\r\n <div class=\"member-desc\">\r\n\t\r\n  <\/div>\r\n<\/div>\r\n<div class=\"member-content\">\r\n<div class=\"member-name\">\r\n<a  class='imt-cursor' onclick='displayModalInfo(10776, \"center_popup\");' >\r\nPriit Pall\r\n<\/a> \r\n<\/div>\t\r\n<div class=\"imtvc-text-align\">\r\n<div class=\"member-job\">\r\nShell Tartu lao juht\r\n <\/div>\r\n <\/div>\r\n<div class=\"member-skills-wrapper\">\r\n    \r\n<\/div>\r\n<div class=\"member-social\">\r\n\t\r\n  <\/div>\r\n<div class=\"member-email\">\r\n<i class=\"glyphicont-envelope\"><\/i> <a href=\"mailto:priit.pall@jungent.eu\">priit.pall@jungent.eu<\/a>\r\n<\/div>\r\n<div class=\"member-web\">\r\n\r\n<\/div>\r\n<div class=\"member-phone\">\r\n<i class=\"icont-phone\"><\/i> +372 512 8296\r\n<\/div>\r\n<div class=\"member-location\">\r\n\r\n<\/div>\r\n<\/div>\r\n<\/li><li style= ' width: calc(25% - 1px)'>\r\n<div class=\"team-member\">\r\n<div class=\"member-img\">\r\n <a  class='imt-cursor' onclick='displayModalInfo(10768, \"center_popup\");' >\r\n <img decoding=\"async\" title=\"Kristi V\u00e4rv\" src=\"https:\/\/oil.jungent.eu\/wp-content\/uploads\/2024\/01\/Jungent-Shell_Kristi-Varv.jpg\" alt=\"\"\/>\r\n <\/a>\r\n <div class=\"member-desc\">\r\n\t\r\n  <\/div>\r\n<\/div>\r\n<div class=\"member-content\">\r\n<div class=\"member-name\">\r\n<a  class='imt-cursor' onclick='displayModalInfo(10768, \"center_popup\");' >\r\nKristi V\u00e4rv\r\n<\/a> \r\n<\/div>\t\r\n<div class=\"imtvc-text-align\">\r\n<div class=\"member-job\">\r\nShell Marketing Manager\r\n <\/div>\r\n <\/div>\r\n<div class=\"member-skills-wrapper\">\r\n    \r\n<\/div>\r\n<div class=\"member-social\">\r\n\t\r\n  <\/div>\r\n<div class=\"member-email\">\r\n<i class=\"glyphicont-envelope\"><\/i> <a href=\"mailto:kristi.varv@jungent.eu\">kristi.varv@jungent.eu<\/a>\r\n<\/div>\r\n<div class=\"member-web\">\r\n\r\n<\/div>\r\n<div class=\"member-phone\">\r\n<i class=\"icont-phone\"><\/i> +372 5340 6353\r\n<\/div>\r\n<div class=\"member-location\">\r\nEstonia\r\n<\/div>\r\n<\/div>\r\n<\/li><div class='clear'><\/div><\/ul><\/div><\/div><\/div><\/div><div id ='imt_modal_id' class='imt-modal-wrapp'><div class='imt-modal-content'><div class='imt-close'>x<\/div><div class='imt-response'><\/div><\/div><\/div>[\/vc_column][\/vc_row][vc_row][vc_column][vc_empty_space][vc_raw_html]JTNDZGl2JTIwY2xhc3MlM0QlMjJwaXBlZHJpdmVXZWJGb3JtcyUyMiUyMGRhdGEtcGQtd2ViZm9ybXMlM0QlMjJodHRwcyUzQSUyRiUyRndlYmZvcm1zLnBpcGVkcml2ZS5jb20lMkZmJTJGbnJ6REtIcVkxZ2xxdFBCaENzWmtKck5aTzdzTDJMRFJJTUlLOUVlQ3JTWDhmbmZEM2pZbHA0b2hBRXVNWkxaJTIyJTNFJTNDc2NyaXB0JTIwc3JjJTNEJTIyaHR0cHMlM0ElMkYlMkZ3ZWJmb3Jtcy5waXBlZHJpdmUuY29tJTJGZiUyRmxvYWRlciUyMiUzRSUzQyUyRnNjcmlwdCUzRSUzQyUyRmRpdiUzRQ==[\/vc_raw_html][vc_empty_space][\/vc_column][\/vc_row][vc_row disable_element=&#8221;yes&#8221;][vc_column][vc_tta_tabs][vc_tta_section title=&#8221;S\u00f5lmi Jungent Estonia O\u00dc Shell osakonnaga kliendileping (Eesti keeles)&#8221; tab_id=&#8221;1567420356377-14ddea47-ed43&#8243;][vc_raw_html]JTNDc2NyaXB0JTIwdHlwZSUzRCUyMnRleHQlMkZqYXZhc2NyaXB0JTIyJTIwc3JjJTNEJTIyaHR0cHMlM0ElMkYlMkZmb3JtLmpvdGZvcm1ldS5jb20lMkZqc2Zvcm0lMkY4MzUwNDA4NTg0OTM2NCUyMiUzRSUzQyUyRnNjcmlwdCUzRQ==[\/vc_raw_html][\/vc_tta_section][vc_tta_section title=&#8221;S\u00f5lmi Jungent Estonia O\u00dc Shell osakonnaga kliendileping (Inglise keeles)&#8221; tab_id=&#8221;1567420483920-9614250a-bf72&#8243;][vc_raw_html]JTNDc2NyaXB0JTIwdHlwZSUzRCUyMnRleHQlMkZqYXZhc2NyaXB0JTIyJTIwc3JjJTNEJTIyaHR0cHMlM0ElMkYlMkZmb3JtLmpvdGZvcm1ldS5jb20lMkZqc2Zvcm0lMkY5MTEzMzg1NjkwMTM1NiUyMiUzRSUzQyUyRnNjcmlwdCUzRQ==[\/vc_raw_html][\/vc_tta_section][\/vc_tta_tabs][\/vc_column][\/vc_row][vc_row][vc_column][\/vc_column][\/vc_row][vc_row][vc_column][rev_slider_vc alias=&#8221;customer-contract-ee&#8221;][vc_empty_space][\/vc_column][\/vc_row][vc_row][vc_column][vc_column_text css=&#8221;&#8221;]\n<p style=\"text-align: center;\">Vali lepingu keel<\/p>\n[\/vc_column_text][vc_tta_tabs active_section=&#8221;1&#8243;][vc_tta_section title=&#8221;Eesti keeles&#8221; tab_id=&#8221;1721725097150-982660e0-1bd3&#8243;][vc_custom_heading text=&#8221;S\u00f5lmi leping eesti keeles&#8221; use_theme_fonts=&#8221;yes&#8221; css=&#8221;&#8221;][vc_raw_html]JTNDc2NyaXB0JTIwdHlwZSUzRCUyMnRleHQlMkZqYXZhc2NyaXB0JTIyJTIwc3JjJTNEJTIyaHR0cHMlM0ElMkYlMkZmb3JtLmpvdGZvcm1ldS5jb20lMkZqc2Zvcm0lMkY4MzUwNDA4NTg0OTM2NCUyMiUzRSUzQyUyRnNjcmlwdCUzRQ==[\/vc_raw_html][\/vc_tta_section][vc_tta_section title=&#8221;Inglise keeles&#8221; tab_id=&#8221;1721725097160-91aa760a-8a09&#8243;][vc_custom_heading text=&#8221;S\u00f5lmi leping inglise keeles&#8221; use_theme_fonts=&#8221;yes&#8221; css=&#8221;&#8221;][vc_raw_html]JTNDc2NyaXB0JTIwdHlwZSUzRCUyMnRleHQlMkZqYXZhc2NyaXB0JTIyJTIwc3JjJTNEJTIyaHR0cHMlM0ElMkYlMkZmb3JtLmpvdGZvcm1ldS5jb20lMkZqc2Zvcm0lMkY5MTEzMzg1NjkwMTM1NiUyMiUzRSUzQyUyRnNjcmlwdCUzRQ==[\/vc_raw_html][\/vc_tta_section][\/vc_tta_tabs][\/vc_column][\/vc_row]\n<\/div>","protected":false},"excerpt":{"rendered":"<p>[vc_row][vc_column][vc_raw_js]JTNDc2NyaXB0JTNFJTBBJTIwJTIwZ3RhZyUyOCUyN2V2ZW50JTI3JTJDJTIwJTI3Y29udmVyc2lvbiUyNyUyQyUyMCU3QiUyN3NlbmRfdG8lMjclM0ElMjAlMjdBVy05OTI3MTA1NTglMkZnTzc0Q0stOXJjd0JFSjZmcnRrRCUyNyU3RCUyOSUzQiUwQSUzQyUyRnNjcmlwdCUzRQ==[\/vc_raw_js][\/vc_column][\/vc_row][vc_row disable_element=&#8221;yes&#8221;][vc_column][vc_column_text css=&#8221;&#8221;]Jungent Shell ja Quaker Houghton osakonna kontaktid ja lepingu s\u00f5lmimine. Jungent Shell osakond on Shell m\u00e4\u00e4rdeainete ja Quaker Houghton m\u00e4\u00e4rete ainuesindaja Baltikumis. Siit leiad meie spetsialistide kontaktid ja saate s\u00fclmida \u00e4rikliendilepingu.[\/vc_column_text][\/vc_column][\/vc_row][vc_row el_class=&#8221;container&#8221;][vc_column][\/vc_column][\/vc_row][vc_row content_placement=&#8221;middle&#8221; el_class=&#8221;container&#8221;][vc_column][vc_empty_space][\/vc_column][\/vc_row][vc_row][vc_column][vc_empty_space][vc_raw_html]JTNDZGl2JTIwY2xhc3MlM0QlMjJwaXBlZHJpdmVXZWJGb3JtcyUyMiUyMGRhdGEtcGQtd2ViZm9ybXMlM0QlMjJodHRwcyUzQSUyRiUyRndlYmZvcm1zLnBpcGVkcml2ZS5jb20lMkZmJTJGbnJ6REtIcVkxZ2xxdFBCaENzWmtKck5aTzdzTDJMRFJJTUlLOUVlQ3JTWDhmbmZEM2pZbHA0b2hBRXVNWkxaJTIyJTNFJTNDc2NyaXB0JTIwc3JjJTNEJTIyaHR0cHMlM0ElMkYlMkZ3ZWJmb3Jtcy5waXBlZHJpdmUuY29tJTJGZiUyRmxvYWRlciUyMiUzRSUzQyUyRnNjcmlwdCUzRSUzQyUyRmRpdiUzRQ==[\/vc_raw_html][vc_empty_space][\/vc_column][\/vc_row][vc_row disable_element=&#8221;yes&#8221;][vc_column][vc_tta_tabs][vc_tta_section title=&#8221;S\u00f5lmi Jungent Estonia O\u00dc Shell osakonnaga kliendileping (Eesti keeles)&#8221; tab_id=&#8221;1567420356377-14ddea47-ed43&#8243;][vc_raw_html]JTNDc2NyaXB0JTIwdHlwZSUzRCUyMnRleHQlMkZqYXZhc2NyaXB0JTIyJTIwc3JjJTNEJTIyaHR0cHMlM0ElMkYlMkZmb3JtLmpvdGZvcm1ldS5jb20lMkZqc2Zvcm0lMkY4MzUwNDA4NTg0OTM2NCUyMiUzRSUzQyUyRnNjcmlwdCUzRQ==[\/vc_raw_html][\/vc_tta_section][vc_tta_section title=&#8221;S\u00f5lmi Jungent Estonia O\u00dc Shell osakonnaga kliendileping (Inglise keeles)&#8221; tab_id=&#8221;1567420483920-9614250a-bf72&#8243;][vc_raw_html]JTNDc2NyaXB0JTIwdHlwZSUzRCUyMnRleHQlMkZqYXZhc2NyaXB0JTIyJTIwc3JjJTNEJTIyaHR0cHMlM0ElMkYlMkZmb3JtLmpvdGZvcm1ldS5jb20lMkZqc2Zvcm0lMkY5MTEzMzg1NjkwMTM1NiUyMiUzRSUzQyUyRnNjcmlwdCUzRQ==[\/vc_raw_html][\/vc_tta_section][\/vc_tta_tabs][\/vc_column][\/vc_row][vc_row][vc_column][\/vc_column][\/vc_row][vc_row][vc_column][rev_slider_vc alias=&#8221;customer-contract-ee&#8221;][vc_empty_space][\/vc_column][\/vc_row][vc_row][vc_column][vc_column_text css=&#8221;&#8221;] Vali lepingu keel [\/vc_column_text][vc_tta_tabs active_section=&#8221;1&#8243;][vc_tta_section title=&#8221;Eesti keeles&#8221; tab_id=&#8221;1721725097150-982660e0-1bd3&#8243;][vc_custom_heading text=&#8221;S\u00f5lmi leping eesti keeles&#8221; use_theme_fonts=&#8221;yes&#8221; css=&#8221;&#8221;][vc_raw_html]JTNDc2NyaXB0JTIwdHlwZSUzRCUyMnRleHQlMkZqYXZhc2NyaXB0JTIyJTIwc3JjJTNEJTIyaHR0cHMlM0ElMkYlMkZmb3JtLmpvdGZvcm1ldS5jb20lMkZqc2Zvcm0lMkY4MzUwNDA4NTg0OTM2NCUyMiUzRSUzQyUyRnNjcmlwdCUzRQ==[\/vc_raw_html][\/vc_tta_section][vc_tta_section title=&#8221;Inglise keeles&#8221; tab_id=&#8221;1721725097160-91aa760a-8a09&#8243;][vc_custom_heading text=&#8221;S\u00f5lmi leping inglise keeles&#8221; use_theme_fonts=&#8221;yes&#8221; css=&#8221;&#8221;][vc_raw_html]JTNDc2NyaXB0JTIwdHlwZSUzRCUyMnRleHQlMkZqYXZhc2NyaXB0JTIyJTIwc3JjJTNEJTIyaHR0cHMlM0ElMkYlMkZmb3JtLmpvdGZvcm1ldS5jb20lMkZqc2Zvcm0lMkY5MTEzMzg1NjkwMTM1NiUyMiUzRSUzQyUyRnNjcmlwdCUzRQ==[\/vc_raw_html][\/vc_tta_section][\/vc_tta_tabs][\/vc_column][\/vc_row]<\/p>\n","protected":false},"author":2,"featured_media":0,"parent":0,"menu_order":0,"comment_status":"closed","ping_status":"closed","template":"","meta":{"_acf_changed":false,"_monsterinsights_skip_tracking":false,"_monsterinsights_sitenote_active":false,"_monsterinsights_sitenote_note":"","_monsterinsights_sitenote_category":0,"footnotes":""},"class_list":["post-794","page","type-page","status-publish","hentry"],"acf":[],"_links":{"self":[{"href":"https:\/\/oil.jungent.eu\/et\/wp-json\/wp\/v2\/pages\/794","targetHints":{"allow":["GET"]}}],"collection":[{"href":"https:\/\/oil.jungent.eu\/et\/wp-json\/wp\/v2\/pages"}],"about":[{"href":"https:\/\/oil.jungent.eu\/et\/wp-json\/wp\/v2\/types\/page"}],"author":[{"embeddable":true,"href":"https:\/\/oil.jungent.eu\/et\/wp-json\/wp\/v2\/users\/2"}],"replies":[{"embeddable":true,"href":"https:\/\/oil.jungent.eu\/et\/wp-json\/wp\/v2\/comments?post=794"}],"version-history":[{"count":51,"href":"https:\/\/oil.jungent.eu\/et\/wp-json\/wp\/v2\/pages\/794\/revisions"}],"predecessor-version":[{"id":11466,"href":"https:\/\/oil.jungent.eu\/et\/wp-json\/wp\/v2\/pages\/794\/revisions\/11466"}],"wp:attachment":[{"href":"https:\/\/oil.jungent.eu\/et\/wp-json\/wp\/v2\/media?parent=794"}],"curies":[{"name":"wp","href":"https:\/\/api.w.org\/{rel}","templated":true}]}}