{"id":7490,"date":"2021-01-14T14:07:26","date_gmt":"2021-01-14T12:07:26","guid":{"rendered":"https:\/\/oil.jungent.eu\/?page_id=7490"},"modified":"2023-05-24T16:17:06","modified_gmt":"2023-05-24T13:17:06","slug":"ohutuskaardid","status":"publish","type":"page","link":"https:\/\/oil.jungent.eu\/et\/shell-mootorioli-maarded\/ohutuskaardid\/","title":{"rendered":"Ohutuskaardid"},"content":{"rendered":"<div class=\"wpb-content-wrapper\">[vc_row][vc_column][vc_row_inner equal_height=&#8221;yes&#8221; content_placement=&#8221;middle&#8221;][vc_column_inner width=&#8221;1\/2&#8243;][vc_single_image image=&#8221;10160&#8243; img_size=&#8221;medium&#8221; onclick=&#8221;custom_link&#8221; img_link_target=&#8221;_blank&#8221; link=&#8221;https:\/\/www.epc.shell.com\/&#8221;][vc_single_image image=&#8221;7522&#8243; img_size=&#8221;medium&#8221; onclick=&#8221;custom_link&#8221; img_link_target=&#8221;_blank&#8221; link=&#8221;https:\/\/www.epc.shell.com\/&#8221;][\/vc_column_inner][vc_column_inner width=&#8221;1\/2&#8243; css=&#8221;.vc_custom_1610627224844{padding-top: 30px !important;padding-bottom: 30px !important;}&#8221;][vc_column_text]\n<ul>\n<li>Shell autokeemia ohutuskaardid leiad j\u00e4rgnevalt veebilehelt: <a href=\"https:\/\/shellcarcareproducts.com\/en-ee\/\" target=\"_blank\" rel=\"noopener\">https:\/\/shellcarcareproducts.com\/en-ee\/<\/a><\/li>\n<\/ul>\n[\/vc_column_text][vc_empty_space][vc_column_text]\n<ul>\n<li>Mootori\u00f5lide ja m\u00e4\u00e4rdeainete ohutuskaartide alla laadimiseks mine lehele <a title=\"Shell Product Catalog\" href=\"https:\/\/www.epc.shell.com\/\" target=\"_blank\" rel=\"noopener\">https:\/\/www.epc.shell.com\/<\/a>, vali inglise keel (Language <strong>English<\/strong>) ja vajuta Edasi nuppu (<strong>Continue<\/strong>)<\/li>\n<\/ul>\n[\/vc_column_text][\/vc_column_inner][\/vc_row_inner][\/vc_column][\/vc_row][vc_row][vc_column][vc_text_separator title=&#8221;j\u00e4rgmine samm&#8221; color=&#8221;custom&#8221; accent_color=&#8221;#ffd200&#8243;][vc_row_inner equal_height=&#8221;yes&#8221; content_placement=&#8221;middle&#8221; gap=&#8221;10&#8243;][vc_column_inner width=&#8221;1\/2&#8243;][vc_single_image image=&#8221;7517&#8243; img_size=&#8221;medium&#8221; onclick=&#8221;img_link_large&#8221;][\/vc_column_inner][vc_column_inner width=&#8221;1\/2&#8243; css=&#8221;.vc_custom_1610627224844{padding-top: 30px !important;padding-bottom: 30px !important;}&#8221;][vc_column_text]J\u00e4rgmisel lehel vali piirkond\/ turg <strong>Estonia<\/strong> (Select from the list below\u00a0Region\/Markets), sest siis otsitakse ja kuvatakse eestikeelseid ohutuskaarte k\u00f5rvuti inglise keelega.[\/vc_column_text][\/vc_column_inner][\/vc_row_inner][\/vc_column][\/vc_row][vc_row][vc_column][vc_text_separator title=&#8221;j\u00e4rgmine samm&#8221; color=&#8221;custom&#8221; accent_color=&#8221;#ffd200&#8243;][vc_row_inner equal_height=&#8221;yes&#8221; content_placement=&#8221;middle&#8221;][vc_column_inner width=&#8221;1\/2&#8243;][vc_single_image image=&#8221;7512&#8243; img_size=&#8221;medium&#8221; onclick=&#8221;img_link_large&#8221;][\/vc_column_inner][vc_column_inner width=&#8221;1\/2&#8243; css=&#8221;.vc_custom_1610627224844{padding-top: 30px !important;padding-bottom: 30px !important;}&#8221;][vc_column_text]Vali otsing\u00a0Tootenime j\u00e4rgi (otsing <strong>Product Name<\/strong> alusel)[\/vc_column_text][\/vc_column_inner][\/vc_row_inner][\/vc_column][\/vc_row][vc_row][vc_column][vc_text_separator title=&#8221;j\u00e4rgmine samm&#8221; color=&#8221;custom&#8221; accent_color=&#8221;#ffd200&#8243;][vc_row_inner equal_height=&#8221;yes&#8221; content_placement=&#8221;middle&#8221;][vc_column_inner width=&#8221;1\/2&#8243;][vc_single_image image=&#8221;7507&#8243; img_size=&#8221;medium&#8221; onclick=&#8221;img_link_large&#8221;][\/vc_column_inner][vc_column_inner width=&#8221;1\/2&#8243;][vc_column_text]Sisesta tootenime osa (n\u00e4iteks &#8220;Helix Ultra ECT&#8221; ) ja kl\u00f5psa <strong>Search<\/strong>[\/vc_column_text][\/vc_column_inner][\/vc_row_inner][\/vc_column][\/vc_row][vc_row][vc_column][vc_text_separator title=&#8221;j\u00e4rgmine samm&#8221; color=&#8221;custom&#8221; accent_color=&#8221;#ffd200&#8243;][vc_row_inner equal_height=&#8221;yes&#8221; content_placement=&#8221;middle&#8221;][vc_column_inner width=&#8221;1\/2&#8243;][vc_single_image image=&#8221;7502&#8243; img_size=&#8221;medium&#8221; onclick=&#8221;img_link_large&#8221;][\/vc_column_inner][vc_column_inner width=&#8221;1\/2&#8243; css=&#8221;.vc_custom_1610627224844{padding-top: 30px !important;padding-bottom: 30px !important;}&#8221;][vc_column_text]Tulemuseks saad j\u00e4rgneva otsingutulemuse:[\/vc_column_text][vc_column_text]Ohtuskaardi allalaadimiseks eesti keeles kl\u00f5psa <strong>MSDS<\/strong> (Material Safety\u00a0Data Sheet) <strong>ET<\/strong> lingil, mille j\u00e4rel avaneb uus aken. Spetsifikatsioonilehe allalaadimiseks vali veerust <strong>TDS<\/strong> (Technical Data Sheet) sobiv tooterida.[\/vc_column_text][\/vc_column_inner][\/vc_row_inner][\/vc_column][\/vc_row][vc_row][vc_column][vc_text_separator title=&#8221;j\u00e4rgmine samm&#8221; color=&#8221;custom&#8221; accent_color=&#8221;#ffd200&#8243;][vc_row_inner equal_height=&#8221;yes&#8221; content_placement=&#8221;middle&#8221;][vc_column_inner width=&#8221;1\/2&#8243;][vc_single_image image=&#8221;7497&#8243; img_size=&#8221;medium&#8221; onclick=&#8221;img_link_large&#8221;][\/vc_column_inner][vc_column_inner width=&#8221;1\/2&#8243; css=&#8221;.vc_custom_1610627224844{padding-top: 30px !important;padding-bottom: 30px !important;}&#8221;][vc_column_text]\n<ul>\n<li>Kinnitage nupule <strong>Accept<\/strong> vajutades n\u00f5ustumist Shell totoekataloogi tingimustega<\/li>\n<\/ul>\n[\/vc_column_text][\/vc_column_inner][\/vc_row_inner][\/vc_column][\/vc_row][vc_row][vc_column][vc_text_separator title=&#8221;j\u00e4rgmine samm&#8221; color=&#8221;custom&#8221; accent_color=&#8221;#ffd200&#8243;][vc_row_inner equal_height=&#8221;yes&#8221; content_placement=&#8221;middle&#8221;][vc_column_inner width=&#8221;1\/2&#8243;][vc_single_image image=&#8221;7492&#8243; img_size=&#8221;medium&#8221; onclick=&#8221;img_link_large&#8221;][\/vc_column_inner][vc_column_inner width=&#8221;1\/2&#8243; css=&#8221;.vc_custom_1610627224844{padding-top: 30px !important;padding-bottom: 30px !important;}&#8221;][vc_column_text]Uues aknas avaneb dokumendi\u00a0link (<strong>Document<\/strong>: Toote nimi )\u00a0millel tuleb kl\u00f5psata Ohutuskaardi\u00a0allalaadimiseks\u00a0.pdf kujul<\/p>\n<p>Ohutuskaardi n\u00e4idis on pdf kujul selline <a title=\"Ohutuskaart Helix Ultra ECT 0W-30\" href=\"https:\/\/shop.jungent.eu\/pildid\/GSAP_msds_01670452_0W-30.PDF\" target=\"_blank\" rel=\"noopener\">Helix Ultra ECT 0W-30<\/a>. Spetsifikatsioonileht n\u00e4eb v\u00e4lja selline <a title=\"Spetsifikatsioonileht\" href=\"https:\/\/shop.jungent.eu\/pildid\/TDS_Helix_Ultra_ECT_0W-30.pdf\" target=\"_blank\" rel=\"noopener\">TDS<\/a>.[\/vc_column_text][\/vc_column_inner][\/vc_row_inner][\/vc_column][\/vc_row]\n<\/div>","protected":false},"excerpt":{"rendered":"<p>[vc_row][vc_column][vc_row_inner equal_height=&#8221;yes&#8221; content_placement=&#8221;middle&#8221;][vc_column_inner width=&#8221;1\/2&#8243;][vc_single_image image=&#8221;10160&#8243; img_size=&#8221;medium&#8221; onclick=&#8221;custom_link&#8221; img_link_target=&#8221;_blank&#8221; link=&#8221;https:\/\/www.epc.shell.com\/&#8221;][vc_single_image image=&#8221;7522&#8243; img_size=&#8221;medium&#8221; onclick=&#8221;custom_link&#8221; img_link_target=&#8221;_blank&#8221; link=&#8221;https:\/\/www.epc.shell.com\/&#8221;][\/vc_column_inner][vc_column_inner width=&#8221;1\/2&#8243; css=&#8221;.vc_custom_1610627224844{padding-top: 30px !important;padding-bottom: 30px !important;}&#8221;][vc_column_text] Shell autokeemia ohutuskaardid leiad j\u00e4rgnevalt veebilehelt: https:\/\/shellcarcareproducts.com\/en-ee\/ [\/vc_column_text][vc_empty_space][vc_column_text] Mootori\u00f5lide ja m\u00e4\u00e4rdeainete ohutuskaartide alla laadimiseks mine lehele https:\/\/www.epc.shell.com\/, vali inglise keel (Language English) ja vajuta Edasi nuppu (Continue) [\/vc_column_text][\/vc_column_inner][\/vc_row_inner][\/vc_column][\/vc_row][vc_row][vc_column][vc_text_separator title=&#8221;j\u00e4rgmine samm&#8221; color=&#8221;custom&#8221; accent_color=&#8221;#ffd200&#8243;][vc_row_inner equal_height=&#8221;yes&#8221; content_placement=&#8221;middle&#8221; gap=&#8221;10&#8243;][vc_column_inner width=&#8221;1\/2&#8243;][vc_single_image image=&#8221;7517&#8243; img_size=&#8221;medium&#8221; onclick=&#8221;img_link_large&#8221;][\/vc_column_inner][vc_column_inner width=&#8221;1\/2&#8243; css=&#8221;.vc_custom_1610627224844{padding-top: 30px !important;padding-bottom: 30px !important;}&#8221;][vc_column_text]J\u00e4rgmisel lehel vali piirkond\/ turg Estonia (Select from the list below\u00a0Region\/Markets), sest siis otsitakse ja kuvatakse eestikeelseid ohutuskaarte k\u00f5rvuti inglise keelega.[\/vc_column_text][\/vc_column_inner][\/vc_row_inner][\/vc_column][\/vc_row][vc_row][vc_column][vc_text_separator title=&#8221;j\u00e4rgmine samm&#8221; color=&#8221;custom&#8221; accent_color=&#8221;#ffd200&#8243;][vc_row_inner equal_height=&#8221;yes&#8221; content_placement=&#8221;middle&#8221;][vc_column_inner width=&#8221;1\/2&#8243;][vc_single_image image=&#8221;7512&#8243; img_size=&#8221;medium&#8221; onclick=&#8221;img_link_large&#8221;][\/vc_column_inner][vc_column_inner width=&#8221;1\/2&#8243; css=&#8221;.vc_custom_1610627224844{padding-top: 30px !important;padding-bottom: 30px !important;}&#8221;][vc_column_text]Vali otsing\u00a0Tootenime j\u00e4rgi (otsing Product Name alusel)[\/vc_column_text][\/vc_column_inner][\/vc_row_inner][\/vc_column][\/vc_row][vc_row][vc_column][vc_text_separator title=&#8221;j\u00e4rgmine samm&#8221; color=&#8221;custom&#8221; accent_color=&#8221;#ffd200&#8243;][vc_row_inner equal_height=&#8221;yes&#8221; content_placement=&#8221;middle&#8221;][vc_column_inner width=&#8221;1\/2&#8243;][vc_single_image image=&#8221;7507&#8243; img_size=&#8221;medium&#8221; onclick=&#8221;img_link_large&#8221;][\/vc_column_inner][vc_column_inner width=&#8221;1\/2&#8243;][vc_column_text]Sisesta tootenime osa (n\u00e4iteks &#8220;Helix Ultra ECT&#8221; ) ja kl\u00f5psa Search[\/vc_column_text][\/vc_column_inner][\/vc_row_inner][\/vc_column][\/vc_row][vc_row][vc_column][vc_text_separator title=&#8221;j\u00e4rgmine samm&#8221; color=&#8221;custom&#8221; accent_color=&#8221;#ffd200&#8243;][vc_row_inner equal_height=&#8221;yes&#8221; content_placement=&#8221;middle&#8221;][vc_column_inner width=&#8221;1\/2&#8243;][vc_single_image image=&#8221;7502&#8243; img_size=&#8221;medium&#8221; onclick=&#8221;img_link_large&#8221;][\/vc_column_inner][vc_column_inner width=&#8221;1\/2&#8243; css=&#8221;.vc_custom_1610627224844{padding-top: 30px !important;padding-bottom: 30px !important;}&#8221;][vc_column_text]Tulemuseks saad j\u00e4rgneva otsingutulemuse:[\/vc_column_text][vc_column_text]Ohtuskaardi allalaadimiseks eesti keeles<a class=\"moretag\" href=\"https:\/\/oil.jungent.eu\/et\/shell-mootorioli-maarded\/ohutuskaardid\/\"> Read More&#8230;<\/a><\/p>\n","protected":false},"author":4,"featured_media":0,"parent":898,"menu_order":0,"comment_status":"closed","ping_status":"closed","template":"","meta":{"_acf_changed":false,"_monsterinsights_skip_tracking":false,"_monsterinsights_sitenote_active":false,"_monsterinsights_sitenote_note":"","_monsterinsights_sitenote_category":0,"footnotes":""},"class_list":["post-7490","page","type-page","status-publish","hentry"],"acf":[],"_links":{"self":[{"href":"https:\/\/oil.jungent.eu\/et\/wp-json\/wp\/v2\/pages\/7490","targetHints":{"allow":["GET"]}}],"collection":[{"href":"https:\/\/oil.jungent.eu\/et\/wp-json\/wp\/v2\/pages"}],"about":[{"href":"https:\/\/oil.jungent.eu\/et\/wp-json\/wp\/v2\/types\/page"}],"author":[{"embeddable":true,"href":"https:\/\/oil.jungent.eu\/et\/wp-json\/wp\/v2\/users\/4"}],"replies":[{"embeddable":true,"href":"https:\/\/oil.jungent.eu\/et\/wp-json\/wp\/v2\/comments?post=7490"}],"version-history":[{"count":22,"href":"https:\/\/oil.jungent.eu\/et\/wp-json\/wp\/v2\/pages\/7490\/revisions"}],"predecessor-version":[{"id":10168,"href":"https:\/\/oil.jungent.eu\/et\/wp-json\/wp\/v2\/pages\/7490\/revisions\/10168"}],"up":[{"embeddable":true,"href":"https:\/\/oil.jungent.eu\/et\/wp-json\/wp\/v2\/pages\/898"}],"wp:attachment":[{"href":"https:\/\/oil.jungent.eu\/et\/wp-json\/wp\/v2\/media?parent=7490"}],"curies":[{"name":"wp","href":"https:\/\/api.w.org\/{rel}","templated":true}]}}