{"id":6739,"date":"2020-06-04T13:50:22","date_gmt":"2020-06-04T10:50:22","guid":{"rendered":"https:\/\/oil.jungent.eu\/?page_id=6739"},"modified":"2022-05-11T15:29:25","modified_gmt":"2022-05-11T12:29:25","slug":"kkk-korduma-kippuvad-kusimused","status":"publish","type":"page","link":"https:\/\/oil.jungent.eu\/et\/shell-tellimiskeskus\/kkk-korduma-kippuvad-kusimused\/","title":{"rendered":"KKK"},"content":{"rendered":"<div class=\"wpb-content-wrapper\">[vc_row css=&#8221;.vc_custom_1598134162083{padding-top: 30px !important;padding-right: 50px !important;padding-left: 50px !important;}&#8221; el_class=&#8221;container&#8221;][vc_column offset=&#8221;vc_hidden-xs&#8221;][vc_single_image source=&#8221;featured_image&#8221; img_size=&#8221;200&#215;200&#8243; alignment=&#8221;center&#8221; onclick=&#8221;custom_link&#8221; img_link_target=&#8221;_blank&#8221; link=&#8221;https:\/\/pood.jungent.eu&#8221;][\/vc_column][\/vc_row][vc_row el_class=&#8221;container&#8221;][vc_column][vc_custom_heading text=&#8221;KORDUMA KIPPUVAD K\u00dcSIMUSED&#8221; font_container=&#8221;tag:h1|font_size:20|text_align:center&#8221; use_theme_fonts=&#8221;yes&#8221;][\/vc_column][\/vc_row][vc_row css=&#8221;.vc_custom_1598134178189{padding-top: 30px !important;padding-right: 50px !important;padding-left: 50px !important;}&#8221; el_class=&#8221;container&#8221;][vc_column width=&#8221;2\/3&#8243;][vc_column_text]\n<h2><span style=\"font-weight: 400;\">\u00dcLDINFO<\/span><\/h2>\n<h3><b>Kuidas ma saan muuta oma kasutaja parooli?<\/b><\/h3>\n<p><span style=\"font-weight: 400;\">Selleks, et muuta parooli tuleb valida \u201cT\u00f6\u00f6laud\u201d ning seej\u00e4rel \u201cMuuda parooli\u201d. Teine v\u00f5imalus on muuta parooli \u201cKontaktinfo\u201d lehelt.<\/span><\/p>\n<h3><b>Kuidas ma saan muuta e-posti, millele meilid laekuvad?<\/b><\/h3>\n<p><span style=\"font-weight: 400;\">E-posti muutmiseks tuleb valida \u201cT\u00f6\u00f6laud\u201d, seej\u00e4rel \u201cKasutajainfo\u201d ning \u201cMuuda e-posti\u201d. Seej\u00e4rel tuleb sisestada praegune meiliaadress ja parool ning seej\u00e4rel uus, millele soovitakse edaspidi e-kirju saada.<\/span><\/p>\n<h3><b>Kust ma n\u00e4en oma tellimuse staatust?<\/b><\/h3>\n<p><span style=\"font-weight: 400;\">K\u00f5iki oma tellimusi saate j\u00e4lgida valides \u201cT\u00f6\u00f6laud\u201d ning seej\u00e4rel \u201cMinu tellimused\u201d. Tellimuste lehelt on v\u00f5imalik ka sama tellimust tulevikus ka uuesti teha.\u00a0<\/span><\/p>\n<h3><b>Kuidas ma saaksin muuta tarneaadressi?<\/b><\/h3>\n<p><span style=\"font-weight: 400;\">Tarneaadressi muutmiseks tuleb valida \u201cT\u00f6\u00f6laud\u201d ning \u201cAadressiraamat\u201d. Seej\u00e4rel saab aadressi muuta kl\u00f5psates valikule \u201cMuuda tarneaadressi\u201d.<\/span><\/p>\n<h3><b>Kas mul on hiljem v\u00f5imalus muuta ka ettev\u00f5tte andmeid?<\/b><\/h3>\n<h3><span style=\"font-weight: 400;\">Jah, oma ettev\u00f5tte \u00e4riregistri numbrit saate muuta iga ajal, valides t\u00f6\u00f6laualt \u201cEttev\u00f5tte andmed\u201d.<\/span><\/h3>\n<h3><b>Kust ma n\u00e4en poekrediidi seisu ja infot tagastuste kohta?<\/b><\/h3>\n<p><span style=\"font-weight: 400;\">Info poekrediidi ja tagastuste kohta asub t\u00f6\u00f6laual \u201cPoekrediit ja tagastused\u201d all.\u00a0<\/span><\/p>\n<h3><b>Kas ma saan kodulehel n\u00e4ha oma hinnap\u00e4ringuid?<\/b><\/h3>\n<p><span style=\"font-weight: 400;\">Jah, hinnap\u00e4ringuid on v\u00f5imalik n\u00e4ha valides \u201cT\u00f6\u00f6laud\u201d ning seej\u00e4rel \u201cMinu hinnap\u00e4ringud\u201d.<\/span><\/p>\n<h3><b>Kuidas tellida Shell tellimiskeskuse uudiskirja?<\/b><\/h3>\n<p><span style=\"font-weight: 400;\">E-tellimiskeskuse kasutajatele m\u00f5eldud infokirja tellimiseks tuleb minna \u201cT\u00f6\u00f6laud\u201d ning \u201cUudiskirja tellimused\u201d ja teha linnuke kasti \u201c\u00dcldtellimus\u201d ning antud valik salvestada.\u00a0<\/span><\/p>\n<p><span style=\"font-weight: 400;\">Need, kes e-tellimiskeskuse kasutajad ei ole, saavad infokirja tellida vajutades <\/span><a href=\"https:\/\/oil.jungent.eu\/en\/\"><span style=\"font-weight: 400;\">siia<\/span><\/a><span style=\"font-weight: 400;\">.\u00a0<\/span><\/p>\n<h2><span style=\"font-weight: 400;\">HINNAP\u00c4RINGUD<\/span><\/h2>\n<h3><b>Kuidas ma saaksin teha hinnap\u00e4ringu, et suuremale kogusele toodetele paremat hinda k\u00fcsida?<\/b><\/h3>\n<p><span style=\"font-weight: 400;\">Selleks, et m\u00f5nele tootele hinnap\u00e4ring teha tuleb valida e-poes soovitud toode, valida soovitav kogus ning vajutada nuppu \u201cLisa hinnap\u00e4ringusse\u201d.\u00a0<\/span><\/p>\n<p><span style=\"font-weight: 400;\">P\u00e4ringukorvi saab vaadata vajutades \u00fcleval ribal paremas \u00e4\u00e4res ostukorvi ikooni k\u00f5rval olevale p\u00e4ringukorvi ikoonile. Hinnap\u00e4ringute korvis on parempoolsel\u00a0 leheribal n\u00e4ha toote tavahind.\u00a0<\/span><\/p>\n<p><span style=\"font-weight: 400;\">Enne p\u00e4ringu saatmist on v\u00f5imalik p\u00e4ringukorvis sisestada hinnalahtrisse tootele soovitav hind, lisaks on p\u00e4ringu juurde v\u00f5imalik lisada m\u00e4rkuste kasti ka kommentaar, n\u00e4iteks \u201cSooviksin saada tootele Shell Helix Ultra ECT 0W-30 209L paremat hinnapakkumist\u201d.\u00a0<\/span><\/p>\n<p><span style=\"font-weight: 400;\">Seej\u00e4rel saad kinnituseks e-kirja, et oleme Sinu soovi k\u00e4tte saanud ning vastame Sulle esimesel v\u00f5imalusel.<\/span><\/p>\n<h2><span style=\"font-weight: 400;\">OSTUKORV<\/span><\/h2>\n<h3><b>Miks puudub osadel toodetel \u201cLisa ostukorvi\u201d nupp?<\/b><\/h3>\n<p><span style=\"font-weight: 400;\">Kui osadel toodetel puudub \u201cLisa ostukorvi\u201d nupp, siis t\u00e4hendab see, et toode on meie laost otsa saanud ning seda ei ole antud hetkel v\u00f5imalik osta. Kuid toote juures kuvatakse nuppu \u201cLisa hinnap\u00e4ringusse\u201d ning sellele vajutades saad meid teavitada oma soovist toodet osta. Kui toode on taas meie laos olemas, saab klienditeenindus selle toote saadavusest Sind teavitada ning toote saab \u201cMinu hinnap\u00e4ringud\u201d korvist muuta tellimuseks.\u00a0<\/span><\/p>\n<h3><b>Kuidas saan ma toodete eest tasuda?<\/b><\/h3>\n<p><span style=\"font-weight: 400;\">Toodete eest tasumiseks on Sul tellimust vormistades kaks valikut \u2013 kas \u201cLepinguline makset\u00e4htaeg\u201d v\u00f5i \u201cTellimus ettemaksuarve alusel\u201d. Lepinguline makset\u00e4htaeg on vaikevalik k\u00f5igile sisse logitud klientidele ning ostu k\u00e4itlemise eelduseks on kliendilepingu olemasolu Jungent Estonia O\u00dc Shell osakonnaga. Ilma lepinguta klientidelt palume kasutada nuppu \u201cTellimus ettemaksearve alusel\u2019\u2019. Sellisel juhul saadetakse kliendile p\u00e4rast tellimuse tegemist ettemaksuarve koos makse saaja pangaandmete ja viitenumbriga.<\/span><\/p>\n<h3><b>Kas ma saan sama tellimust tulevikus uuesti tellida, ilma et peaksin e-poest samu tooteid hakkama uuesti otsima?<\/b><\/h3>\n<p><span style=\"font-weight: 400;\">Jah, p\u00e4rast esimese tellimuse tegemist on Sul v\u00f5imalus e-poes valida \u201cMinu tellimused\u201d, kus on v\u00f5imalik n\u00e4ha k\u00f5iki Sinu poolt tehtud tellimusi ning sealt saad sobiva tellimuse puhul valida \u201cTelli uuesti\u201d. Lisaks on Sul v\u00f5imalus antud tellimust siiski ka veel muuta ja n\u00e4iteks eemaldada tooted, mida Sa seekord tellida enam ei soovi v\u00f5i muuta ka toodete koguseid.\u00a0<\/span><\/p>\n<h3><b>Kuidas v\u00f5rrelda e-poes erinevaid tooteid?<\/b><\/h3>\n<p><span style=\"font-weight: 400;\">Toodete v\u00f5rdlemiseks tuleb vajutada iga toote juures vasakul all nurgas olevale graafiku ikoonile. Kui k\u00f5ik tooted, mida soovid v\u00f5rrelda on valitud tuleb vajutada \u00fcleval paremale men\u00fc\u00fcriba alla tekkinud valikule \u201cV\u00f5rdle tooteid\u201d. Sellele vajutades saadki v\u00f5rrelda eelnevalt valitud tooteid.\u00a0<\/span>[\/vc_column_text][\/vc_column][vc_column width=&#8221;1\/3&#8243;][vc_row_inner css=&#8221;.vc_custom_1591171106979{padding-right: 40px !important;padding-left: 40px !important;}&#8221;][vc_column_inner][vc_widget_sidebar sidebar_id=&#8221;sidebar-10&#8243;][vc_raw_html]JTNDZGl2JTIwY2xhc3MlM0QlMjJyZXF1ZXN0LWNhbGwlMjBjb21tb24tc2lkZWJhciUyMiUzRSUwQSUzQ2ElMjBocmVmJTNEJTIyaHR0cHMlM0ElMkYlMkZvaWwuanVuZ2VudC5ldSUyRmV0JTJGY29udGFjdCUyRiUyMzE1Njc0MjE4NTkxMTktMDBmYWZhZWQtYjJmYiUyMiUzRVMlQzMlOTVMTUklMjBLTElFTkRJTEVQSU5HJTIwJTNDaSUyMGNsYXNzJTNEJTIyaWNvZm9udC1yb3VuZGVkLXJpZ2h0JTIyJTNFJTNDJTJGaSUzRSUzQyUyRmElM0UlMEElM0MlMkZkaXYlM0U=[\/vc_raw_html][\/vc_column_inner][\/vc_row_inner][\/vc_column][\/vc_row]\n<\/div>","protected":false},"excerpt":{"rendered":"<p>[vc_row css=&#8221;.vc_custom_1598134162083{padding-top: 30px !important;padding-right: 50px !important;padding-left: 50px !important;}&#8221; el_class=&#8221;container&#8221;][vc_column offset=&#8221;vc_hidden-xs&#8221;][vc_single_image source=&#8221;featured_image&#8221; img_size=&#8221;200&#215;200&#8243; alignment=&#8221;center&#8221; onclick=&#8221;custom_link&#8221; img_link_target=&#8221;_blank&#8221; link=&#8221;https:\/\/pood.jungent.eu&#8221;][\/vc_column][\/vc_row][vc_row el_class=&#8221;container&#8221;][vc_column][vc_custom_heading text=&#8221;KORDUMA KIPPUVAD K\u00dcSIMUSED&#8221; font_container=&#8221;tag:h1|font_size:20|text_align:center&#8221; use_theme_fonts=&#8221;yes&#8221;][\/vc_column][\/vc_row][vc_row css=&#8221;.vc_custom_1598134178189{padding-top: 30px !important;padding-right: 50px !important;padding-left: 50px !important;}&#8221; el_class=&#8221;container&#8221;][vc_column width=&#8221;2\/3&#8243;][vc_column_text] \u00dcLDINFO Kuidas ma saan muuta oma kasutaja parooli? Selleks, et muuta parooli tuleb valida \u201cT\u00f6\u00f6laud\u201d ning seej\u00e4rel \u201cMuuda parooli\u201d. Teine v\u00f5imalus on muuta parooli \u201cKontaktinfo\u201d lehelt. Kuidas ma saan muuta e-posti, millele meilid laekuvad? E-posti muutmiseks tuleb valida \u201cT\u00f6\u00f6laud\u201d, seej\u00e4rel \u201cKasutajainfo\u201d ning \u201cMuuda e-posti\u201d. Seej\u00e4rel tuleb sisestada praegune meiliaadress ja parool ning seej\u00e4rel uus, millele soovitakse edaspidi e-kirju saada. Kust ma n\u00e4en oma tellimuse staatust? K\u00f5iki oma tellimusi saate j\u00e4lgida valides \u201cT\u00f6\u00f6laud\u201d ning seej\u00e4rel \u201cMinu tellimused\u201d. Tellimuste lehelt on v\u00f5imalik ka sama tellimust tulevikus ka uuesti teha.\u00a0 Kuidas ma saaksin muuta tarneaadressi? Tarneaadressi muutmiseks tuleb valida \u201cT\u00f6\u00f6laud\u201d ning \u201cAadressiraamat\u201d. Seej\u00e4rel saab aadressi muuta kl\u00f5psates valikule \u201cMuuda tarneaadressi\u201d. Kas mul on hiljem v\u00f5imalus muuta ka ettev\u00f5tte andmeid? Jah, oma ettev\u00f5tte<a class=\"moretag\" href=\"https:\/\/oil.jungent.eu\/et\/shell-tellimiskeskus\/kkk-korduma-kippuvad-kusimused\/\"> Read More&#8230;<\/a><\/p>\n","protected":false},"author":4,"featured_media":6508,"parent":891,"menu_order":0,"comment_status":"closed","ping_status":"closed","template":"","meta":{"_acf_changed":false,"_monsterinsights_skip_tracking":false,"_monsterinsights_sitenote_active":false,"_monsterinsights_sitenote_note":"","_monsterinsights_sitenote_category":0,"footnotes":""},"class_list":["post-6739","page","type-page","status-publish","has-post-thumbnail","hentry"],"acf":[],"_links":{"self":[{"href":"https:\/\/oil.jungent.eu\/et\/wp-json\/wp\/v2\/pages\/6739","targetHints":{"allow":["GET"]}}],"collection":[{"href":"https:\/\/oil.jungent.eu\/et\/wp-json\/wp\/v2\/pages"}],"about":[{"href":"https:\/\/oil.jungent.eu\/et\/wp-json\/wp\/v2\/types\/page"}],"author":[{"embeddable":true,"href":"https:\/\/oil.jungent.eu\/et\/wp-json\/wp\/v2\/users\/4"}],"replies":[{"embeddable":true,"href":"https:\/\/oil.jungent.eu\/et\/wp-json\/wp\/v2\/comments?post=6739"}],"version-history":[{"count":16,"href":"https:\/\/oil.jungent.eu\/et\/wp-json\/wp\/v2\/pages\/6739\/revisions"}],"predecessor-version":[{"id":8929,"href":"https:\/\/oil.jungent.eu\/et\/wp-json\/wp\/v2\/pages\/6739\/revisions\/8929"}],"up":[{"embeddable":true,"href":"https:\/\/oil.jungent.eu\/et\/wp-json\/wp\/v2\/pages\/891"}],"wp:featuredmedia":[{"embeddable":true,"href":"https:\/\/oil.jungent.eu\/et\/wp-json\/wp\/v2\/media\/6508"}],"wp:attachment":[{"href":"https:\/\/oil.jungent.eu\/et\/wp-json\/wp\/v2\/media?parent=6739"}],"curies":[{"name":"wp","href":"https:\/\/api.w.org\/{rel}","templated":true}]}}