{"id":6497,"date":"2020-05-28T11:35:28","date_gmt":"2020-05-28T08:35:28","guid":{"rendered":"https:\/\/oil.jungent.eu\/?page_id=6497"},"modified":"2022-05-11T15:31:05","modified_gmt":"2022-05-11T12:31:05","slug":"shell-tellimiskeskus","status":"publish","type":"page","link":"https:\/\/oil.jungent.eu\/et\/shell-tellimiskeskus\/shell-tellimiskeskus\/","title":{"rendered":"pood.jungent.eu tellimiskeskuse tutvustus"},"content":{"rendered":"<div class=\"wpb-content-wrapper\">[vc_row css=&#8221;.vc_custom_1598863461417{border-right-width: 50px !important;padding-top: 30px !important;padding-left: 50px !important;}&#8221; el_class=&#8221;container&#8221;][vc_column width=&#8221;2\/3&#8243;][vc_single_image source=&#8221;featured_image&#8221; img_size=&#8221;200&#215;200&#8243; alignment=&#8221;center&#8221; onclick=&#8221;custom_link&#8221; img_link_target=&#8221;_blank&#8221; link=&#8221;https:\/\/pood.jungent.eu&#8221;][vc_custom_heading text=&#8221;Tutvustus&#8221; use_theme_fonts=&#8221;yes&#8221; el_class=&#8221;service-content&#8221; el_id=&#8221;Pood_tutvustus&#8221; css=&#8221;.vc_custom_1590754083117{padding-bottom: 20px !important;}&#8221;][vc_column_text]<span style=\"font-weight: 400;\">Oma klientide paremaks ning efektiivsemaks teenindamiseks oleme loonud \u00e4rikliendile suunatud uuenenud Shell tellimiskeskuse, mis v\u00f5imaldab Shell mootori\u00f5li ja m\u00e4\u00e4rdeainete ning k\u00f5ikide teiste meie tootevalikus olevate toodete tellimise mugavalt l\u00e4bi e-poe. Uuenenud tellimiskeskuses saate j\u00e4lgida oma tellimuste t\u00e4ielikku ajalugu, vormistada uut tellimust mugavamalt ja kiiremalt,\u00a0 v\u00f5rrelda erinevaid tooteid ning saata m\u00fc\u00fcgiesindajale hinnap\u00e4ringuid.\u00a0 Uus tellimiskeskus kuvab Shell osakonna kliendile kliendispetsiifilisi tooteid tema erihindadega.\u00a0<\/span><\/p>\n<p><span style=\"font-weight: 400;\"><br \/>\nShell tellimiskeskus (e-pood) on \u00e4rikliendile suunatud m\u00fc\u00fcgikanal ning selleks, et tooteid osta ja tellida, peab \u00e4riklient omama Shell e-poes kontot. <\/span><span style=\"font-weight: 400;\">\u00a0K\u00f5ik \u00e4rikliendi kontod registreeritakse esmalt Jungent Estonia O\u00dc Axapta majandustarkvaras, mille eelduseks on juhatuse liikme poolt allkirjastatud\u00a0 kliendileping Jungent Estonia O\u00dc Shell osakonnaga.\u00a0 Kliendilepingu s\u00f5lmimisel m\u00e4\u00e4ratakse\u00a0 konkreetsele \u00e4rikliendile krediidilimiit ning makseperiood.\u00a0 Shell e-poe kliendikonto registreerimise \u00fcheks kohustuslikuks osaks on <strong>ettev\u00f5tte \u00e4riregistri numbri<\/strong> sisestamine. Axapta majandustarkvaras m\u00e4\u00e4ratakse igale \u00e4rikliendile <strong>unikaalne<\/strong> <strong>maksja<\/strong> <strong>kliendikood<\/strong> ja<strong> saadetise kliendikood<\/strong>. Saadetise kliendikoodiga salvestatakse \u00e4rikliendi konto ka Shell e-poes. K\u00f5ik \u00e4rikliendid registreeritakse ja aktiveeritakse Axapta majandustarkvaras ja peale seda kinnitatakse ning aktiveeritakse kliendikonto kasutajale ka Shell e-poes, juhul kui klient selleks <a href=\"https:\/\/oil.jungent.eu\/et\/contact\/#1567421859119-00fafaed-b2fb\">kliendilepingu s\u00f5lmimisel<\/a> soovi avaldab.<\/span><\/p>\n<p>Eestikeelse Shell tellimiskeskuse koduleht on: <a href=\"http:\/\/pood.jungent.eu\" target=\"_blank\" rel=\"noopener\">pood.jungent.eu<\/a><\/p>\n<p><strong>Registreeri ennast kasutajaks <a href=\"http:\/\/pood.jungent.eu\" target=\"_blank\" rel=\"noopener\">siin<\/a><\/strong>[\/vc_column_text][vc_empty_space][vc_custom_heading text=&#8221;E-poe p\u00f5hilised eesm\u00e4rgid&#8221; use_theme_fonts=&#8221;yes&#8221; el_class=&#8221;service-content&#8221; css=&#8221;.vc_custom_1590754058996{padding-bottom: 20px !important;}&#8221;][vc_column_text]\n<ul>\n<li>[su_list icon=&#8221;icon: chevron-down&#8221;]\n<ul>\n<li>\u00c4rikliendi ostuprotsessi mugavamaks muutmine koos j\u00e4lgitava ostuajalooga ning sealjuures ka Baltikumi laoseisude reaalajas kuvamine<\/li>\n<li>\u00c4rikliendikonto personaliseerimine &#8211; hinnastus, eripakkumised ning<\/li>\n<li>kliendispetsiifilised tooted<\/li>\n<li>Kampaaniapakkumiste ja l\u00f5pum\u00fc\u00fckide kommunikeerimine ning l\u00e4biviimine<\/li>\n<li>Tehniliste tooteandmete (API, ACEA, OEM vastavussertifikaadid) avaldamine<\/li>\n<li>Kasutajas\u00f5bralik ning detailne otsingumootor<\/li>\n<li>Tellimuste ja komplekteerimise halduse parandamine ning kiire tarne tagamine<\/li>\n<\/ul>\n[\/su_list]<\/li>\n<\/ul>\n[\/vc_column_text][vc_empty_space][vc_custom_heading text=&#8221;Tooted ja tooteandmed&#8221; use_theme_fonts=&#8221;yes&#8221; el_class=&#8221;service-content&#8221; css=&#8221;.vc_custom_1590754094636{padding-bottom: 20px !important;}&#8221;][vc_column_text]<span style=\"font-weight: 400;\">Shell e-poes eristatakse tooted \u00fcldisteks ja kliendip\u00f5histeks. <\/span><span style=\"font-weight: 400;\">\u00dcldised tootepakkumised on kuvatud e-poe tavavaates neile kasutajatele, kes ei ole sisse loginud.<br \/>\n<\/span><\/p>\n<p>Shell tellimiskeskuses olevat tooted ja hinnad on kliendip\u00f5hised. Klient n\u00e4eb sisselogimisel k\u00f5iki Temale lubatud tootekategooriaid ja tooteid, kuid lisaks eristatakse kliendi kohta ka kliendispetsiifilisi tooteid. Nimetatud kliendispetsiifilised tooted, mida klient tavaliselt tellib,\u00a0 on kliendip\u00f5histe hindadega.<\/p>\n<p>Kliendip\u00f5hiseid tooteid (n\u00e4iteks BMW, John Deere, Komatsu, Scania jne) ja kliendip\u00f5hiseid erihindasid e-poe tavavaates ei kuvata ning nende tellimiseks ning poe vaatesse lisamise eelduseks on vastav luba Shell&#8217;i, turustaja ja ametliku frantsiisipartneri vahel. Selliseid tooteid saab tellida vaid registreeritud klient, kelle kliendigrupile on vastavad \u00f5igused m\u00e4\u00e4ratud Jungent Estonia klienditeeninduse poolt.[\/vc_column_text][vc_empty_space][vc_custom_heading text=&#8221;Hinnap\u00e4ringud&#8221; use_theme_fonts=&#8221;yes&#8221; css=&#8221;.vc_custom_1590754104236{padding-bottom: 20px !important;}&#8221;][vc_column_text]<span style=\"font-weight: 400;\">Juhul, kui klient tunneb huvi muu kategooria toodete kohta v\u00f5i ta ei ole rahul e-poe hinnastusega, on v\u00f5imalik teostada kliendihinna kohta <strong>hinnap\u00e4ring <\/strong>l\u00e4bi tellimiskeskuse. Antud p\u00e4ring edastatakse l\u00e4bi s\u00fcsteemi kliendihaldurile, kes saab kliendile teha uuendatud hinnapakkumise\u00a0 ja koostada uuendatud kliendispetsiifilise hinna kasutajale Shell e-poes.<\/span>[\/vc_column_text][vc_empty_space][vc_custom_heading text=&#8221;POS kassa&#8221; use_theme_fonts=&#8221;yes&#8221; css=&#8221;.vc_custom_1590754110325{padding-bottom: 20px !important;}&#8221;][vc_column_text]<span style=\"font-weight: 400;\">Shell tellimiskeskuses kliendi nimel m\u00fc\u00fcgitellimuste tegemiseks Jungenti m\u00fc\u00fcgijuhtide poolt kasutame POS\u00a0 <em>(point-of-sale)<\/em> Webkul Magento kassas\u00fcsteemi pluginat. <\/span><span style=\"font-weight: 400;\">POS v\u00f5imaldab teha tellimusi ka uuele kliendile ning panna see ootele\u00a0 kuniks kliendiandmetele lisatakse Axapta majandustarkvaras kliendikood, mis eeldab kliendilepingu s\u00f5lmimist. See omakorda kiirendab vajadusel ostu-m\u00fc\u00fcgi protsessi, suurendab paindlikkust ning v\u00f5imaldab Shell klientide paremat teenindamist.<\/span><\/p>\n<p>Jungenti m\u00fc\u00fcgijuhtide poolt tehtud tellimusele saadetakse kliendi e-posti aadressile vastav kinnitus.[\/vc_column_text][vc_empty_space][vc_custom_heading text=&#8221;Ostukorv ja laoseis&#8221; use_theme_fonts=&#8221;yes&#8221; css=&#8221;.vc_custom_1590754118075{padding-bottom: 20px !important;}&#8221;][vc_column_text]<span style=\"font-weight: 400;\">Shell tellimiskeskuses lisatakse toote detailsele lehele mitme laoseisu info ehk <strong>toote saadavus Jungent Shell Baltikumi ladudes<\/strong>. Antud info on pidevalt uuendatud ja klient n\u00e4eb reaalajas saadaval olevaid tootekoguseid erinevates ladudes ja oskab selle j\u00e4rgi planeerida esitatava tellimuse koguseid. Kui klient otsustab toote osta, lisab ta ostetava toote koguse ostukorvi ning tootelehelt suunatakse klient ostukorvi, kus saab oma tellimuse kinnitada.\u00a0<\/span><\/p>\n<p>Juhul, kui teil on ettepanekuid tellimiskeskuse kasutusmugavuse v\u00f5i m\u00f5ne muu k\u00fcsimuse osas, v\u00f5tke julgelt \u00fchendust meie m\u00fc\u00fcgitiimiga.[\/vc_column_text][vc_empty_space][vc_custom_heading text=&#8221;Tarneaadressid&#8221; use_theme_fonts=&#8221;yes&#8221; css=&#8221;.vc_custom_1606915653842{padding-bottom: 20px !important;}&#8221;][vc_column_text]<span style=\"font-weight: 400;\">Klient saab 1 kasutaja alt kaupa tellida erinevatele tarneaadressidele eeldusel , et kliendikonto t\u00f6\u00f6laual aadressiraamatus on t\u00e4iendavate aadresside alla lisatud ka\u00a0 <strong>tarneaadressi<\/strong> <strong>kood<\/strong> (klienditeenindusosakond v\u00f5i m\u00fc\u00fcgijuht saab siin aidata).\u00a0<\/span>[\/vc_column_text][vc_column_text]<strong>Soovime Teile mugavat ostlemist Shell uues tellimiskeskuses!<\/strong>[\/vc_column_text][vc_empty_space][\/vc_column][vc_column width=&#8221;1\/3&#8243;][vc_row_inner css=&#8221;.vc_custom_1591171106979{padding-right: 40px !important;padding-left: 40px !important;}&#8221;][vc_column_inner][vc_widget_sidebar sidebar_id=&#8221;sidebar-10&#8243;][vc_raw_html]JTNDZGl2JTIwY2xhc3MlM0QlMjJyZXF1ZXN0LWNhbGwlMjBjb21tb24tc2lkZWJhciUyMiUzRSUwQSUzQ2ElMjBocmVmJTNEJTIyaHR0cHMlM0ElMkYlMkZvaWwuanVuZ2VudC5ldSUyRmV0JTJGY29udGFjdCUyRiUyMzE1Njc0MjE4NTkxMTktMDBmYWZhZWQtYjJmYiUyMiUzRVMlQzMlOTVMTUklMjBLTElFTkRJTEVQSU5HJTIwJTNDaSUyMGNsYXNzJTNEJTIyaWNvZm9udC1yb3VuZGVkLXJpZ2h0JTIyJTNFJTNDJTJGaSUzRSUzQyUyRmElM0UlMEElM0MlMkZkaXYlM0U=[\/vc_raw_html][\/vc_column_inner][\/vc_row_inner][\/vc_column][\/vc_row]\n<\/div>","protected":false},"excerpt":{"rendered":"<p>[vc_row css=&#8221;.vc_custom_1598863461417{border-right-width: 50px !important;padding-top: 30px !important;padding-left: 50px !important;}&#8221; el_class=&#8221;container&#8221;][vc_column width=&#8221;2\/3&#8243;][vc_single_image source=&#8221;featured_image&#8221; img_size=&#8221;200&#215;200&#8243; alignment=&#8221;center&#8221; onclick=&#8221;custom_link&#8221; img_link_target=&#8221;_blank&#8221; link=&#8221;https:\/\/pood.jungent.eu&#8221;][vc_custom_heading text=&#8221;Tutvustus&#8221; use_theme_fonts=&#8221;yes&#8221; el_class=&#8221;service-content&#8221; el_id=&#8221;Pood_tutvustus&#8221; css=&#8221;.vc_custom_1590754083117{padding-bottom: 20px !important;}&#8221;][vc_column_text]Oma klientide paremaks ning efektiivsemaks teenindamiseks oleme loonud \u00e4rikliendile suunatud uuenenud Shell tellimiskeskuse, mis v\u00f5imaldab Shell mootori\u00f5li ja m\u00e4\u00e4rdeainete ning k\u00f5ikide teiste meie tootevalikus olevate toodete tellimise mugavalt l\u00e4bi e-poe. Uuenenud tellimiskeskuses saate j\u00e4lgida oma tellimuste t\u00e4ielikku ajalugu, vormistada uut tellimust mugavamalt ja kiiremalt,\u00a0 v\u00f5rrelda erinevaid tooteid ning saata m\u00fc\u00fcgiesindajale hinnap\u00e4ringuid.\u00a0 Uus tellimiskeskus kuvab Shell osakonna kliendile kliendispetsiifilisi tooteid tema erihindadega.\u00a0 Shell tellimiskeskus (e-pood) on \u00e4rikliendile suunatud m\u00fc\u00fcgikanal ning selleks, et tooteid osta ja tellida, peab \u00e4riklient omama Shell e-poes kontot. \u00a0K\u00f5ik \u00e4rikliendi kontod registreeritakse esmalt Jungent Estonia O\u00dc Axapta majandustarkvaras, mille eelduseks on juhatuse liikme poolt allkirjastatud\u00a0 kliendileping Jungent Estonia O\u00dc Shell osakonnaga.\u00a0 Kliendilepingu s\u00f5lmimisel m\u00e4\u00e4ratakse\u00a0 konkreetsele \u00e4rikliendile krediidilimiit ning makseperiood.\u00a0 Shell e-poe kliendikonto registreerimise \u00fcheks kohustuslikuks osaks on ettev\u00f5tte \u00e4riregistri numbri sisestamine. Axapta majandustarkvaras m\u00e4\u00e4ratakse igale<a class=\"moretag\" href=\"https:\/\/oil.jungent.eu\/et\/shell-tellimiskeskus\/shell-tellimiskeskus\/\"> Read More&#8230;<\/a><\/p>\n","protected":false},"author":4,"featured_media":6588,"parent":891,"menu_order":1,"comment_status":"closed","ping_status":"closed","template":"","meta":{"_acf_changed":false,"_monsterinsights_skip_tracking":false,"_monsterinsights_sitenote_active":false,"_monsterinsights_sitenote_note":"","_monsterinsights_sitenote_category":0,"footnotes":""},"class_list":["post-6497","page","type-page","status-publish","has-post-thumbnail","hentry"],"acf":[],"_links":{"self":[{"href":"https:\/\/oil.jungent.eu\/et\/wp-json\/wp\/v2\/pages\/6497","targetHints":{"allow":["GET"]}}],"collection":[{"href":"https:\/\/oil.jungent.eu\/et\/wp-json\/wp\/v2\/pages"}],"about":[{"href":"https:\/\/oil.jungent.eu\/et\/wp-json\/wp\/v2\/types\/page"}],"author":[{"embeddable":true,"href":"https:\/\/oil.jungent.eu\/et\/wp-json\/wp\/v2\/users\/4"}],"replies":[{"embeddable":true,"href":"https:\/\/oil.jungent.eu\/et\/wp-json\/wp\/v2\/comments?post=6497"}],"version-history":[{"count":60,"href":"https:\/\/oil.jungent.eu\/et\/wp-json\/wp\/v2\/pages\/6497\/revisions"}],"predecessor-version":[{"id":8932,"href":"https:\/\/oil.jungent.eu\/et\/wp-json\/wp\/v2\/pages\/6497\/revisions\/8932"}],"up":[{"embeddable":true,"href":"https:\/\/oil.jungent.eu\/et\/wp-json\/wp\/v2\/pages\/891"}],"wp:featuredmedia":[{"embeddable":true,"href":"https:\/\/oil.jungent.eu\/et\/wp-json\/wp\/v2\/media\/6588"}],"wp:attachment":[{"href":"https:\/\/oil.jungent.eu\/et\/wp-json\/wp\/v2\/media?parent=6497"}],"curies":[{"name":"wp","href":"https:\/\/api.w.org\/{rel}","templated":true}]}}