{"id":6460,"date":"2020-04-21T21:11:33","date_gmt":"2020-04-21T18:11:33","guid":{"rendered":"https:\/\/oil.jungent.eu\/privacy-policy\/"},"modified":"2022-05-11T15:46:03","modified_gmt":"2022-05-11T12:46:03","slug":"privaatsuspoliitika","status":"publish","type":"page","link":"https:\/\/oil.jungent.eu\/et\/privaatsuspoliitika\/","title":{"rendered":"Privaatsuspoliitika"},"content":{"rendered":"<div class=\"wpb-content-wrapper\">[vc_row el_class=&#8221;container&#8221;][vc_column][vc_empty_space height=&#8221;42px&#8221;][vc_custom_heading text=&#8221;Privaatsuspoliitika&#8221; font_container=&#8221;tag:h2|text_align:center&#8221; google_fonts=&#8221;font_family:Open%20Sans%3A300%2C300italic%2Cregular%2Citalic%2C600%2C600italic%2C700%2C700italic%2C800%2C800italic|font_style:400%20regular%3A400%3Anormal&#8221; el_class=&#8221;office-heading container&#8221;][vc_column_text]\n<div class=\"page-title-wrapper\">\n<h1 class=\"page-title\"><span class=\"base\" data-ui-id=\"page-title-wrapper\">Privaatsuse ja k\u00fcpsiste poliitika<\/span><\/h1>\n<\/div>\n<div class=\"page messages\">\n<div data-placeholder=\"messages\"><\/div>\n<div data-bind=\"scope: 'messages'\"><\/div>\n<\/div>\n<div class=\"columns\">\n<div class=\"column main\">\n<h1>Privaatsuspoliitika<\/h1>\n<p>K\u00e4esolevas privaatsusteates (edaspidi: Privaatsusteade) selgitame, kuidas ja milliseid isikuandmeid Jungent Estonia O\u00dc (Jungent) t\u00f6\u00f6tleb, kui s\u00f5lmite meiega Lepingu, kasutate meie Teenuseid v\u00f5i olete meie Teenustega muul moel seotud (nt Saadetise Saaja), k\u00fclastate Jungenti kodulehte, osalete meie kampaaniates v\u00f5i v\u00f5tate meiega \u00fchendust. Privaatsusteates kasutatakse samu m\u00f5isteid kui T\u00fc\u00fcptingimustes.<\/p>\n<h2>Vastutav t\u00f6\u00f6tleja<\/h2>\n<p>Privaatsusteates nimetatud isikuandmete vastutav t\u00f6\u00f6tleja on Jungent Estonia O\u00dc (registrikood 12018324, aadress Paldiski mnt 11, Tallinn 10137, Eesti Vabariik. Veebileht\u00a0<a href=\"https:\/\/www.via3l.eu\/\" target=\"_blank\" rel=\"noopener\">www.jungent.eu<\/a>).<\/p>\n<h2>Privaatsusteate muutmine<\/h2>\n<p>Teie isikuandmete kaitsmine on meile t\u00e4htis, mist\u00f5ttu vaatame aeg ajalt Privaatsusteate \u00fcle ja vajadusel muudame seda. K\u00f5ikidest isikuandmete kasutamisega seotud muudatustest, nagu ka sellest, kui muudetakse v\u00f5i ajakohastatakse vastavaid \u00f5igusakte ja reegleid (sh Privaatsusteadet) teavitame l\u00e4bi Jungenti kodulehe\u00a0<a href=\"http:\/\/www.via3l.eu\/\" target=\"_blank\" rel=\"noopener\">www.jungent.eu<\/a>. Kui te ei n\u00f5ustu muudetud Privaatsusteatega, peaksite l\u00f5petama oma isikuandmete meile edastamise. Kui j\u00e4tkate isikuandmete edastamist siiski ka p\u00e4rast uue Privaatsusteate j\u00f5ustumist, n\u00f5ustute muudatustega ning muudetud Privaatsusteade on teile siduv.<\/p>\n<h2>Kelle ja milliseid isikuandmeid t\u00f6\u00f6tleme<\/h2>\n<p>Isikuandmed on igasugune teave, mida saab isikuga seostada. Andmete kategooriad, mida Jungent peamiselt, kuid mitte ainult, kogub ja t\u00f6\u00f6tleb, samuti nende t\u00f6\u00f6tlemise eesm\u00e4rk nagu ka s\u00e4ilitamine on j\u00e4rgmised:<\/p>\n<table>\n<tbody>\n<tr>\n<td><strong>Andmet\u00fc\u00fcp<\/strong><\/td>\n<td><strong>\u00d5iguslik alus<\/strong><\/td>\n<td><strong>Andmete t\u00f6\u00f6tlemise<\/strong><\/p>\n<p><strong>eesm\u00e4rk<\/strong><\/td>\n<td><strong>Kaua andmeid<\/strong><\/p>\n<p><strong>s\u00e4ilitame<\/strong><\/td>\n<\/tr>\n<tr>\n<td>Kliendi, Saatja, Saaja ja Vedaja isiku tuvastamise andmed<\/p>\n<p>(nt nimi, isikukood, s\u00fcnniaeg, andmed isikut t\u00f5endava dokumendi kohta<\/td>\n<td>Lepingu s\u00f5lmimiseks ja t\u00e4itmiseks.<\/p>\n<p>Seadus<\/td>\n<td>Teenuse osutamine<\/td>\n<td>Kuni t\u00f6\u00f6tlemise eesm\u00e4rgi t\u00e4itmiseni,<\/p>\n<p>kuid mitte enam kui 7 aastat<\/td>\n<\/tr>\n<tr>\n<td>Kliendi, Saatja, Saaja ja Vedaja kontaktandmed<\/p>\n<p>(nt aadress, telefoninumber, e-posti aadress)<\/td>\n<td>Lepingu s\u00f5lmimiseks ja t\u00e4itmiseks.<\/p>\n<p>Seadus<\/td>\n<td>Teenuse osutamine<\/td>\n<td>Kuni t\u00f6\u00f6tlemise eesm\u00e4rgi t\u00e4itmiseni,<\/p>\n<p>kuid mitte enam kui 7 aastat<\/td>\n<\/tr>\n<tr>\n<td>Kliendi, Saatja, Saaja ka Vedaja asukoha andmed<\/td>\n<td>Lepingu s\u00f5lmimiseks ja t\u00e4itmiseks.<\/p>\n<p>Seadus<\/td>\n<td>Teenuse osutamine<\/td>\n<td>Kuni t\u00f6\u00f6tlemise eesm\u00e4rgi t\u00e4itmiseni,<\/p>\n<p>kuid mitte enam kui 7 aastat<\/td>\n<\/tr>\n<tr>\n<td>Kliendi kasutajakonto andmed Jungenti tellimiskeskustes domeenil jungent.eu (kasutajanimi, salas\u00f5na,<\/p>\n<p>nimi, telefoninumber, e-posti aadress, tehingute ajalugu)<\/td>\n<td>Lepingu s\u00f5lmimiseks ja t\u00e4itmiseks<\/td>\n<td>Teenuse osutamine<\/td>\n<td>Kuni t\u00f6\u00f6tlemise eesm\u00e4rgi t\u00e4itmiseni,<\/p>\n<p>kuid mitte enam kui 7 aastat<\/td>\n<\/tr>\n<tr>\n<td>Kliendi makseandmed<\/td>\n<td>Lepingu t\u00e4itmiseks.<\/p>\n<p>Seadus<\/td>\n<td>Teenuse osutamine<\/td>\n<td>Kuni t\u00f6\u00f6tlemise eesm\u00e4rgi t\u00e4itmiseni<\/td>\n<\/tr>\n<tr>\n<td>Kui Saadetist ei v\u00f5ta vastu Saaja, siis Saadetist vastuv\u00f5tva isiku nimi<\/td>\n<td>Lepingu t\u00e4itmiseks.<\/p>\n<p>\u00d5igustatud huvi, n\u00f5usolek<\/td>\n<td>Saadetise kohaletoimetamise<\/p>\n<p>t\u00f5endamiseks<\/td>\n<td>Kuni t\u00f6\u00f6tlemise eesm\u00e4rgi t\u00e4itmiseni<\/td>\n<\/tr>\n<tr>\n<td>Andmed Vedaja seaduskuulekuse ja usaldusv\u00e4\u00e4rsuse kohta<\/p>\n<p>(nt kehtivad v\u00e4\u00e4rteo- ja kriminaalkaristuse andmed)<\/td>\n<td>Lepingu s\u00f5lmimiseks ja t\u00e4itmiseks.<\/p>\n<p>\u00d5igustatud huvi<\/td>\n<td>Teenuse osutamise turvalisus<\/p>\n<p>ja usaldusv\u00e4\u00e4rsus<\/td>\n<td>Kuni Vedajaga s\u00f5lmitud lepingu<\/p>\n<p>l\u00f5ppemiseni<\/td>\n<\/tr>\n<tr>\n<td>Suhtlusandmed, n\u00e4iteks Jungent poolt salvestatavad audiovisuaalsed<\/p>\n<p>(so heli- ja videosalvestised) andmed, mida kogutakse kui helistad<\/p>\n<p>Jungent-le v\u00f5i kui k\u00fclastad Jungent asukohti (kontor v\u00f5i ladu ), samuti muud suhtlusandmed, mida kogutakse kui<\/p>\n<p>k\u00fclastad n\u00e4iteks Jungent poolt korraldatud \u00fcritusi v\u00f5i osaled tagasiside<\/p>\n<p>v\u00f5i rahulolu uuringutes v\u00f5i k\u00fcsitlustes.<\/td>\n<td>Lepingu s\u00f5lmimiseks ja t\u00e4itmiseks.<\/p>\n<p>\u00d5igustatud huvi<\/td>\n<td>Teenuse osutamine.<\/p>\n<p>Turvalisuse ja usaldusv\u00e4\u00e4ruse<\/p>\n<p>tagamiseks.<\/p>\n<p>Teenuste arendamiseks<\/td>\n<td>Kuni t\u00f6\u00f6tlemise eesm\u00e4rgi t\u00e4itmiseni<\/td>\n<\/tr>\n<tr>\n<td>Andmed kampaanias osalemise kohta, sh osaleja kontaktandmed<\/p>\n<p>ja muu esitatud teave<\/td>\n<td>Lepingu t\u00e4itmiseks.<\/p>\n<p>N\u00f5usolek<\/td>\n<td>Kampaania l\u00e4biviimiseks,<\/p>\n<p>m\u00fc\u00fcgiedenduseks<\/td>\n<td>Kuni kampaania l\u00e4biviimiseni v\u00f5i<\/p>\n<p>n\u00f5usoleku\u00a0 tagasiv\u00f5tmiseni<\/td>\n<\/tr>\n<tr>\n<td>Meiega kontakteerumisel kontakteerunud isiku kontaktandmed<\/p>\n<p>ja muu esitatud teave (nt tagasiside)<\/td>\n<td>N\u00f5usolek<\/td>\n<td>P\u00e4ringute t\u00f6\u00f6tlemiseks ja<\/p>\n<p>neile vastamiseks.<\/p>\n<p>Teenuste arendamiseks<\/td>\n<td>Kuni n\u00f5usoleku tagasiv\u00f5tmiseni<\/td>\n<\/tr>\n<tr>\n<td>Jungent Kodulehe kasutamisel seadme andmeid jms<\/td>\n<td>N\u00f5usolek<\/td>\n<td>Jungent Kodulehe arendamiseks ja<\/p>\n<p>kohandamiseks.<\/p>\n<p>Tehniliste probleemide tuvastamiseks<\/p>\n<p>ja lahendamiseks.<\/p>\n<p>Teenuste arendamiseks<\/td>\n<td>Kuni n\u00f5usoleku tagasiv\u00f5tmiseni<\/td>\n<\/tr>\n<\/tbody>\n<\/table>\n<h2><strong>Milliseid andmeid me sinult k\u00fcsime<\/strong><\/h2>\n<p>V\u00f5ime k\u00fcsida j\u00e4rgmist informatsiooni:<\/p>\n<ul>\n<li>nimi<\/li>\n<li>kontaktinfo koos e-posti aadressiga<\/li>\n<li>kauba kohaletoimetamisaadressi<\/li>\n<li>ettev\u00f5tte nime ja\u00a0 registreerimise numbrit<\/li>\n<li>kasutame lehe k\u00fclastusinfo j\u00e4lgimist l\u00e4bi Google Analytics&#8217;i<\/li>\n<\/ul>\n<h2><strong>Milleks me isikuandmeid t\u00f6\u00f6tleme<\/strong><\/h2>\n<p>Me t\u00f6\u00f6tleme Kliendi, Saatja ja Saaja isikuandmeid Kliendile Teenuse osutamiseks, s.o Saadetiste vastuv\u00f5tmiseks, maksete teostamiseks, sorteerimiseks, veoks, tollimiseks ja k\u00e4ttetoimetamiseks.<\/p>\n<p>Me t\u00f6\u00f6tleme kampaanias osalejate isikuandmeid kampaania l\u00e4biviimiseks ning meiega kontakteerunud isikute isikuandmeid p\u00e4ringute t\u00f6\u00f6tlemiseks ja neile vastamiseks. Rahulolu-uuringu eesm\u00e4rgiks on koguda tagasisidet ja kaardistada sihtr\u00fchmade rahulolu meie poolt pakutavate Teenustega, mist\u00f5ttu t\u00f6\u00f6tleme andmeid ka sellel eesm\u00e4rgil. Saadetud tagasisidet kasutame me ka oma Teenuste arendamiseks. Samuti v\u00f5ime teie kontaktandmeid kasutada teile vajaliku teabe edastamiseks.<\/p>\n<p>Jungent Kodulehe k\u00fclastamisel automaatselt kogutud teavet kasutame Jungent Kodulehe arendamiseks ja kohandamiseks, tehniliste probleemide tuvastamiseks ja nende lahendamiseks, kasutusstatistika tegemiseks ja muudeks eesm\u00e4rkideks, et oma tegevust parandada.<\/p>\n<p>Kui te olete liitunud meie uudiskirja saajatega, kasutame teie kontaktandmeid teile erinevate pakkumiste esitamiseks. Teil on igal ajal \u00f5igus meie pakkumiste saamisest loobuda.<\/p>\n<p>Muudel eesm\u00e4rkidel t\u00f6\u00f6tleme teie isikuandmeid ainult teie eelneval n\u00f5usolekul.<\/p>\n<h2><strong>Kui kaua me teie isikuandmeid s\u00e4ilitame<\/strong><\/h2>\n<p>T\u00f6\u00f6tleme isikuandmeid nii v\u00e4he kui v\u00f5imalik. \u00dcldjuhul s\u00e4ilitame isikuandmeid nii kaua, kuni see on vajalik nende kogumise eesm\u00e4rgi t\u00e4itmiseks (vt \u00fclal), arvestades sealjuures seaduses s\u00e4testatud n\u00f5udeid (nt raamatupidamise seadus), v\u00f5i seni, kuni see on vajalik meie seaduslike huvide kaitsmiseks (nt n\u00f5uete esitamiseks v\u00f5i nende eest kaitsmiseks). N\u00f5usoleku alusel antud isikuandmeid v\u00f5ime t\u00f6\u00f6delda kuni n\u00f5usoleku tagasiv\u00f5tmiseni.<\/p>\n<h2><strong>Kuidas me isikuandmeid kogume<\/strong><\/h2>\n<p>\u00dcldiselt edastate te oma isikuandmed meile ise. See v\u00f5ib toimuda uue kliendilepingu s\u00f5lmimise k\u00e4igus, hinnap\u00e4ringu tegemise v\u00f5i saadetise edastamise k\u00e4igus, E-teeninduses, e-kirja vahendusel v\u00f5i vastavalt teiega s\u00f5lmitud v\u00f5i s\u00f5lmitavale Lepingule, samuti meie kampaaniates osalemisel v\u00f5i meiega kontakteerumisel.<\/p>\n<p>Jungent kodulehe kasutamisel kogume me teatud teavet automaatselt.<\/p>\n<p>Saadetise Edastamiseks vajalikud Saaja isikuandmed saame me tavaliselt Kliendilt v\u00f5i Saatjalt. Lepingu s\u00f5lmimisega kinnitab Klient, et tal v\u00f5i Saatjal on \u00f5igus meile Saaja isikuandmeid edastada ja meil on \u00f5igus neid k\u00e4esolevas Privaatsusteates kirjeldatud viisidel t\u00f6\u00f6delda.<\/p>\n<h2><strong>Kellele me isikuandmeid edastame<\/strong><\/h2>\n<p>Me edastame teie isikuandmeid ainult j\u00e4rgmistele isikutele:<\/p>\n<ol>\n<li>Meie allt\u00f6\u00f6v\u00f5tjatele, keda me kasutame Teenuse osutamisel (nt Vedaja). Me j\u00e4\u00e4me allt\u00f6\u00f6v\u00f5tjaid kasutades igati vastutavaks teie isikuandmete t\u00f6\u00f6tlemise eest<\/li>\n<li>Isikutele ja asutustele, kellele see on vajalik Kliendile valitud Teenuse osutamiseks (nt kindlustusandjatele, tollile, makseasutustele. Me edastame sellistele isikutele ja asutustele ainult selliseid isikuandmeid ja ainult sellises ulatuses nagu see on valitud Teenuse osutamiseks v\u00f5i seaduse kohaselt vajalik)<\/li>\n<li>Isikutele, kellele isikuandmete edastamine on n\u00f5utud seaduse alusel (nt j\u00e4relevalveasutused)<\/li>\n<li>Isikutele, kellele see on vajalik meie huvide kaitseks (nt pettuste avastamiseks v\u00f5i uurimiseks, \u00f5igus- vm n\u00f5ustamiseks).<\/li>\n<\/ol>\n<p>Saatja kontaktandmed on n\u00e4htavad ka Saajale.<\/p>\n<h2><strong>Kuidas me teie isikuandmeid kaitseme<\/strong><\/h2>\n<p>Rakendame asjakohaseid organisatsioonilisi, tehnilisi ja f\u00fc\u00fcsilisi kaitsemeetmeid teie isikuandmete kaitsmiseks. Vaatamata sellele, et astume samme selle v\u00e4ltimiseks v\u00f5i v\u00e4hendamiseks, v\u00f5ivad Pakisildile kantud andmed olla n\u00e4htavad ka kolmandatele isikutele.<\/p>\n<h2><strong>Teie \u00f5igused<\/strong><\/h2>\n<p>Teil on k\u00f5ik isikuandmete kaitse seaduse j\u00e4rgsed \u00f5igused, eelk\u00f5ige<\/p>\n<p>&#8211;\u00a0 \u00a0 \u00a0\u00a0\u00f5igus saada infot, kas Jungent t\u00f6\u00f6tleb teie isikuandmeid ning juhul, kui t\u00f6\u00f6tleb, siis saada eelnimetatud andmetele ligip\u00e4\u00e4s ja tutvuda nendega;<\/p>\n<p>&#8211;\u00a0 \u00a0 \u00a0\u00a0\u00f5igus n\u00f5uda eba\u00f5igete isikuandmete parandamist, kui need on ebapiisavad, puudulikud v\u00f5i v\u00e4\u00e4rad;<\/p>\n<p>&#8211;\u00a0 \u00a0 \u00a0\u00a0\u00f5igus saada oma isikuandmed, mida olete ise esitanud ning mida t\u00f6\u00f6deldakse n\u00f5usoleku alusel v\u00f5i lepingu t\u00e4itmiseks, kirjalikult v\u00f5i \u00fcldkasutatavas elektroonilises vormingus, sealjuures \u00f5igus taotleda andmete \u00fclekantavust teisele teenusepakkujale;<\/p>\n<p>&#8211;\u00a0 \u00a0 \u00a0\u00a0\u00f5igus esitada vastuv\u00e4iteid oma isikuandmete t\u00f6\u00f6tlemise suhtes, samuti \u00f5igus taotleda isikuandmete kustutamist. Selline \u00f5igus siiski puudub, kui isikuandmeid, mida palutakse kustutada, t\u00f6\u00f6deldakse lisaks ka teistel \u00f5iguslikel alustel;<\/p>\n<p>&#8211;\u00a0 \u00a0 \u00a0\u00a0\u00f5igus piirata oma isikuandmete t\u00f6\u00f6tlemist kohalduva \u00f5iguse alusel;<\/p>\n<p>&#8211;\u00a0 \u00a0 \u00a0\u00a0\u00f5igus v\u00f5tta tagasi oma n\u00f5usolek isikuandmete t\u00f6\u00f6tlemiseks;<\/p>\n<p>&#8211;\u00a0 \u00a0 \u00a0\u00a0\u00f5igus esitada vaie isikuandmete kasutamise kohta Eesti Andmekaitse Inspektsioonile v\u00f5i kohtule, kui leiate, et teie isikuandmete t\u00f6\u00f6tlemine riivab teie \u00f5iguseid ja huve kohalduva \u00f5iguse alusel;<\/p>\n<p>&#8211;\u00a0 \u00a0 \u00a0\u00a0\u00f5igus n\u00f5ustuda v\u00f5i keelata oma andmete kasutamine otseturunduseks v\u00f5i turunduslikul eesm\u00e4rgil.<\/p>\n<p>Jungent v\u00f5ib keelduda teie poolt esitatud tutvumissoovi t\u00e4itmisest juhul:<\/p>\n<p>&#8211;\u00a0 \u00a0 \u00a0\u00a0kui see v\u00f5ib kahjustada teise isiku \u00f5igusi ja vabadusi,<\/p>\n<p>&#8211;\u00a0 \u00a0 \u00a0\u00a0takistada kuriteo t\u00f5kestamist v\u00f5i kurjategija tabamist,<\/p>\n<p>&#8211;\u00a0 \u00a0 \u00a0\u00a0raskendada t\u00f5e v\u00e4ljaselgitamist kriminaalmenetluses,<\/p>\n<p>&#8211;\u00a0 \u00a0 \u00a0\u00a0ohustada lapse p\u00f5lvnemise saladuse kaitsmist,<\/p>\n<p>&#8211;\u00a0 \u00a0 \u00a0\u00a0kui andmed on kustutatud,<\/p>\n<p>&#8211;\u00a0 \u00a0 \u00a0\u00a0muudel seaduses etten\u00e4htud juhtudel.<\/p>\n<p>Kui te leiate, et teie \u00f5igusi on rikutud, on teil \u00f5igus p\u00f6\u00f6rduda Andmekaitse Inspektsiooni (www.aki.ee) v\u00f5i kohtu poole.<\/p>\n<h2><strong>K\u00fcpsised<\/strong><\/h2>\n<p>K\u00fcpsised (<em>cookies<\/em>) on v\u00e4ikesed tekstifailid, mis paigaldatakse teie arvutisse Kodulehtedelt, mida k\u00fclastate. K\u00fcpsised v\u00f5imaldavad \u00e4ra tunda teie seadme kodulehtede k\u00fclastamisel. Kodulehed kasutavad k\u00fcpsiseid, et pakkuda teile isikup\u00e4rasemat kasutuskogemust ja mugavamat navigeerimist. N\u00e4iteks v\u00f5imaldavad k\u00fcpsised meelde j\u00e4tta teie eelistusi v\u00f5i j\u00e4tta vahele igakordne Kodulehele sisselogimine.<\/p>\n<p>Teil on v\u00f5imalik muuta k\u00fcpsiste seadeid ja kustutada k\u00fcpsised oma veebilehitseja (Internet Explorer, Firefox, Chrome jms) seadistuste kaudu:<\/p>\n<p>Internet Explorer: http:\/\/support.microsoft.com\/kb\/278835<\/p>\n<p>Crome: https:\/\/support.google.com\/chrome\/answer\/95647?hl=en<\/p>\n<p>Firefox: http:\/\/support.mozilla.org\/en-US\/kb\/Clear%20Recent%20History<\/p>\n<p>Opera: http:\/\/www.opera.com\/browser\/tutorials\/security\/privacy<\/p>\n<p>Safari: http:\/\/support.apple.com\/kb\/PH5042<\/p>\n<h2><strong>Jungent Kodulehel kasutatakse j\u00e4rgmist t\u00fc\u00fcpi k\u00fcpsiseid:\u00a0<\/strong><\/h2>\n<table class=\"data-table data-table-definition-list\">\n<thead>\n<tr>\n<th>K\u00fcpsise nimi<\/th>\n<th>K\u00fcpsise kirjeldus<\/th>\n<\/tr>\n<\/thead>\n<tbody>\n<tr>\n<th>FORM_KEY<\/th>\n<td>Salvestab juhuslikult loodud v\u00f5tme, mida kasutatakse v\u00f5ltsitud taotluste \u00e4rahoidmiseks.<\/td>\n<\/tr>\n<tr>\n<th>PHPSESSID<\/th>\n<td>Teie seansi ID serveris.<\/td>\n<\/tr>\n<tr>\n<th>GUEST-VIEW<\/th>\n<td>V\u00f5imaldab k\u00fclastajatel oma tellimusi vaadata ja muuta.<\/td>\n<\/tr>\n<tr>\n<th>PERSISTENT_SHOPPING_CART<\/th>\n<td>Link teie ostukorvi ja vaatamise ajaloo teabe juurde, kui olete seda k\u00fcsinud.<\/td>\n<\/tr>\n<tr>\n<th>STF<\/th>\n<td>Teave toodete kohta, mida olete s\u00f5pradele e-postiga saatnud.<\/td>\n<\/tr>\n<tr>\n<th>STORE<\/th>\n<td>Teie valitud poevaade v\u00f5i keel.<\/td>\n<\/tr>\n<tr>\n<th>USER_ALLOWED_SAVE_COOKIE<\/th>\n<td>N\u00e4itab, kas kliendil on lubatud k\u00fcpsiseid kasutada.<\/td>\n<\/tr>\n<tr>\n<th>MAGE-CACHE-SESSID<\/th>\n<td>Lihtsustab sisu vahem\u00e4llu salvestamist brauseris, et lehti kiiremini laadida.<\/td>\n<\/tr>\n<tr>\n<th>MAGE-CACHE-STORAGE<\/th>\n<td>Lihtsustab sisu vahem\u00e4llu salvestamist brauseris, et lehti kiiremini laadida.<\/td>\n<\/tr>\n<tr>\n<th>MAGE-CACHE-STORAGE-SECTION-INVALIDATION<\/th>\n<td>Lihtsustab sisu vahem\u00e4llu salvestamist brauseris, et lehti kiiremini laadida.<\/td>\n<\/tr>\n<tr>\n<th>MAGE-CACHE-TIMEOUT<\/th>\n<td>Lihtsustab sisu vahem\u00e4llu salvestamist brauseris, et lehti kiiremini laadida.<\/td>\n<\/tr>\n<tr>\n<th>SECTION-DATA-IDS<\/th>\n<td>Lihtsustab sisu vahem\u00e4llu salvestamist brauseris, et lehti kiiremini laadida.<\/td>\n<\/tr>\n<tr>\n<th>PRIVATE_CONTENT_VERSION<\/th>\n<td>Lihtsustab sisu vahem\u00e4llu salvestamist brauseris, et lehti kiiremini laadida.<\/td>\n<\/tr>\n<tr>\n<th>X-MAGENTO-VARY<\/th>\n<td>Lihtsustab sisu vahem\u00e4llu salvestamist brauseris, et lehti kiiremini laadida.<\/td>\n<\/tr>\n<tr>\n<th>MAGE-TRANSLATION-FILE-VERSION<\/th>\n<td>H\u00f5lbustab sisu t\u00f5lkimist teistesse keeltesse.<\/td>\n<\/tr>\n<tr>\n<th>MAGE-TRANSLATION-STORAGE<\/th>\n<td>H\u00f5lbustab sisu t\u00f5lkimist teistesse keeltesse.<\/td>\n<\/tr>\n<\/tbody>\n<\/table>\n<p>Kui k\u00fcpsis on h\u00e4davajalik sellise teenuse osutamiseks, mida kasutaja on selges\u00f5naliselt taotlenud, ei ole teie n\u00f5usolek k\u00fcpsise kasutamiseks vajalik<\/p>\n<p>Kui teil peaks olema k\u00fcsimusi, kommentaare v\u00f5i kaebusi seoses k\u00e4esoleva Privaatsusteate v\u00f5i oma isikuandmete t\u00f6\u00f6tlemisega, siis v\u00f5tke meiega Jungent Kodulehe kaudu \u00fchendust.<\/p>\n<\/div>\n<\/div>\n[\/vc_column_text][vc_empty_space][\/vc_column][\/vc_row]\n<\/div>","protected":false},"excerpt":{"rendered":"<p>[vc_row el_class=&#8221;container&#8221;][vc_column][vc_empty_space height=&#8221;42px&#8221;][vc_custom_heading text=&#8221;Privaatsuspoliitika&#8221; font_container=&#8221;tag:h2|text_align:center&#8221; google_fonts=&#8221;font_family:Open%20Sans%3A300%2C300italic%2Cregular%2Citalic%2C600%2C600italic%2C700%2C700italic%2C800%2C800italic|font_style:400%20regular%3A400%3Anormal&#8221; el_class=&#8221;office-heading container&#8221;][vc_column_text] Privaatsuse ja k\u00fcpsiste poliitika Privaatsuspoliitika K\u00e4esolevas privaatsusteates (edaspidi: Privaatsusteade) selgitame, kuidas ja milliseid isikuandmeid Jungent Estonia O\u00dc (Jungent) t\u00f6\u00f6tleb, kui s\u00f5lmite meiega Lepingu, kasutate meie Teenuseid v\u00f5i olete meie Teenustega muul moel seotud (nt Saadetise Saaja), k\u00fclastate Jungenti kodulehte, osalete meie kampaaniates v\u00f5i v\u00f5tate meiega \u00fchendust. Privaatsusteates kasutatakse samu m\u00f5isteid kui T\u00fc\u00fcptingimustes. Vastutav t\u00f6\u00f6tleja Privaatsusteates nimetatud isikuandmete vastutav t\u00f6\u00f6tleja on Jungent Estonia O\u00dc (registrikood 12018324, aadress Paldiski mnt 11, Tallinn 10137, Eesti Vabariik. Veebileht\u00a0www.jungent.eu). Privaatsusteate muutmine Teie isikuandmete kaitsmine on meile t\u00e4htis, mist\u00f5ttu vaatame aeg ajalt Privaatsusteate \u00fcle ja vajadusel muudame seda. K\u00f5ikidest isikuandmete kasutamisega seotud muudatustest, nagu ka sellest, kui muudetakse v\u00f5i ajakohastatakse vastavaid \u00f5igusakte ja reegleid (sh Privaatsusteadet) teavitame l\u00e4bi Jungenti kodulehe\u00a0www.jungent.eu. Kui te ei n\u00f5ustu muudetud Privaatsusteatega, peaksite l\u00f5petama oma isikuandmete meile edastamise. Kui j\u00e4tkate isikuandmete edastamist siiski ka p\u00e4rast uue Privaatsusteate j\u00f5ustumist, n\u00f5ustute muudatustega ning muudetud Privaatsusteade on<a class=\"moretag\" href=\"https:\/\/oil.jungent.eu\/et\/privaatsuspoliitika\/\"> Read More&#8230;<\/a><\/p>\n","protected":false},"author":2,"featured_media":0,"parent":0,"menu_order":0,"comment_status":"closed","ping_status":"closed","template":"","meta":{"_acf_changed":false,"_monsterinsights_skip_tracking":false,"_monsterinsights_sitenote_active":false,"_monsterinsights_sitenote_note":"","_monsterinsights_sitenote_category":0,"footnotes":""},"class_list":["post-6460","page","type-page","status-publish","hentry"],"acf":[],"_links":{"self":[{"href":"https:\/\/oil.jungent.eu\/et\/wp-json\/wp\/v2\/pages\/6460","targetHints":{"allow":["GET"]}}],"collection":[{"href":"https:\/\/oil.jungent.eu\/et\/wp-json\/wp\/v2\/pages"}],"about":[{"href":"https:\/\/oil.jungent.eu\/et\/wp-json\/wp\/v2\/types\/page"}],"author":[{"embeddable":true,"href":"https:\/\/oil.jungent.eu\/et\/wp-json\/wp\/v2\/users\/2"}],"replies":[{"embeddable":true,"href":"https:\/\/oil.jungent.eu\/et\/wp-json\/wp\/v2\/comments?post=6460"}],"version-history":[{"count":7,"href":"https:\/\/oil.jungent.eu\/et\/wp-json\/wp\/v2\/pages\/6460\/revisions"}],"predecessor-version":[{"id":8953,"href":"https:\/\/oil.jungent.eu\/et\/wp-json\/wp\/v2\/pages\/6460\/revisions\/8953"}],"wp:attachment":[{"href":"https:\/\/oil.jungent.eu\/et\/wp-json\/wp\/v2\/media?parent=6460"}],"curies":[{"name":"wp","href":"https:\/\/api.w.org\/{rel}","templated":true}]}}