{"id":4943,"date":"2019-12-02T11:26:52","date_gmt":"2019-12-02T09:26:52","guid":{"rendered":"https:\/\/oil.jungent.eu\/other-products\/quaker-houghton\/"},"modified":"2024-03-07T14:48:36","modified_gmt":"2024-03-07T12:48:36","slug":"quaker-houghton","status":"publish","type":"page","link":"https:\/\/oil.jungent.eu\/et\/muud-tooted\/quaker-houghton\/","title":{"rendered":"QUAKER HOUGHTON"},"content":{"rendered":"<div class=\"wpb-content-wrapper\">[vc_row el_class=&#8221;container&#8221;][vc_column][vc_empty_space][vc_custom_heading text=&#8221;Quaker Houghton : katame k\u00f5ik teie t\u00f6\u00f6stuslike protsessi\u00f5lide vajadused&#8221; use_theme_fonts=&#8221;yes&#8221;][vc_empty_space][\/vc_column][\/vc_row][vc_row equal_height=&#8221;yes&#8221; el_class=&#8221;container&#8221;][vc_column width=&#8221;1\/4&#8243;][vc_single_image image=&#8221;4833&#8243; img_size=&#8221;300&#215;300&#8243; onclick=&#8221;custom_link&#8221; link=&#8221;https:\/\/oil.jungent.eu\/en\/other-products\/quaker-houghton\/&#8221;][vc_btn title=&#8221;Vaata kataloogi&#8221; color=&#8221;black&#8221; align=&#8221;center&#8221; link=&#8221;url:https%3A%2F%2Foil.jungent.eu%2Fmedia%2FKoos_edasi.pdf||target:%20_blank|&#8221; el_class=&#8221;container blog-post&#8221;][\/vc_column][vc_column width=&#8221;1\/2&#8243;][vc_empty_space][vc_column_text]\n<p class=\"p1\"><span class=\"s1\"><a href=\"https:\/\/home.quakerhoughton.com\/\" target=\"_blank\" rel=\"noopener\">Quaker Houghton<\/a> on t\u00f6\u00f6stuslike protsess\u00f5lide valdkonna \u00fclemaailmne liider. Meie klientide hulgas on tuhanded maailma k\u00f5ige arenenumad terase-, alumiiniumi-, auto-, kosmoset\u00f6\u00f6stus-, avamere-, purgi-, kaevandus- ja metallit\u00f6\u00f6stusettev\u00f5tted. Meie k\u00f5rge j\u00f5udlusega, uuenduslikke ja j\u00e4tkusuutlikke lahendusi toetavad oma klassi parim tehnoloogia, p\u00f5hjalikud teadmised protsesside kohta ja kohandatud teenused.<br \/>\nQuaker Houghtoni peakontor asub Conshohockenis Pennsylvanias, mis asub USA-s Philadelphia l\u00e4hedal.<br \/>\n<\/span><\/p>\n<p>Jungent on Quaker Houghtoni toodete turustaja Baltikumis.[\/vc_column_text][\/vc_column][vc_column width=&#8221;1\/4&#8243;][\/vc_column][\/vc_row][vc_row][vc_column][vc_btn title=&#8221;Telli Quaker Houghton kaupu e-tellimiskeskusest&#8221; color=&#8221;black&#8221; align=&#8221;center&#8221; link=&#8221;url:https%3A%2F%2Fpood.jungent.eu%2Fcatalogsearch%2Fresult%2F%3Fmanufacturer%3DQuaker%2BHoughton%26q%3DQuaker%2BHoughton||target:%20_blank|&#8221;][\/vc_column][\/vc_row][vc_row el_class=&#8221;container&#8221;][vc_column][vc_empty_space]\n\t\t\t<!-- START Quaker_Houghton_slider Eesti REVOLUTION SLIDER 6.7.38 --><p class=\"rs-p-wp-fix\"><\/p>\n\t\t\t<rs-module-wrap id=\"rev_slider_24_1_wrapper\" data-source=\"gallery\" style=\"visibility:hidden;background:transparent;padding:0;margin:0px auto;margin-top:0;margin-bottom:0;\">\n\t\t\t\t<rs-module id=\"rev_slider_24_1\" style=\"\" data-version=\"6.7.38\">\n\t\t\t\t\t<rs-slides style=\"overflow: hidden; position: absolute;\">\n\t\t\t\t\t\t<rs-slide style=\"position: absolute;\" data-key=\"rs-62\" data-title=\"Slide\" data-anim=\"ms:1000;r:0;\" data-in=\"o:0;\" data-out=\"a:false;\">\n\t\t\t\t\t\t\t<img decoding=\"async\" src=\"\/\/oil.jungent.eu\/wp-content\/plugins\/revslider\/sr6\/assets\/assets\/dummy.png\" alt=\"Slide\" title=\"QUAKER HOUGHTON\" class=\"rev-slidebg tp-rs-img rs-lazyload\" data-lazyload=\"\/\/oil.jungent.eu\/wp-content\/plugins\/revslider\/sr6\/assets\/assets\/transparent.png\" data-no-retina>\n<!--\n\t\t\t\t\t\t\t--><a id=\"slider-24-slide-62-layer-2\" class=\"rs-layer\" href=\"https:\/\/oil.jungent.eu\/media\/bro_QH_Transition_Day1_Email_EN.pdf\" target=\"_blank\" rel=\"nofollow noopener\" data-type=\"image\" data-rsp_ch=\"on\" data-text=\"w:normal;s:20,16,12,7;l:0,20,15,9;\" data-dim=\"w:[&#039;100%&#039;,&#039;100%&#039;,&#039;100%&#039;,&#039;100%&#039;];\" data-frame_1=\"st:5280;sR:5280;\" data-frame_999=\"o:0;st:w;sR:3420;\" data-tloop=\"u:true;\" style=\"z-index:8;\"><img decoding=\"async\" src=\"\/\/oil.jungent.eu\/wp-content\/plugins\/revslider\/sr6\/assets\/assets\/dummy.png\" alt=\"quaker_houghton_plant\" class=\"tp-rs-img rs-lazyload\" width=\"2560\" height=\"1707\" data-lazyload=\"\/\/oil.jungent.eu\/wp-content\/uploads\/2019\/11\/Drum_188_edit_with-bg-scaled.jpg\" data-no-retina> \n\t\t\t\t\t\t\t<\/a><!--\n\n\t\t\t\t\t\t\t--><a id=\"slider-24-slide-62-layer-3\" class=\"rs-layer rev-btn rev-hiddenicon\" href=\"https:\/\/oil.jungent.eu\/media\/Koos_edasi.pdf\" target=\"_blank\" rel=\"nofollow noopener\" data-type=\"button\" data-rsp_ch=\"on\" data-xy=\"xo:951px,785px,596px,367px;yo:727px,600px,455px,280px;\" data-text=\"w:normal;s:14,11,8,4;l:18,14,10,6;ls:1,0,0,0;\" data-dim=\"minh:0px,none,none,none;\" data-padding=\"t:10,8,6,4;r:30,25,19,12;b:10,8,6,4;l:30,25,19,12;\" data-border=\"bor:30px,30px,30px,30px;\" data-frame_1=\"st:5320;sR:5320;\" data-frame_999=\"o:0;st:w;sR:3380;\" data-frame_hover=\"c:#000;bgc:#fff;bor:30px,30px,30px,30px;sp:200;\" style=\"z-index:12;background-color:rgba(0,0,0,0.75);font-family:&#039;Roboto&#039;;text-transform:uppercase;\">Vaata kataloogi<i class=\"fa-chevron-right\"><\/i> \n\t\t\t\t\t\t\t<\/a><!--\n\n\t\t\t\t\t\t\t--><rs-layer\n\t\t\t\t\t\t\t\tid=\"slider-24-slide-62-layer-4\" \n\t\t\t\t\t\t\t\tclass=\"rs-layer-video intrinsic-ignore\"\n\t\t\t\t\t\t\t\tdata-type=\"video\"\n\t\t\t\t\t\t\t\tdata-rsp_ch=\"on\"\n\t\t\t\t\t\t\t\tdata-xy=\"xo:124px,102px,77px,47px;yo:61px,50px,37px,22px;\"\n\t\t\t\t\t\t\t\tdata-text=\"w:normal;s:20,16,12,7;l:0,20,15,9;\"\n\t\t\t\t\t\t\t\tdata-dim=\"w:1000,825,626,386;h:600px,495px,376px,231px;\"\n\t\t\t\t\t\t\t\tdata-video=\"vfc:true;vd:100;l:false;ptimer:false;vc:t;\"\n\t\t\t\t\t\t\t\tdata-mp4=\"\/\/oil.jungent.eu\/wp-content\/uploads\/2019\/11\/QH_Drum_Filling_Up_Animation.mp4\"\n\t\t\t\t\t\t\t\tdata-frame_999=\"o:0;st:5020;sR:4720;\"\n\t\t\t\t\t\t\t\tstyle=\"z-index:9;\"\n\t\t\t\t\t\t\t>\n\t\t\t\t\t\t\t<\/rs-layer><!--\n\n\t\t\t\t\t\t\t--><a id=\"slider-24-slide-62-layer-6\" class=\"rs-layer\" href=\"https:\/\/oil.jungent.eu\/media\/Koos_edasi.pdf\" target=\"_blank\" rel=\"nofollow noopener\" data-type=\"image\" data-rsp_ch=\"on\" data-text=\"w:normal;s:20,16,12,7;l:0,20,15,9;\" data-dim=\"w:[&#039;100%&#039;,&#039;100%&#039;,&#039;100%&#039;,&#039;100%&#039;];\" data-frame_1=\"st:8700;sR:8700;\" data-frame_999=\"o:0;st:w;\" style=\"z-index:11;\"><img decoding=\"async\" src=\"\/\/oil.jungent.eu\/wp-content\/plugins\/revslider\/sr6\/assets\/assets\/dummy.png\" alt=\"\" class=\"tp-rs-img rs-lazyload\" width=\"1366\" height=\"835\" data-lazyload=\"\/\/oil.jungent.eu\/wp-content\/uploads\/2019\/12\/Pages-from-bro_QH_Transition_Day1_Email_EE.png\" data-no-retina> \n\t\t\t\t\t\t\t<\/a><!--\n-->\t\t\t\t\t<\/rs-slide>\n\t\t\t\t\t<\/rs-slides>\n\t\t\t\t<\/rs-module>\n\t\t\t\t<script>\n\t\t\t\t\tsetREVStartSize({c: 'rev_slider_24_1',rl:[1240,1024,778,480],el:[800,300,300,300],gw:[1240,1024,778,480],gh:[800,300,300,300],type:'standard',justify:'',layout:'fullwidth',mh:\"0\"});if (window.RS_MODULES!==undefined && window.RS_MODULES.modules!==undefined && window.RS_MODULES.modules[\"revslider241\"]!==undefined) {window.RS_MODULES.modules[\"revslider241\"].once = false;window.revapi24 = undefined;if (window.RS_MODULES.checkMinimal!==undefined) window.RS_MODULES.checkMinimal()}\n\t\t\t\t<\/script>\n\t\t\t<\/rs-module-wrap>\n\t\t\t<!-- END REVOLUTION SLIDER -->\n[\/vc_column][vc_column][\/vc_column][vc_column][\/vc_column][\/vc_row][vc_row el_class=&#8221;partner-section&#8221;][vc_column][vc_column_text]\n<h2>Quaker Houghton &#8211; \u00fclemaailmne liider t\u00f6\u00f6stuslike protsessvedelike tootmisel metallit\u00f6\u00f6stusettev\u00f5tetele<\/h2>\n[\/vc_column_text][vc_column_text el_class=&#8221;custom-container&#8221;]\r\n            <style type=\"text\/css\">\r\n\r\n                \r\n                                .lcs_logo_container a.lcs_logo_link:hover { border: 1px solid #A0A0A0; ?>; }\r\n                .lcs_logo_container a:hover img { -moz-transform: scale(1.05); -webkit-transform: scale(1.05); -o-transform: scale(1.05); -ms-transform: scale(1.05); transform: scale(1.05); }\r\n                                                .lcs_logo_container a.lcs_logo_link { border: 1px solid #d6d4d4; }\r\n                                #lcs_logo_carousel_wrapper .owl-nav {\r\n                    position: absolute;\r\n                    margin-top: 0;\r\n                }\r\n\r\n                \/* TOP Right*\/\r\n                                #lcs_logo_carousel_wrapper .owl-nav {\r\n                    right: 0;\r\n                    top: -34px;\r\n                }\r\n                                \/* TOP Left*\/\r\n                \r\n                #lcs_logo_carousel_wrapper .owl-nav div {\r\n                    background: #ffffff;\r\n                    border-radius: 2px;\r\n                    margin: 2px;\r\n                    padding: 0;\r\n                    width: 27px;\r\n                    height: 27px;\r\n                    line-height: 20px;\r\n                    font-size: 22px;\r\n                    color: #ccc;\r\n                    border: 1px solid #ccc;\r\n                    opacity: 1;\r\n                    z-index: 999;\r\n                    -moz-transition: all 0.3s linear;\r\n                    -o-transition: all 0.3s linear;\r\n                    -webkit-transition: all 0.3s linear;\r\n                    transition: all 0.3s linear;\r\n            <\/style>\r\n\r\n                        <div id=\"lcs_logo_carousel_wrapper\">\r\n                <div id=\"lcs_logo_carousel_slider\" class=\"owl-carousel owl-theme\">\r\n                    \r\n                                                <div class=\"lcs_logo_container\">\r\n\r\n\r\n                                                            <a class=\"lcs_logo_link not_active\">\r\n                                    <img decoding=\"async\" src=\"https:\/\/oil.jungent.eu\/wp-content\/uploads\/2019\/11\/quaker_houghton_logo_square.png\" alt=\"Quaker_Houghton\" \/>                                <\/a>\r\n                                                                                <\/div>\r\n                    \r\n                                                <div class=\"lcs_logo_container\">\r\n\r\n\r\n                                                            <a class=\"lcs_logo_link not_active\">\r\n                                    <img decoding=\"async\" src=\"https:\/\/oil.jungent.eu\/wp-content\/uploads\/2019\/03\/1480349137-JohnDeere_logo_500_334_85-e1603888343988.jpg\" alt=\"John Deere logo Jungent\" \/>                                <\/a>\r\n                                                                                <\/div>\r\n                    \r\n                                                <div class=\"lcs_logo_container\">\r\n\r\n\r\n                                                            <a class=\"lcs_logo_link not_active\">\r\n                                    <img decoding=\"async\" src=\"https:\/\/oil.jungent.eu\/wp-content\/uploads\/2019\/03\/1480350223-MercedesBenz_logo_500_400_85-e1603888467403.jpg\" alt=\"Mercedes-Benz logo Jungent\" \/>                                <\/a>\r\n                                                                                <\/div>\r\n                    \r\n                                                <div class=\"lcs_logo_container\">\r\n\r\n\r\n                                                            <a class=\"lcs_logo_link not_active\">\r\n                                    <img decoding=\"async\" src=\"https:\/\/oil.jungent.eu\/wp-content\/uploads\/2019\/03\/1480352230-DeutzFahr_logo_500_377_85-e1603888584558.jpg\" alt=\"Deutz Fahr logo Jungent\" \/>                                <\/a>\r\n                                                                                <\/div>\r\n                    \r\n                                                <div class=\"lcs_logo_container\">\r\n\r\n\r\n                                                            <a class=\"lcs_logo_link not_active\">\r\n                                    <img decoding=\"async\" src=\"https:\/\/oil.jungent.eu\/wp-content\/uploads\/2019\/03\/Chrysler.png\" alt=\"\" \/>                                <\/a>\r\n                                                                                <\/div>\r\n                    \r\n                                                <div class=\"lcs_logo_container\">\r\n\r\n\r\n                                                            <a class=\"lcs_logo_link not_active\">\r\n                                    <img decoding=\"async\" src=\"https:\/\/oil.jungent.eu\/wp-content\/uploads\/2019\/03\/DODGE.png\" alt=\"\" \/>                                <\/a>\r\n                                                                                <\/div>\r\n                    \r\n                                                <div class=\"lcs_logo_container\">\r\n\r\n\r\n                                                            <a class=\"lcs_logo_link not_active\">\r\n                                    <img decoding=\"async\" src=\"https:\/\/oil.jungent.eu\/wp-content\/uploads\/2019\/03\/ferrari-e1603887869395.jpg\" alt=\"Ferrari logo Jungent\" \/>                                <\/a>\r\n                                                                                <\/div>\r\n                    \r\n                                                <div class=\"lcs_logo_container\">\r\n\r\n\r\n                                                            <a class=\"lcs_logo_link not_active\">\r\n                                    <img decoding=\"async\" src=\"https:\/\/oil.jungent.eu\/wp-content\/uploads\/2019\/03\/gm-e1603888653474.jpg\" alt=\"Gm logo Jungent\" \/>                                <\/a>\r\n                                                                                <\/div>\r\n                    \r\n                                                <div class=\"lcs_logo_container\">\r\n\r\n\r\n                                                            <a class=\"lcs_logo_link not_active\">\r\n                                    <img decoding=\"async\" src=\"https:\/\/oil.jungent.eu\/wp-content\/uploads\/2019\/03\/hyundai_logo-e1603888074431.jpg\" alt=\"\" \/>                                <\/a>\r\n                                                                                <\/div>\r\n                    \r\n                                                <div class=\"lcs_logo_container\">\r\n\r\n\r\n                                                            <a class=\"lcs_logo_link not_active\">\r\n                                    <img decoding=\"async\" src=\"https:\/\/oil.jungent.eu\/wp-content\/uploads\/2019\/03\/jeep-e1603888696664.jpg\" alt=\"Jeep logo Jungent\" \/>                                <\/a>\r\n                                                                                <\/div>\r\n                    \r\n                                                <div class=\"lcs_logo_container\">\r\n\r\n\r\n                                                            <a class=\"lcs_logo_link not_active\">\r\n                                    <img decoding=\"async\" src=\"https:\/\/oil.jungent.eu\/wp-content\/uploads\/2019\/03\/ram-e1603888724663.jpg\" alt=\"Ram logo Jungent\" \/>                                <\/a>\r\n                                                                                <\/div>\r\n                    \r\n                                                <div class=\"lcs_logo_container\">\r\n\r\n\r\n                                                            <a class=\"lcs_logo_link not_active\">\r\n                                    <img decoding=\"async\" src=\"https:\/\/oil.jungent.eu\/wp-content\/uploads\/2019\/03\/Renault.png\" alt=\"\" \/>                                <\/a>\r\n                                                                                <\/div>\r\n                    \r\n                                                <div class=\"lcs_logo_container\">\r\n\r\n\r\n                                                            <a class=\"lcs_logo_link not_active\">\r\n                                    <img decoding=\"async\" src=\"https:\/\/oil.jungent.eu\/wp-content\/uploads\/2019\/03\/scania-e1603888770105.jpg\" alt=\"Scania logo Jungent\" \/>                                <\/a>\r\n                                                                                <\/div>\r\n                    \r\n                                                <div class=\"lcs_logo_container\">\r\n\r\n\r\n                                                            <a class=\"lcs_logo_link not_active\">\r\n                                    <img decoding=\"async\" src=\"https:\/\/oil.jungent.eu\/wp-content\/uploads\/2019\/03\/sdf-e1603888796304.jpg\" alt=\"Sdf logo Jungent\" \/>                                <\/a>\r\n                                                                                <\/div>\r\n                    \r\n                                                <div class=\"lcs_logo_container\">\r\n\r\n\r\n                                                            <a class=\"lcs_logo_link not_active\">\r\n                                    <img decoding=\"async\" src=\"https:\/\/oil.jungent.eu\/wp-content\/uploads\/2019\/03\/suzuki-e1603888820265.jpg\" alt=\"Suzuki logo Jungent\" \/>                                <\/a>\r\n                                                                                <\/div>\r\n                    \r\n                                                <div class=\"lcs_logo_container\">\r\n\r\n\r\n                                                            <a class=\"lcs_logo_link not_active\">\r\n                                    <img decoding=\"async\" src=\"https:\/\/oil.jungent.eu\/wp-content\/uploads\/2019\/03\/partner6.png\" alt=\"Isuzu logo Jungent\" \/>                                <\/a>\r\n                                                                                <\/div>\r\n                    \r\n                                                <div class=\"lcs_logo_container\">\r\n\r\n\r\n                                                            <a class=\"lcs_logo_link not_active\">\r\n                                    <img decoding=\"async\" src=\"https:\/\/oil.jungent.eu\/wp-content\/uploads\/2019\/03\/partner5.png\" alt=\"\" \/>                                <\/a>\r\n                                                                                <\/div>\r\n                    \r\n                                                <div class=\"lcs_logo_container\">\r\n\r\n\r\n                                                            <a class=\"lcs_logo_link not_active\">\r\n                                    <img decoding=\"async\" src=\"https:\/\/oil.jungent.eu\/wp-content\/uploads\/2019\/03\/partner4.png\" alt=\"\" \/>                                <\/a>\r\n                                                                                <\/div>\r\n                    \r\n                                                <div class=\"lcs_logo_container\">\r\n\r\n\r\n                                                            <a class=\"lcs_logo_link not_active\">\r\n                                    <img decoding=\"async\" src=\"https:\/\/oil.jungent.eu\/wp-content\/uploads\/2019\/03\/partner3.png\" alt=\"Bosch logo Jungent\" \/>                                <\/a>\r\n                                                                                <\/div>\r\n                    \r\n                                                <div class=\"lcs_logo_container\">\r\n\r\n\r\n                                                            <a class=\"lcs_logo_link not_active\">\r\n                                    <img decoding=\"async\" src=\"https:\/\/oil.jungent.eu\/wp-content\/uploads\/2019\/03\/partner2.png\" alt=\"\" \/>                                <\/a>\r\n                                                                                <\/div>\r\n                    \r\n                                                <div class=\"lcs_logo_container\">\r\n\r\n\r\n                                                            <a class=\"lcs_logo_link not_active\">\r\n                                    <img decoding=\"async\" src=\"https:\/\/oil.jungent.eu\/wp-content\/uploads\/2019\/03\/BMW.png\" alt=\"\" \/>                                <\/a>\r\n                                                                                <\/div>\r\n                                                        <\/div> <!-- End lcs_logo_carousel_slider -->\r\n            <\/div> <!--ends #lcs_logo_carousel_wrapper-->\r\n\r\n            <!--UPDATED Carousel VERSION CODE-->\r\n            <!--INITIALIZE THE SLIDER-->\r\n            <script>\r\n                jQuery(document).ready(function($){\r\n                    var logoSlider = $(\"#lcs_logo_carousel_slider\");\r\n\r\n                    logoSlider.owlCarousel({\r\n                        loop:true,\r\n                        autoWidth:false,\r\n                        responsiveClass:true,\r\n                        dots:true,\r\n                        autoplay:true,\r\n\r\n                        autoplayTimeout: 4000,\r\n                        autoplayHoverPause: false,\r\n                        dotData:true,\r\n                        dotsEach:false,\r\n                        slideBy:1,\r\n                        rtl:false,\r\n                        nav:false,\r\n                        navText:['\u2039','\u203a'],\r\n                        smartSpeed: 1000, \/\/ it smooths the transition\r\n                        responsive:{\r\n                            0 : {\r\n                                items:2\r\n                            },\r\n                            500: {\r\n                                items:3\r\n                            },\r\n                            600 : {\r\n                                items:3\r\n                            },\r\n                            768:{\r\n                                items:4\r\n                            },\r\n                            1199:{\r\n                                items:6                            }\r\n                        }\r\n                    });\r\n\r\n\r\n                    \/\/ custom navigation button for slider\r\n                    \/\/ at first. let us cache the element\r\n                    var $lcs_wrap = $('#lcs_logo_carousel_wrapper');\r\n                    \/\/ Go to the next item\r\n                    $lcs_wrap.on('click', '.prev', function () {\r\n                        logoSlider.trigger('prev.owl.carousel');\r\n                    });\r\n\r\n                    \/\/ Go to the previous item\r\n                    $lcs_wrap.on('click', '.next', function () {\r\n                        \/\/ With optional speed parameter\r\n                        \/\/ Parameters has to be in square bracket '[]'\r\n                        logoSlider.trigger('next.owl.carousel');\r\n                    })\r\n\r\n\r\n                });\r\n            <\/script>\r\n            [\/vc_column_text][\/vc_column][\/vc_row][vc_row][vc_column][\/vc_column][\/vc_row]\n<\/div>","protected":false},"excerpt":{"rendered":"<p>[vc_row el_class=&#8221;container&#8221;][vc_column][vc_empty_space][vc_custom_heading text=&#8221;Quaker Houghton : katame k\u00f5ik teie t\u00f6\u00f6stuslike protsessi\u00f5lide vajadused&#8221; use_theme_fonts=&#8221;yes&#8221;][vc_empty_space][\/vc_column][\/vc_row][vc_row equal_height=&#8221;yes&#8221; el_class=&#8221;container&#8221;][vc_column width=&#8221;1\/4&#8243;][vc_single_image image=&#8221;4833&#8243; img_size=&#8221;300&#215;300&#8243; onclick=&#8221;custom_link&#8221; link=&#8221;https:\/\/oil.jungent.eu\/en\/other-products\/quaker-houghton\/&#8221;][vc_btn title=&#8221;Vaata kataloogi&#8221; color=&#8221;black&#8221; align=&#8221;center&#8221; link=&#8221;url:https%3A%2F%2Foil.jungent.eu%2Fmedia%2FKoos_edasi.pdf||target:%20_blank|&#8221; el_class=&#8221;container blog-post&#8221;][\/vc_column][vc_column width=&#8221;1\/2&#8243;][vc_empty_space][vc_column_text] Quaker Houghton on t\u00f6\u00f6stuslike protsess\u00f5lide valdkonna \u00fclemaailmne liider. Meie klientide hulgas on tuhanded maailma k\u00f5ige arenenumad terase-, alumiiniumi-, auto-, kosmoset\u00f6\u00f6stus-, avamere-, purgi-, kaevandus- ja metallit\u00f6\u00f6stusettev\u00f5tted. Meie k\u00f5rge j\u00f5udlusega, uuenduslikke ja j\u00e4tkusuutlikke lahendusi toetavad oma klassi parim tehnoloogia, p\u00f5hjalikud teadmised protsesside kohta ja kohandatud teenused. Quaker Houghtoni peakontor asub Conshohockenis Pennsylvanias, mis asub USA-s Philadelphia l\u00e4hedal. Jungent on Quaker Houghtoni toodete turustaja Baltikumis.[\/vc_column_text][\/vc_column][vc_column width=&#8221;1\/4&#8243;][\/vc_column][\/vc_row][vc_row][vc_column][vc_btn title=&#8221;Telli Quaker Houghton kaupu e-tellimiskeskusest&#8221; color=&#8221;black&#8221; align=&#8221;center&#8221; link=&#8221;url:https%3A%2F%2Fpood.jungent.eu%2Fcatalogsearch%2Fresult%2F%3Fmanufacturer%3DQuaker%2BHoughton%26q%3DQuaker%2BHoughton||target:%20_blank|&#8221;][\/vc_column][\/vc_row][vc_row el_class=&#8221;container&#8221;][vc_column][vc_empty_space][\/vc_column][vc_column][\/vc_column][vc_column][\/vc_column][\/vc_row][vc_row el_class=&#8221;partner-section&#8221;][vc_column][vc_column_text] Quaker Houghton &#8211; \u00fclemaailmne liider t\u00f6\u00f6stuslike protsessvedelike tootmisel metallit\u00f6\u00f6stusettev\u00f5tetele [\/vc_column_text][vc_column_text el_class=&#8221;custom-container&#8221;][\/vc_column_text][\/vc_column][\/vc_row][vc_row][vc_column][\/vc_column][\/vc_row]<\/p>\n","protected":false},"author":4,"featured_media":4833,"parent":922,"menu_order":1,"comment_status":"closed","ping_status":"closed","template":"","meta":{"_acf_changed":false,"_monsterinsights_skip_tracking":false,"_monsterinsights_sitenote_active":false,"_monsterinsights_sitenote_note":"","_monsterinsights_sitenote_category":0,"footnotes":""},"class_list":["post-4943","page","type-page","status-publish","has-post-thumbnail","hentry"],"acf":[],"_links":{"self":[{"href":"https:\/\/oil.jungent.eu\/et\/wp-json\/wp\/v2\/pages\/4943","targetHints":{"allow":["GET"]}}],"collection":[{"href":"https:\/\/oil.jungent.eu\/et\/wp-json\/wp\/v2\/pages"}],"about":[{"href":"https:\/\/oil.jungent.eu\/et\/wp-json\/wp\/v2\/types\/page"}],"author":[{"embeddable":true,"href":"https:\/\/oil.jungent.eu\/et\/wp-json\/wp\/v2\/users\/4"}],"replies":[{"embeddable":true,"href":"https:\/\/oil.jungent.eu\/et\/wp-json\/wp\/v2\/comments?post=4943"}],"version-history":[{"count":18,"href":"https:\/\/oil.jungent.eu\/et\/wp-json\/wp\/v2\/pages\/4943\/revisions"}],"predecessor-version":[{"id":10955,"href":"https:\/\/oil.jungent.eu\/et\/wp-json\/wp\/v2\/pages\/4943\/revisions\/10955"}],"up":[{"embeddable":true,"href":"https:\/\/oil.jungent.eu\/et\/wp-json\/wp\/v2\/pages\/922"}],"wp:featuredmedia":[{"embeddable":true,"href":"https:\/\/oil.jungent.eu\/et\/wp-json\/wp\/v2\/media\/4833"}],"wp:attachment":[{"href":"https:\/\/oil.jungent.eu\/et\/wp-json\/wp\/v2\/media?parent=4943"}],"curies":[{"name":"wp","href":"https:\/\/api.w.org\/{rel}","templated":true}]}}