{"id":4486,"date":"2019-09-26T09:04:09","date_gmt":"2019-09-26T07:04:09","guid":{"rendered":"https:\/\/oil.jungent.eu\/?page_id=4486"},"modified":"2019-09-26T09:11:41","modified_gmt":"2019-09-26T07:11:41","slug":"tooteinfo-puudub","status":"publish","type":"page","link":"https:\/\/oil.jungent.eu\/et\/tooteinfo-puudub\/","title":{"rendered":"Tooteinfo puudub"},"content":{"rendered":"<div class=\"wpb-content-wrapper\">[vc_row el_class=&#8221;container&#8221;][vc_column][vc_empty_space height=&#8221;60px&#8221;][vc_column_text]\n<h2 style=\"text-align: center;\">Vabandame, see leht on veel t\u00e4iendamisel! Juhul, kui soovite t\u00e4pset infot, palun v\u00f5tke \u00fchendust meie m\u00fc\u00fcgimeeskonnaga.<\/h2>\n[\/vc_column_text][\/vc_column][\/vc_row]\n<\/div>","protected":false},"excerpt":{"rendered":"<p>[vc_row el_class=&#8221;container&#8221;][vc_column][vc_empty_space height=&#8221;60px&#8221;][vc_column_text] Vabandame, see leht on veel t\u00e4iendamisel! Juhul, kui soovite t\u00e4pset infot, palun v\u00f5tke \u00fchendust meie m\u00fc\u00fcgimeeskonnaga. [\/vc_column_text][\/vc_column][\/vc_row]<\/p>\n","protected":false},"author":2,"featured_media":0,"parent":0,"menu_order":0,"comment_status":"closed","ping_status":"closed","template":"","meta":{"_acf_changed":false,"_monsterinsights_skip_tracking":false,"_monsterinsights_sitenote_active":false,"_monsterinsights_sitenote_note":"","_monsterinsights_sitenote_category":0,"footnotes":""},"class_list":["post-4486","page","type-page","status-publish","hentry"],"acf":[],"_links":{"self":[{"href":"https:\/\/oil.jungent.eu\/et\/wp-json\/wp\/v2\/pages\/4486","targetHints":{"allow":["GET"]}}],"collection":[{"href":"https:\/\/oil.jungent.eu\/et\/wp-json\/wp\/v2\/pages"}],"about":[{"href":"https:\/\/oil.jungent.eu\/et\/wp-json\/wp\/v2\/types\/page"}],"author":[{"embeddable":true,"href":"https:\/\/oil.jungent.eu\/et\/wp-json\/wp\/v2\/users\/2"}],"replies":[{"embeddable":true,"href":"https:\/\/oil.jungent.eu\/et\/wp-json\/wp\/v2\/comments?post=4486"}],"version-history":[{"count":9,"href":"https:\/\/oil.jungent.eu\/et\/wp-json\/wp\/v2\/pages\/4486\/revisions"}],"predecessor-version":[{"id":4495,"href":"https:\/\/oil.jungent.eu\/et\/wp-json\/wp\/v2\/pages\/4486\/revisions\/4495"}],"wp:attachment":[{"href":"https:\/\/oil.jungent.eu\/et\/wp-json\/wp\/v2\/media?parent=4486"}],"curies":[{"name":"wp","href":"https:\/\/api.w.org\/{rel}","templated":true}]}}